{"id":100,"date":"2025-09-23T13:56:34","date_gmt":"2025-09-23T11:56:34","guid":{"rendered":"https:\/\/ahassan.inscastellbisbal.net\/?page_id=100"},"modified":"2025-11-24T09:18:13","modified_gmt":"2025-11-24T08:18:13","slug":"configuracion-de-signatura","status":"publish","type":"page","link":"https:\/\/ahassan.inscastellbisbal.net\/?page_id=100","title":{"rendered":"Configuracion de signatura."},"content":{"rendered":"\n<h4 class=\"wp-block-heading\">1. <strong>Gmail<\/strong><\/h4>\n\n\n\n<ul class=\"wp-block-list\">\n<li>Obre Gmail.<\/li>\n<\/ul>\n\n\n\n<figure class=\"wp-block-image size-full\"><img loading=\"lazy\" decoding=\"async\" width=\"262\" height=\"49\" src=\"https:\/\/ahassan.inscastellbisbal.net\/wp-content\/uploads\/2025\/09\/Screenshot-2025-09-23-at-13-50-58-Safata-dentrada-8-ali.hassan34920@gmail.com-Gmail-1.png\" alt=\"\" class=\"wp-image-103\"\/><\/figure>\n\n\n\n<ul class=\"wp-block-list\">\n<li>A la cantonada superior dreta, feu clic a la icona d&#8217;engranatge (Configuraci\u00f3) i despr\u00e9s a \u201cVeure tota la configuraci\u00f3\u201d.<\/li>\n<\/ul>\n\n\n\n<figure class=\"wp-block-image size-large\"><img loading=\"lazy\" decoding=\"async\" width=\"1024\" height=\"499\" src=\"https:\/\/ahassan.inscastellbisbal.net\/wp-content\/uploads\/2025\/09\/Screenshot-2025-09-23-at-13-51-17-Configuracio-ali.hassan34920@gmail.com-Gmail-1024x499.png\" alt=\"\" class=\"wp-image-104\" srcset=\"https:\/\/ahassan.inscastellbisbal.net\/wp-content\/uploads\/2025\/09\/Screenshot-2025-09-23-at-13-51-17-Configuracio-ali.hassan34920@gmail.com-Gmail-1024x499.png 1024w, https:\/\/ahassan.inscastellbisbal.net\/wp-content\/uploads\/2025\/09\/Screenshot-2025-09-23-at-13-51-17-Configuracio-ali.hassan34920@gmail.com-Gmail-300x146.png 300w, https:\/\/ahassan.inscastellbisbal.net\/wp-content\/uploads\/2025\/09\/Screenshot-2025-09-23-at-13-51-17-Configuracio-ali.hassan34920@gmail.com-Gmail-768x374.png 768w, https:\/\/ahassan.inscastellbisbal.net\/wp-content\/uploads\/2025\/09\/Screenshot-2025-09-23-at-13-51-17-Configuracio-ali.hassan34920@gmail.com-Gmail-1536x749.png 1536w, https:\/\/ahassan.inscastellbisbal.net\/wp-content\/uploads\/2025\/09\/Screenshot-2025-09-23-at-13-51-17-Configuracio-ali.hassan34920@gmail.com-Gmail.png 1920w\" sizes=\"auto, (max-width: 1024px) 100vw, 1024px\" \/><\/figure>\n\n\n\n<ul class=\"wp-block-list\">\n<li>A la pestanya \u201cGeneral\u201d, baixa fins a la secci\u00f3 Firma.<\/li>\n<\/ul>\n\n\n\n<figure class=\"wp-block-image size-large\"><img loading=\"lazy\" decoding=\"async\" width=\"1024\" height=\"372\" src=\"https:\/\/ahassan.inscastellbisbal.net\/wp-content\/uploads\/2025\/09\/Screenshot-2025-09-23-at-13-51-48-Configuracio-ali.hassan34920@gmail.com-Gmail-1-1024x372.png\" alt=\"\" class=\"wp-image-105\" srcset=\"https:\/\/ahassan.inscastellbisbal.net\/wp-content\/uploads\/2025\/09\/Screenshot-2025-09-23-at-13-51-48-Configuracio-ali.hassan34920@gmail.com-Gmail-1-1024x372.png 1024w, https:\/\/ahassan.inscastellbisbal.net\/wp-content\/uploads\/2025\/09\/Screenshot-2025-09-23-at-13-51-48-Configuracio-ali.hassan34920@gmail.com-Gmail-1-300x109.png 300w, https:\/\/ahassan.inscastellbisbal.net\/wp-content\/uploads\/2025\/09\/Screenshot-2025-09-23-at-13-51-48-Configuracio-ali.hassan34920@gmail.com-Gmail-1-768x279.png 768w, https:\/\/ahassan.inscastellbisbal.net\/wp-content\/uploads\/2025\/09\/Screenshot-2025-09-23-at-13-51-48-Configuracio-ali.hassan34920@gmail.com-Gmail-1.png 1205w\" sizes=\"auto, (max-width: 1024px) 100vw, 1024px\" \/><\/figure>\n\n\n\n<ul class=\"wp-block-list\">\n<li>Fes clic a \u201cCrear nova\u201d, escriu el nom de la signatura i despr\u00e9s redacta la teva signatura al quadre de text.<\/li>\n\n\n\n<li>Pots incloure text, enlla\u00e7os, imatges i canviar el format.<\/li>\n\n\n\n<li>Finalment, baixa al final i fes clic a Desa els canvis.<\/li>\n<\/ul>\n\n\n\n<ol start=\"2\" class=\"wp-block-list\">\n<li>Outlook (versi\u00f3 web)<\/li>\n<\/ol>\n\n\n\n<p>Obre Outlook.<\/p>\n\n\n\n<p>Feu clic a la icona d&#8217;engranatge a dalt a la dreta.<\/p>\n\n\n\n<p>A la barra lateral, cerqueu i seleccioneu Visualitza tota la configuraci\u00f3 d&#8217;Outlook.<\/p>\n\n\n\n<p>Aneu a Correu &gt; Redactar i respondre.<\/p>\n\n\n\n<p>A la secci\u00f3 Signatura de correu electr\u00f2nic, escriu o enganxa la teva signatura.<\/p>\n\n\n\n<p>Podeu activar que la signatura s&#8217;afegeixi autom\u00e0ticament als missatges nous i respostes.<\/p>\n\n\n\n<p>Desa els canvis.<\/p>\n\n\n\n<ol start=\"3\" class=\"wp-block-list\">\n<li>Outlook (programa d&#8217;escriptori)<\/li>\n<\/ol>\n\n\n\n<p>Aneu a la pestanya Fitxer &gt; Opcions &gt; Correu.<\/p>\n\n\n\n<p>Fes clic a Firmas\u2026.<\/p>\n\n\n\n<p>Crea una signatura nova, escriu el teu text, format, imatges, etc.<\/p>\n\n\n\n<p>Assigna la signatura per a nous missatges o respostes.<\/p>\n\n\n\n<p>Guarda i tanca.<\/p>\n\n\n\n<hr class=\"wp-block-separator has-alpha-channel-opacity\"\/>\n\n\n\n<p>per exemple, aqu\u00ed teniu la meva signatura que tinc desada al meu Gmail<\/p>\n\n\n\n<figure class=\"wp-block-image size-large\"><img loading=\"lazy\" decoding=\"async\" width=\"1024\" height=\"284\" src=\"https:\/\/ahassan.inscastellbisbal.net\/wp-content\/uploads\/2025\/10\/Screenshot-2025-10-20-at-13-53-16-sense-assumpte-ali.hassan34920@gmail.com-Gmail-1-1024x284.png\" alt=\"\" class=\"wp-image-657\" srcset=\"https:\/\/ahassan.inscastellbisbal.net\/wp-content\/uploads\/2025\/10\/Screenshot-2025-10-20-at-13-53-16-sense-assumpte-ali.hassan34920@gmail.com-Gmail-1-1024x284.png 1024w, https:\/\/ahassan.inscastellbisbal.net\/wp-content\/uploads\/2025\/10\/Screenshot-2025-10-20-at-13-53-16-sense-assumpte-ali.hassan34920@gmail.com-Gmail-1-300x83.png 300w, https:\/\/ahassan.inscastellbisbal.net\/wp-content\/uploads\/2025\/10\/Screenshot-2025-10-20-at-13-53-16-sense-assumpte-ali.hassan34920@gmail.com-Gmail-1-768x213.png 768w, https:\/\/ahassan.inscastellbisbal.net\/wp-content\/uploads\/2025\/10\/Screenshot-2025-10-20-at-13-53-16-sense-assumpte-ali.hassan34920@gmail.com-Gmail-1-1536x425.png 1536w, https:\/\/ahassan.inscastellbisbal.net\/wp-content\/uploads\/2025\/10\/Screenshot-2025-10-20-at-13-53-16-sense-assumpte-ali.hassan34920@gmail.com-Gmail-1.png 1849w\" sizes=\"auto, (max-width: 1024px) 100vw, 1024px\" \/><\/figure>\n\n\n\n<p><\/p>\n","protected":false},"excerpt":{"rendered":"<p>1. Gmail Obre Outlook. Feu clic a la icona d&#8217;engranatge a dalt a la dreta. A la barra lateral, cerqueu i seleccioneu Visualitza tota la configuraci\u00f3 d&#8217;Outlook. Aneu a Correu &gt; Redactar i respondre. A la secci\u00f3 Signatura de correu electr\u00f2nic, escriu o enganxa la teva signatura. Podeu activar que [&hellip;]<\/p>\n","protected":false},"author":1,"featured_media":0,"parent":78,"menu_order":0,"comment_status":"closed","ping_status":"closed","template":"","meta":{"footnotes":""},"class_list":["post-100","page","type-page","status-publish","hentry"],"_links":{"self":[{"href":"https:\/\/ahassan.inscastellbisbal.net\/index.php?rest_route=\/wp\/v2\/pages\/100","targetHints":{"allow":["GET"]}}],"collection":[{"href":"https:\/\/ahassan.inscastellbisbal.net\/index.php?rest_route=\/wp\/v2\/pages"}],"about":[{"href":"https:\/\/ahassan.inscastellbisbal.net\/index.php?rest_route=\/wp\/v2\/types\/page"}],"author":[{"embeddable":true,"href":"https:\/\/ahassan.inscastellbisbal.net\/index.php?rest_route=\/wp\/v2\/users\/1"}],"replies":[{"embeddable":true,"href":"https:\/\/ahassan.inscastellbisbal.net\/index.php?rest_route=%2Fwp%2Fv2%2Fcomments&post=100"}],"version-history":[{"count":4,"href":"https:\/\/ahassan.inscastellbisbal.net\/index.php?rest_route=\/wp\/v2\/pages\/100\/revisions"}],"predecessor-version":[{"id":658,"href":"https:\/\/ahassan.inscastellbisbal.net\/index.php?rest_route=\/wp\/v2\/pages\/100\/revisions\/658"}],"up":[{"embeddable":true,"href":"https:\/\/ahassan.inscastellbisbal.net\/index.php?rest_route=\/wp\/v2\/pages\/78"}],"wp:attachment":[{"href":"https:\/\/ahassan.inscastellbisbal.net\/index.php?rest_route=%2Fwp%2Fv2%2Fmedia&parent=100"}],"curies":[{"name":"wp","href":"https:\/\/api.w.org\/{rel}","templated":true}]}}