{"id":1094,"date":"2025-11-12T14:24:16","date_gmt":"2025-11-12T13:24:16","guid":{"rendered":"https:\/\/ahassan.inscastellbisbal.net\/?page_id=1094"},"modified":"2026-04-30T11:20:47","modified_gmt":"2026-04-30T09:20:47","slug":"configuracio-dels-clients","status":"publish","type":"page","link":"https:\/\/ahassan.inscastellbisbal.net\/?page_id=1094","title":{"rendered":"Configuraci\u00f3 dels clients"},"content":{"rendered":"\n<p><strong>Aspectes Clau de la Configuraci\u00f3 del Client<\/strong><\/p>\n\n\n\n<p>Adre\u00e7a <strong>IP<\/strong> (<strong>Internet Protocol<\/strong>): \u00c9s una etiqueta num\u00e8rica \u00fanica assignada a cada dispositiu <strong>connectat<\/strong> a una <strong>xarxa<\/strong> que utilitza el Protocol d&#8217;<strong>Internet<\/strong> per a la comunicaci\u00f3. \u00c9s l&#8217;identificador principal del <strong>client<\/strong> a la <strong>xarxa<\/strong>.<\/p>\n\n\n\n<p><strong>M\u00e0scara<\/strong> de Subxarxa: Defineix quina part de l&#8217;<strong>adre\u00e7a<\/strong> <strong>IP<\/strong> \u00e9s la <strong>xarxa<\/strong> i quina part \u00e9s el host, cosa que permet al <strong>client<\/strong> determinar si un altre dispositiu \u00e9s a la mateixa <strong>xarxa<\/strong> local o en una <strong>xarxa<\/strong> remota.<\/p>\n\n\n\n<p>Porta d&#8217;<strong>Enlla\u00e7<\/strong> Predeterminada (Default <strong>Gateway<\/strong>): \u00c9s l&#8217;<strong>adre\u00e7a<\/strong> <strong>IP<\/strong> del dispositiu (normalment el <strong>router<\/strong>) que permet al <strong>client<\/strong> comunicar-se amb dispositius fora de la pr\u00f2pia <strong>xarxa<\/strong> local (per exemple, accedir a <strong>Internet<\/strong>).<\/p>\n\n\n\n<p>Configuraci\u00f3 Autom\u00e0tica (<strong>DHCP<\/strong>):<\/p>\n\n\n\n<p>Qu\u00e8 \u00e9s? El <strong>client<\/strong> est\u00e0 configurat per obtenir <strong>autom\u00e0ticament<\/strong> la vostra <strong>adre\u00e7a<\/strong> <strong>IP<\/strong> i altres par\u00e0metres d&#8217;un servidor <strong>DHCP<\/strong> (Dynamic Host Configuration Protocol) a la <strong>xarxa<\/strong>.<\/p>\n\n\n\n<p>Configuraci\u00f3 Manual (Est\u00e0tica):<\/p>\n\n\n\n<p>Qu\u00e8 \u00e9s? L&#8217;administrador o usuari assigna manualment cadascun dels par\u00e0metres de <strong>xarxa<\/strong> (<strong>IP<\/strong>, <strong>m\u00e0scara<\/strong>, porta d&#8217;<strong>enlla\u00e7<\/strong>, <strong>DNS<\/strong>) al client.<\/p>\n\n\n\n<p>Avantatges: Assegura que el dispositiu tingui sempre la mateixa <strong>adre\u00e7a<\/strong> <strong>IP<\/strong>, <\/p>\n\n\n\n<p>per a la configuraci\u00f3 de l&#8217;entorn d&#8217;usuari heu de crear un grup d&#8217;usuaris amb el nom de tots els membres del vostre equip.<\/p>\n\n\n\n<figure class=\"wp-block-image size-large is-resized\"><img loading=\"lazy\" decoding=\"async\" width=\"1024\" height=\"768\" src=\"https:\/\/ahassan.inscastellbisbal.net\/wp-content\/uploads\/2025\/11\/20251112_083053-1024x768.jpg\" alt=\"\" class=\"wp-image-1077\" style=\"width:399px;height:auto\" srcset=\"https:\/\/ahassan.inscastellbisbal.net\/wp-content\/uploads\/2025\/11\/20251112_083053-1024x768.jpg 1024w, https:\/\/ahassan.inscastellbisbal.net\/wp-content\/uploads\/2025\/11\/20251112_083053-300x225.jpg 300w, https:\/\/ahassan.inscastellbisbal.net\/wp-content\/uploads\/2025\/11\/20251112_083053-768x576.jpg 768w, https:\/\/ahassan.inscastellbisbal.net\/wp-content\/uploads\/2025\/11\/20251112_083053-1536x1152.jpg 1536w, https:\/\/ahassan.inscastellbisbal.net\/wp-content\/uploads\/2025\/11\/20251112_083053-2048x1536.jpg 2048w\" sizes=\"auto, (max-width: 1024px) 100vw, 1024px\" \/><\/figure>\n\n\n\n<p>per exemple, aqu\u00ed he creat els usuaris i el grup.<\/p>\n\n\n\n<figure class=\"wp-block-image size-large is-resized\"><img loading=\"lazy\" decoding=\"async\" width=\"1024\" height=\"768\" src=\"https:\/\/ahassan.inscastellbisbal.net\/wp-content\/uploads\/2025\/11\/20251112_083814-1024x768.jpg\" alt=\"\" class=\"wp-image-1080\" style=\"width:411px;height:auto\" srcset=\"https:\/\/ahassan.inscastellbisbal.net\/wp-content\/uploads\/2025\/11\/20251112_083814-1024x768.jpg 1024w, https:\/\/ahassan.inscastellbisbal.net\/wp-content\/uploads\/2025\/11\/20251112_083814-300x225.jpg 300w, https:\/\/ahassan.inscastellbisbal.net\/wp-content\/uploads\/2025\/11\/20251112_083814-768x576.jpg 768w, https:\/\/ahassan.inscastellbisbal.net\/wp-content\/uploads\/2025\/11\/20251112_083814-1536x1152.jpg 1536w, https:\/\/ahassan.inscastellbisbal.net\/wp-content\/uploads\/2025\/11\/20251112_083814-2048x1536.jpg 2048w\" sizes=\"auto, (max-width: 1024px) 100vw, 1024px\" \/><\/figure>\n\n\n\n<p>ara per al Moodle primer has de tenir una bona connexi\u00f3 a Internet i anar al terminal del teu port\u00e0til i crear un usuari anomenat (Player)<\/p>\n\n\n\n<figure class=\"wp-block-image size-large is-resized\"><img loading=\"lazy\" decoding=\"async\" width=\"1024\" height=\"768\" src=\"https:\/\/ahassan.inscastellbisbal.net\/wp-content\/uploads\/2025\/11\/20251112_111512-1024x768.jpg\" alt=\"\" class=\"wp-image-1083\" style=\"width:406px;height:auto\" srcset=\"https:\/\/ahassan.inscastellbisbal.net\/wp-content\/uploads\/2025\/11\/20251112_111512-1024x768.jpg 1024w, https:\/\/ahassan.inscastellbisbal.net\/wp-content\/uploads\/2025\/11\/20251112_111512-300x225.jpg 300w, https:\/\/ahassan.inscastellbisbal.net\/wp-content\/uploads\/2025\/11\/20251112_111512-768x576.jpg 768w, https:\/\/ahassan.inscastellbisbal.net\/wp-content\/uploads\/2025\/11\/20251112_111512-1536x1152.jpg 1536w, https:\/\/ahassan.inscastellbisbal.net\/wp-content\/uploads\/2025\/11\/20251112_111512-2048x1536.jpg 2048w\" sizes=\"auto, (max-width: 1024px) 100vw, 1024px\" \/><\/figure>\n\n\n\n<figure class=\"wp-block-image size-full is-resized\"><img loading=\"lazy\" decoding=\"async\" width=\"439\" height=\"575\" src=\"https:\/\/ahassan.inscastellbisbal.net\/wp-content\/uploads\/2026\/04\/image-44.png\" alt=\"\" class=\"wp-image-2796\" style=\"width:370px;height:auto\" srcset=\"https:\/\/ahassan.inscastellbisbal.net\/wp-content\/uploads\/2026\/04\/image-44.png 439w, https:\/\/ahassan.inscastellbisbal.net\/wp-content\/uploads\/2026\/04\/image-44-229x300.png 229w\" sizes=\"auto, (max-width: 439px) 100vw, 439px\" \/><\/figure>\n\n\n\n<p>El compte <em>player<\/em> no disposa de cap autoritzaci\u00f3; en iniciar sessi\u00f3 et redirigeix autom\u00e0ticament al Moodle i les tecles queden deshabilitades.<\/p>\n\n\n\n<h1 class=\"wp-block-heading\">Alt<\/h1>\n\n\n\n<p>xmodmap -e \u201ckeycode 64 =\u201d&amp; # Alt izquierda<br>xmodmap -e \u201ckeycode 108 =\u201d&amp; # Alt derecha<\/p>\n\n\n\n<h1 class=\"wp-block-heading\">Ctrl<\/h1>\n\n\n\n<p>xmodmap -e \u201ckeycode 37 =\u201d&amp; # Ctrl izquierda<br>xmodmap -e \u201ckeycode 105 =\u201d&amp; # Ctrl derecha<\/p>\n\n\n\n<h1 class=\"wp-block-heading\">Tab<\/h1>\n\n\n\n<p>xmodmap -e \u201ckeycode 23 =\u201d&amp; # Tab<\/p>\n\n\n\n<h1 class=\"wp-block-heading\">Windows<\/h1>\n\n\n\n<p>xmodmap -e \u201ckeycode 133 =\u201d&amp;<br>xmodmap -e \u201ckeycode 134 =\u201d&amp;<br>)&amp;<\/p>\n\n\n\n<p>llavors has d&#8217;escriure aquesta <strong>commanda<\/strong>, \u00e9s per aix\u00f2 que no te&#8217;n pots <strong>sortir<\/strong>.<\/p>\n\n\n<p>#!\/bin\/bash<br \/>\nfirefox &#8211;kiosk http:\/\/educaciodigital.cat\/iescastellbisbal\/moodle\/<\/p>\n\n\n\n<p>despr\u00e9s feu clic a Intro i ja est\u00e0, la p\u00e0gina de Moodle s&#8217;obrir\u00e0 a la pantalla.<\/p>\n\n\n\n<figure class=\"wp-block-image size-large is-resized\"><img loading=\"lazy\" decoding=\"async\" width=\"1024\" height=\"768\" src=\"https:\/\/ahassan.inscastellbisbal.net\/wp-content\/uploads\/2025\/12\/20251212_0820581-1024x768.jpg\" alt=\"\" class=\"wp-image-1284\" style=\"width:435px;height:auto\" srcset=\"https:\/\/ahassan.inscastellbisbal.net\/wp-content\/uploads\/2025\/12\/20251212_0820581-1024x768.jpg 1024w, https:\/\/ahassan.inscastellbisbal.net\/wp-content\/uploads\/2025\/12\/20251212_0820581-300x225.jpg 300w, https:\/\/ahassan.inscastellbisbal.net\/wp-content\/uploads\/2025\/12\/20251212_0820581-768x576.jpg 768w, https:\/\/ahassan.inscastellbisbal.net\/wp-content\/uploads\/2025\/12\/20251212_0820581-1536x1152.jpg 1536w, https:\/\/ahassan.inscastellbisbal.net\/wp-content\/uploads\/2025\/12\/20251212_0820581-2048x1536.jpg 2048w\" sizes=\"auto, (max-width: 1024px) 100vw, 1024px\" \/><\/figure>\n\n\n<div class=\"wpforms-container wpforms-container-full wpforms-block wpforms-block-47dc1830-8d59-4896-9d4e-9e9383dd29df\" id=\"wpforms-764\"><form id=\"wpforms-form-764\" class=\"wpforms-validate wpforms-form\" data-formid=\"764\" method=\"post\" enctype=\"multipart\/form-data\" action=\"\/index.php?rest_route=%2Fwp%2Fv2%2Fpages%2F1094\" data-token=\"0bed34a744a676e1df5823f5038439b0\" data-token-time=\"1778157835\"><noscript class=\"wpforms-error-noscript\">Activeu el JavaScript al navegador per a poder completar el formulari.<\/noscript><div class=\"wpforms-field-container\"><div id=\"wpforms-764-field_0-container\" class=\"wpforms-field wpforms-field-name wpforms-one-half wpforms-first\" data-field-id=\"0\"><label class=\"wpforms-field-label wpforms-label-hide\" for=\"wpforms-764-field_0\">Name <span class=\"wpforms-required-label\">*<\/span><\/label><input type=\"text\" id=\"wpforms-764-field_0\" class=\"wpforms-field-large wpforms-field-required\" name=\"wpforms[fields][0]\" placeholder=\"Your Name\" required><\/div><div id=\"wpforms-764-field_3-container\" class=\"wpforms-field wpforms-field-email wpforms-one-half\" data-field-id=\"3\"><label class=\"wpforms-field-label wpforms-label-hide\" for=\"wpforms-764-field_3\">Email <span class=\"wpforms-required-label\">*<\/span><\/label><input type=\"email\" id=\"wpforms-764-field_3\" class=\"wpforms-field-large wpforms-field-required\" name=\"wpforms[fields][3]\" placeholder=\"Your Email\" spellcheck=\"false\" required><\/div><div id=\"wpforms-764-field_4-container\" class=\"wpforms-field wpforms-field-text\" data-field-id=\"4\"><label class=\"wpforms-field-label wpforms-label-hide\" for=\"wpforms-764-field_4\">Subject<\/label><input type=\"text\" id=\"wpforms-764-field_4\" class=\"wpforms-field-large\" name=\"wpforms[fields][4]\" placeholder=\"Subject\" ><\/div><div id=\"wpforms-764-field_2-container\" class=\"wpforms-field wpforms-field-textarea\" data-field-id=\"2\"><label class=\"wpforms-field-label wpforms-label-hide\" for=\"wpforms-764-field_2\">Message <span class=\"wpforms-required-label\">*<\/span><\/label><textarea id=\"wpforms-764-field_2\" class=\"wpforms-field-medium wpforms-field-required\" name=\"wpforms[fields][2]\" placeholder=\"Your Message\" required><\/textarea><\/div><\/div><!-- .wpforms-field-container --><div class=\"wpforms-submit-container\" ><input type=\"hidden\" name=\"wpforms[id]\" value=\"764\"><input type=\"hidden\" name=\"page_title\" value=\"\"><input type=\"hidden\" name=\"page_url\" value=\"https:\/\/ahassan.inscastellbisbal.net\/index.php?rest_route=\/wp\/v2\/pages\/1094\"><input type=\"hidden\" name=\"url_referer\" value=\"\"><button type=\"submit\" name=\"wpforms[submit]\" id=\"wpforms-submit-764\" class=\"wpforms-submit\" data-alt-text=\"Sending...\" data-submit-text=\"Send message\" aria-live=\"assertive\" value=\"wpforms-submit\">Send message<\/button><\/div><\/form><\/div>  <!-- .wpforms-container -->","protected":false},"excerpt":{"rendered":"<p>Aspectes Clau de la Configuraci\u00f3 del Client Adre\u00e7a IP (Internet Protocol): \u00c9s una etiqueta num\u00e8rica \u00fanica assignada a cada dispositiu connectat a una xarxa que utilitza el Protocol d&#8217;Internet per a la comunicaci\u00f3. \u00c9s l&#8217;identificador principal del client a la xarxa. M\u00e0scara de Subxarxa: Defineix quina part de l&#8217;adre\u00e7a IP [&hellip;]<\/p>\n","protected":false},"author":1,"featured_media":0,"parent":836,"menu_order":0,"comment_status":"closed","ping_status":"closed","template":"","meta":{"footnotes":""},"class_list":["post-1094","page","type-page","status-publish","hentry"],"_links":{"self":[{"href":"https:\/\/ahassan.inscastellbisbal.net\/index.php?rest_route=\/wp\/v2\/pages\/1094","targetHints":{"allow":["GET"]}}],"collection":[{"href":"https:\/\/ahassan.inscastellbisbal.net\/index.php?rest_route=\/wp\/v2\/pages"}],"about":[{"href":"https:\/\/ahassan.inscastellbisbal.net\/index.php?rest_route=\/wp\/v2\/types\/page"}],"author":[{"embeddable":true,"href":"https:\/\/ahassan.inscastellbisbal.net\/index.php?rest_route=\/wp\/v2\/users\/1"}],"replies":[{"embeddable":true,"href":"https:\/\/ahassan.inscastellbisbal.net\/index.php?rest_route=%2Fwp%2Fv2%2Fcomments&post=1094"}],"version-history":[{"count":9,"href":"https:\/\/ahassan.inscastellbisbal.net\/index.php?rest_route=\/wp\/v2\/pages\/1094\/revisions"}],"predecessor-version":[{"id":2831,"href":"https:\/\/ahassan.inscastellbisbal.net\/index.php?rest_route=\/wp\/v2\/pages\/1094\/revisions\/2831"}],"up":[{"embeddable":true,"href":"https:\/\/ahassan.inscastellbisbal.net\/index.php?rest_route=\/wp\/v2\/pages\/836"}],"wp:attachment":[{"href":"https:\/\/ahassan.inscastellbisbal.net\/index.php?rest_route=%2Fwp%2Fv2%2Fmedia&parent=1094"}],"curies":[{"name":"wp","href":"https:\/\/api.w.org\/{rel}","templated":true}]}}