{"id":1103,"date":"2025-11-14T09:25:34","date_gmt":"2025-11-14T08:25:34","guid":{"rendered":"https:\/\/ahassan.inscastellbisbal.net\/?page_id=1103"},"modified":"2026-03-17T08:53:14","modified_gmt":"2026-03-17T07:53:14","slug":"installacio-debian","status":"publish","type":"page","link":"https:\/\/ahassan.inscastellbisbal.net\/?page_id=1103","title":{"rendered":"Instal\u00b7laci\u00f3 Debian"},"content":{"rendered":"\n<p>Per a la <strong>instal\u00b7laci\u00f3<\/strong> de <strong>Debian<\/strong> necessitareu un <strong>USB<\/strong> per poder <strong>instal\u00b7lar<\/strong> el <strong>Debian<\/strong> a l&#8217;<strong>USB<\/strong>.<strong>Connecta<\/strong> l&#8217;<strong>USB<\/strong> al teu <strong>port\u00e0til<\/strong>,<\/p>\n\n\n\n<p>obre el <strong>navegador<\/strong> i <strong>busca<\/strong> <strong>Debian<\/strong>,feu <strong>clic<\/strong> al primer lloc que <strong>aparegui<\/strong>,<\/p>\n\n\n\n<figure class=\"wp-block-image size-large is-resized\"><img loading=\"lazy\" decoding=\"async\" width=\"1024\" height=\"502\" src=\"https:\/\/ahassan.inscastellbisbal.net\/wp-content\/uploads\/2025\/11\/image-11-1024x502.png\" alt=\"\" class=\"wp-image-1144\" style=\"width:416px;height:auto\" srcset=\"https:\/\/ahassan.inscastellbisbal.net\/wp-content\/uploads\/2025\/11\/image-11-1024x502.png 1024w, https:\/\/ahassan.inscastellbisbal.net\/wp-content\/uploads\/2025\/11\/image-11-300x147.png 300w, https:\/\/ahassan.inscastellbisbal.net\/wp-content\/uploads\/2025\/11\/image-11-768x377.png 768w, https:\/\/ahassan.inscastellbisbal.net\/wp-content\/uploads\/2025\/11\/image-11.png 1138w\" sizes=\"auto, (max-width: 1024px) 100vw, 1024px\" \/><\/figure>\n\n\n\n<p>despr\u00e9s a l&#8217;opci\u00f3 de <strong>desc\u00e0rrega<\/strong> i deixa que es <strong>descarregui<\/strong>,<\/p>\n\n\n\n<figure class=\"wp-block-image size-large is-resized\"><img loading=\"lazy\" decoding=\"async\" width=\"1024\" height=\"503\" src=\"https:\/\/ahassan.inscastellbisbal.net\/wp-content\/uploads\/2025\/11\/image-12-1024x503.png\" alt=\"\" class=\"wp-image-1145\" style=\"width:383px;height:auto\" srcset=\"https:\/\/ahassan.inscastellbisbal.net\/wp-content\/uploads\/2025\/11\/image-12-1024x503.png 1024w, https:\/\/ahassan.inscastellbisbal.net\/wp-content\/uploads\/2025\/11\/image-12-300x147.png 300w, https:\/\/ahassan.inscastellbisbal.net\/wp-content\/uploads\/2025\/11\/image-12-768x377.png 768w, https:\/\/ahassan.inscastellbisbal.net\/wp-content\/uploads\/2025\/11\/image-12.png 1151w\" sizes=\"auto, (max-width: 1024px) 100vw, 1024px\" \/><\/figure>\n\n\n\n<p>aqu\u00ed ho podeu veure <strong>descarregant-se<\/strong>,<\/p>\n\n\n\n<figure class=\"wp-block-image size-full is-resized\"><img loading=\"lazy\" decoding=\"async\" width=\"948\" height=\"516\" src=\"https:\/\/ahassan.inscastellbisbal.net\/wp-content\/uploads\/2025\/11\/image-13.png\" alt=\"\" class=\"wp-image-1146\" style=\"width:357px;height:auto\" srcset=\"https:\/\/ahassan.inscastellbisbal.net\/wp-content\/uploads\/2025\/11\/image-13.png 948w, https:\/\/ahassan.inscastellbisbal.net\/wp-content\/uploads\/2025\/11\/image-13-300x163.png 300w, https:\/\/ahassan.inscastellbisbal.net\/wp-content\/uploads\/2025\/11\/image-13-768x418.png 768w\" sizes=\"auto, (max-width: 948px) 100vw, 948px\" \/><\/figure>\n\n\n\n<p>i aqu\u00ed tens la teva <strong>desc\u00e0rrega<\/strong> de <strong>Debian<\/strong>.<\/p>\n\n\n\n<figure class=\"wp-block-image size-full\"><img loading=\"lazy\" decoding=\"async\" width=\"303\" height=\"202\" src=\"https:\/\/ahassan.inscastellbisbal.net\/wp-content\/uploads\/2025\/11\/image-14.png\" alt=\"\" class=\"wp-image-1147\" srcset=\"https:\/\/ahassan.inscastellbisbal.net\/wp-content\/uploads\/2025\/11\/image-14.png 303w, https:\/\/ahassan.inscastellbisbal.net\/wp-content\/uploads\/2025\/11\/image-14-300x200.png 300w\" sizes=\"auto, (max-width: 303px) 100vw, 303px\" \/><\/figure>\n\n\n\n<p><strong>Connecta<\/strong> el port <strong>USB<\/strong> a l&#8217;<strong>ordinador<\/strong> on tens <strong>instal\u00b7lat<\/strong> el <strong>Debian<\/strong>,i <strong>descarregueu<\/strong> el <strong>Debian<\/strong> a l&#8217;<strong>USB<\/strong> que teniu <strong>connectat<\/strong> i despr\u00e9s de la <strong>desc\u00e0rrega<\/strong> desconnecteu l&#8217;<strong>USB<\/strong> i <strong>connecteu-lo<\/strong> al <strong>PC<\/strong>,.A <strong>continuaci\u00f3<\/strong>, obriu la <strong>BIOS<\/strong> del <strong>sistema<\/strong> de l&#8217;<strong>ordinador<\/strong> i <strong>inicieu<\/strong> la <strong>instal\u00b7laci\u00f3<\/strong> fent <strong>clic<\/strong> a l&#8217;<strong>opci\u00f3<\/strong> d&#8217;<strong>instal\u00b7laci\u00f3<\/strong> gr\u00e0fica.<\/p>\n\n\n\n<figure class=\"wp-block-image size-large is-resized\"><img loading=\"lazy\" decoding=\"async\" width=\"1024\" height=\"768\" src=\"https:\/\/ahassan.inscastellbisbal.net\/wp-content\/uploads\/2025\/11\/20251113_091345-1024x768.jpg\" alt=\"\" class=\"wp-image-1117\" style=\"width:356px;height:auto\" srcset=\"https:\/\/ahassan.inscastellbisbal.net\/wp-content\/uploads\/2025\/11\/20251113_091345-1024x768.jpg 1024w, https:\/\/ahassan.inscastellbisbal.net\/wp-content\/uploads\/2025\/11\/20251113_091345-300x225.jpg 300w, https:\/\/ahassan.inscastellbisbal.net\/wp-content\/uploads\/2025\/11\/20251113_091345-768x576.jpg 768w, https:\/\/ahassan.inscastellbisbal.net\/wp-content\/uploads\/2025\/11\/20251113_091345-1536x1152.jpg 1536w, https:\/\/ahassan.inscastellbisbal.net\/wp-content\/uploads\/2025\/11\/20251113_091345-2048x1536.jpg 2048w\" sizes=\"auto, (max-width: 1024px) 100vw, 1024px\" \/><\/figure>\n\n\n\n<p>despr\u00e9s de <strong>seleccionar<\/strong> l&#8217;<strong>idioma<\/strong> que vulgueu.<\/p>\n\n\n\n<figure class=\"wp-block-image size-large is-resized\"><img loading=\"lazy\" decoding=\"async\" width=\"1024\" height=\"768\" src=\"https:\/\/ahassan.inscastellbisbal.net\/wp-content\/uploads\/2025\/11\/20251113_091410-1024x768.jpg\" alt=\"\" class=\"wp-image-1118\" style=\"width:358px;height:auto\" srcset=\"https:\/\/ahassan.inscastellbisbal.net\/wp-content\/uploads\/2025\/11\/20251113_091410-1024x768.jpg 1024w, https:\/\/ahassan.inscastellbisbal.net\/wp-content\/uploads\/2025\/11\/20251113_091410-300x225.jpg 300w, https:\/\/ahassan.inscastellbisbal.net\/wp-content\/uploads\/2025\/11\/20251113_091410-768x576.jpg 768w, https:\/\/ahassan.inscastellbisbal.net\/wp-content\/uploads\/2025\/11\/20251113_091410-1536x1152.jpg 1536w, https:\/\/ahassan.inscastellbisbal.net\/wp-content\/uploads\/2025\/11\/20251113_091410-2048x1536.jpg 2048w\" sizes=\"auto, (max-width: 1024px) 100vw, 1024px\" \/><\/figure>\n\n\n\n<p>i despr\u00e9s <strong>seleccioneu<\/strong> el vostre <strong>continent<\/strong> i <strong>pa\u00eds<\/strong> per al conjunt d&#8217;<strong>hora<\/strong> i <strong>zona<\/strong>.<\/p>\n\n\n\n<figure class=\"wp-block-image size-large is-resized\"><img loading=\"lazy\" decoding=\"async\" width=\"1024\" height=\"768\" src=\"https:\/\/ahassan.inscastellbisbal.net\/wp-content\/uploads\/2025\/11\/20251113_091419-1024x768.jpg\" alt=\"\" class=\"wp-image-1119\" style=\"width:355px;height:auto\" srcset=\"https:\/\/ahassan.inscastellbisbal.net\/wp-content\/uploads\/2025\/11\/20251113_091419-1024x768.jpg 1024w, https:\/\/ahassan.inscastellbisbal.net\/wp-content\/uploads\/2025\/11\/20251113_091419-300x225.jpg 300w, https:\/\/ahassan.inscastellbisbal.net\/wp-content\/uploads\/2025\/11\/20251113_091419-768x576.jpg 768w, https:\/\/ahassan.inscastellbisbal.net\/wp-content\/uploads\/2025\/11\/20251113_091419-1536x1152.jpg 1536w, https:\/\/ahassan.inscastellbisbal.net\/wp-content\/uploads\/2025\/11\/20251113_091419-2048x1536.jpg 2048w\" sizes=\"auto, (max-width: 1024px) 100vw, 1024px\" \/><\/figure>\n\n\n\n<p>ubicaci\u00f3 d&#8217;<strong>Europa<\/strong> i <strong>Espanya<\/strong>.<\/p>\n\n\n\n<figure class=\"wp-block-image size-large is-resized\"><img loading=\"lazy\" decoding=\"async\" width=\"1024\" height=\"768\" src=\"https:\/\/ahassan.inscastellbisbal.net\/wp-content\/uploads\/2025\/11\/20251113_091433-1024x768.jpg\" alt=\"\" class=\"wp-image-1120\" style=\"width:364px;height:auto\" srcset=\"https:\/\/ahassan.inscastellbisbal.net\/wp-content\/uploads\/2025\/11\/20251113_091433-1024x768.jpg 1024w, https:\/\/ahassan.inscastellbisbal.net\/wp-content\/uploads\/2025\/11\/20251113_091433-300x225.jpg 300w, https:\/\/ahassan.inscastellbisbal.net\/wp-content\/uploads\/2025\/11\/20251113_091433-768x576.jpg 768w, https:\/\/ahassan.inscastellbisbal.net\/wp-content\/uploads\/2025\/11\/20251113_091433-1536x1152.jpg 1536w, https:\/\/ahassan.inscastellbisbal.net\/wp-content\/uploads\/2025\/11\/20251113_091433-2048x1536.jpg 2048w\" sizes=\"auto, (max-width: 1024px) 100vw, 1024px\" \/><\/figure>\n\n\n\n<figure class=\"wp-block-image size-large is-resized\"><img loading=\"lazy\" decoding=\"async\" width=\"1024\" height=\"768\" src=\"https:\/\/ahassan.inscastellbisbal.net\/wp-content\/uploads\/2025\/11\/20251113_091444-1024x768.jpg\" alt=\"\" class=\"wp-image-1121\" style=\"width:369px;height:auto\" srcset=\"https:\/\/ahassan.inscastellbisbal.net\/wp-content\/uploads\/2025\/11\/20251113_091444-1024x768.jpg 1024w, https:\/\/ahassan.inscastellbisbal.net\/wp-content\/uploads\/2025\/11\/20251113_091444-300x225.jpg 300w, https:\/\/ahassan.inscastellbisbal.net\/wp-content\/uploads\/2025\/11\/20251113_091444-768x576.jpg 768w, https:\/\/ahassan.inscastellbisbal.net\/wp-content\/uploads\/2025\/11\/20251113_091444-1536x1152.jpg 1536w, https:\/\/ahassan.inscastellbisbal.net\/wp-content\/uploads\/2025\/11\/20251113_091444-2048x1536.jpg 2048w\" sizes=\"auto, (max-width: 1024px) 100vw, 1024px\" \/><\/figure>\n\n\n\n<p>i despr\u00e9s heu de <strong>seleccionar<\/strong> la configuraci\u00f3 <strong>regional<\/strong> del vostre <strong>pa\u00eds<\/strong> similar.<\/p>\n\n\n\n<figure class=\"wp-block-image size-large is-resized\"><img loading=\"lazy\" decoding=\"async\" width=\"1024\" height=\"768\" src=\"https:\/\/ahassan.inscastellbisbal.net\/wp-content\/uploads\/2025\/11\/20251113_091450-1024x768.jpg\" alt=\"\" class=\"wp-image-1122\" style=\"width:367px;height:auto\" srcset=\"https:\/\/ahassan.inscastellbisbal.net\/wp-content\/uploads\/2025\/11\/20251113_091450-1024x768.jpg 1024w, https:\/\/ahassan.inscastellbisbal.net\/wp-content\/uploads\/2025\/11\/20251113_091450-300x225.jpg 300w, https:\/\/ahassan.inscastellbisbal.net\/wp-content\/uploads\/2025\/11\/20251113_091450-768x576.jpg 768w, https:\/\/ahassan.inscastellbisbal.net\/wp-content\/uploads\/2025\/11\/20251113_091450-1536x1152.jpg 1536w, https:\/\/ahassan.inscastellbisbal.net\/wp-content\/uploads\/2025\/11\/20251113_091450-2048x1536.jpg 2048w\" sizes=\"auto, (max-width: 1024px) 100vw, 1024px\" \/><\/figure>\n\n\n\n<p>i finalment has de <strong>seleccionar<\/strong> el <strong>teclat<\/strong> en l&#8217;<strong>idioma<\/strong> que <strong>vulguis<\/strong>.<\/p>\n\n\n\n<figure class=\"wp-block-image size-large is-resized\"><img loading=\"lazy\" decoding=\"async\" width=\"1024\" height=\"768\" src=\"https:\/\/ahassan.inscastellbisbal.net\/wp-content\/uploads\/2025\/11\/20251113_091506-1024x768.jpg\" alt=\"\" class=\"wp-image-1123\" style=\"width:368px;height:auto\" srcset=\"https:\/\/ahassan.inscastellbisbal.net\/wp-content\/uploads\/2025\/11\/20251113_091506-1024x768.jpg 1024w, https:\/\/ahassan.inscastellbisbal.net\/wp-content\/uploads\/2025\/11\/20251113_091506-300x225.jpg 300w, https:\/\/ahassan.inscastellbisbal.net\/wp-content\/uploads\/2025\/11\/20251113_091506-768x576.jpg 768w, https:\/\/ahassan.inscastellbisbal.net\/wp-content\/uploads\/2025\/11\/20251113_091506-1536x1152.jpg 1536w, https:\/\/ahassan.inscastellbisbal.net\/wp-content\/uploads\/2025\/11\/20251113_091506-2048x1536.jpg 2048w\" sizes=\"auto, (max-width: 1024px) 100vw, 1024px\" \/><\/figure>\n\n\n\n<p><\/p>\n\n\n\n<figure class=\"wp-block-image size-large is-resized\"><img loading=\"lazy\" decoding=\"async\" width=\"1024\" height=\"768\" src=\"https:\/\/ahassan.inscastellbisbal.net\/wp-content\/uploads\/2025\/11\/20251113_091553-1024x768.jpg\" alt=\"\" class=\"wp-image-1125\" style=\"width:365px;height:auto\" srcset=\"https:\/\/ahassan.inscastellbisbal.net\/wp-content\/uploads\/2025\/11\/20251113_091553-1024x768.jpg 1024w, https:\/\/ahassan.inscastellbisbal.net\/wp-content\/uploads\/2025\/11\/20251113_091553-300x225.jpg 300w, https:\/\/ahassan.inscastellbisbal.net\/wp-content\/uploads\/2025\/11\/20251113_091553-768x576.jpg 768w, https:\/\/ahassan.inscastellbisbal.net\/wp-content\/uploads\/2025\/11\/20251113_091553-1536x1152.jpg 1536w, https:\/\/ahassan.inscastellbisbal.net\/wp-content\/uploads\/2025\/11\/20251113_091553-2048x1536.jpg 2048w\" sizes=\"auto, (max-width: 1024px) 100vw, 1024px\" \/><\/figure>\n\n\n\n<p>i <strong>finalment<\/strong> heu de <strong>nomenar<\/strong> el <strong>domini<\/strong> i el <strong>nom<\/strong> de l&#8217;<strong>usuari<\/strong> i definir la <strong>contrasenya<\/strong> per a l&#8217;<strong>usuari<\/strong>.<\/p>\n\n\n\n<figure class=\"wp-block-image size-large is-resized\"><img loading=\"lazy\" decoding=\"async\" width=\"1024\" height=\"768\" src=\"https:\/\/ahassan.inscastellbisbal.net\/wp-content\/uploads\/2025\/11\/20251113_091643-1024x768.jpg\" alt=\"\" class=\"wp-image-1126\" style=\"width:364px;height:auto\" srcset=\"https:\/\/ahassan.inscastellbisbal.net\/wp-content\/uploads\/2025\/11\/20251113_091643-1024x768.jpg 1024w, https:\/\/ahassan.inscastellbisbal.net\/wp-content\/uploads\/2025\/11\/20251113_091643-300x225.jpg 300w, https:\/\/ahassan.inscastellbisbal.net\/wp-content\/uploads\/2025\/11\/20251113_091643-768x576.jpg 768w, https:\/\/ahassan.inscastellbisbal.net\/wp-content\/uploads\/2025\/11\/20251113_091643-1536x1152.jpg 1536w, https:\/\/ahassan.inscastellbisbal.net\/wp-content\/uploads\/2025\/11\/20251113_091643-2048x1536.jpg 2048w\" sizes=\"auto, (max-width: 1024px) 100vw, 1024px\" \/><\/figure>\n\n\n\n<p>i aix\u00f2 \u00e9s tot, tens la<strong> instal\u00b7laci\u00f3<\/strong> de <strong>Debian<\/strong> <strong>creada<\/strong> al teu <strong>ordinador<\/strong>.<\/p>\n\n\n\n<figure class=\"wp-block-image size-large is-resized\"><img loading=\"lazy\" decoding=\"async\" width=\"1024\" height=\"768\" src=\"https:\/\/ahassan.inscastellbisbal.net\/wp-content\/uploads\/2025\/11\/20251113_1123501-1-1024x768.jpg\" alt=\"\" class=\"wp-image-1127\" style=\"width:369px;height:auto\" srcset=\"https:\/\/ahassan.inscastellbisbal.net\/wp-content\/uploads\/2025\/11\/20251113_1123501-1-1024x768.jpg 1024w, https:\/\/ahassan.inscastellbisbal.net\/wp-content\/uploads\/2025\/11\/20251113_1123501-1-300x225.jpg 300w, https:\/\/ahassan.inscastellbisbal.net\/wp-content\/uploads\/2025\/11\/20251113_1123501-1-768x576.jpg 768w, https:\/\/ahassan.inscastellbisbal.net\/wp-content\/uploads\/2025\/11\/20251113_1123501-1-1536x1152.jpg 1536w, https:\/\/ahassan.inscastellbisbal.net\/wp-content\/uploads\/2025\/11\/20251113_1123501-1-2048x1536.jpg 2048w\" sizes=\"auto, (max-width: 1024px) 100vw, 1024px\" \/><\/figure>\n\n\n<div class=\"wpforms-container wpforms-container-full wpforms-block wpforms-block-f3b95db4-455f-464d-b922-2238fdfcecca\" id=\"wpforms-764\"><form id=\"wpforms-form-764\" class=\"wpforms-validate wpforms-form\" data-formid=\"764\" method=\"post\" enctype=\"multipart\/form-data\" action=\"\/index.php?rest_route=%2Fwp%2Fv2%2Fpages%2F1103\" data-token=\"0bed34a744a676e1df5823f5038439b0\" data-token-time=\"1778161497\"><noscript class=\"wpforms-error-noscript\">Activeu el JavaScript al navegador per a poder completar el formulari.<\/noscript><div class=\"wpforms-field-container\"><div id=\"wpforms-764-field_0-container\" class=\"wpforms-field wpforms-field-name wpforms-one-half wpforms-first\" data-field-id=\"0\"><label class=\"wpforms-field-label wpforms-label-hide\" for=\"wpforms-764-field_0\">Name <span class=\"wpforms-required-label\">*<\/span><\/label><input type=\"text\" id=\"wpforms-764-field_0\" class=\"wpforms-field-large wpforms-field-required\" name=\"wpforms[fields][0]\" placeholder=\"Your Name\" required><\/div><div id=\"wpforms-764-field_3-container\" class=\"wpforms-field wpforms-field-email wpforms-one-half\" data-field-id=\"3\"><label class=\"wpforms-field-label wpforms-label-hide\" for=\"wpforms-764-field_3\">Email <span class=\"wpforms-required-label\">*<\/span><\/label><input type=\"email\" id=\"wpforms-764-field_3\" class=\"wpforms-field-large wpforms-field-required\" name=\"wpforms[fields][3]\" placeholder=\"Your Email\" spellcheck=\"false\" required><\/div><div id=\"wpforms-764-field_4-container\" class=\"wpforms-field wpforms-field-text\" data-field-id=\"4\"><label class=\"wpforms-field-label wpforms-label-hide\" for=\"wpforms-764-field_4\">Subject<\/label><input type=\"text\" id=\"wpforms-764-field_4\" class=\"wpforms-field-large\" name=\"wpforms[fields][4]\" placeholder=\"Subject\" ><\/div><div id=\"wpforms-764-field_2-container\" class=\"wpforms-field wpforms-field-textarea\" data-field-id=\"2\"><label class=\"wpforms-field-label wpforms-label-hide\" for=\"wpforms-764-field_2\">Message <span class=\"wpforms-required-label\">*<\/span><\/label><textarea id=\"wpforms-764-field_2\" class=\"wpforms-field-medium wpforms-field-required\" name=\"wpforms[fields][2]\" placeholder=\"Your Message\" required><\/textarea><\/div><\/div><!-- .wpforms-field-container --><div class=\"wpforms-submit-container\" ><input type=\"hidden\" name=\"wpforms[id]\" value=\"764\"><input type=\"hidden\" name=\"page_title\" value=\"\"><input type=\"hidden\" name=\"page_url\" value=\"https:\/\/ahassan.inscastellbisbal.net\/index.php?rest_route=\/wp\/v2\/pages\/1103\"><input type=\"hidden\" name=\"url_referer\" value=\"\"><button type=\"submit\" name=\"wpforms[submit]\" id=\"wpforms-submit-764\" class=\"wpforms-submit\" data-alt-text=\"Sending...\" data-submit-text=\"Send message\" aria-live=\"assertive\" value=\"wpforms-submit\">Send message<\/button><\/div><\/form><\/div>  <!-- .wpforms-container -->","protected":false},"excerpt":{"rendered":"<p>Per a la instal\u00b7laci\u00f3 de Debian necessitareu un USB per poder instal\u00b7lar el Debian a l&#8217;USB.Connecta l&#8217;USB al teu port\u00e0til, obre el navegador i busca Debian,feu clic al primer lloc que aparegui, despr\u00e9s a l&#8217;opci\u00f3 de desc\u00e0rrega i deixa que es descarregui, aqu\u00ed ho podeu veure descarregant-se, i aqu\u00ed tens [&hellip;]<\/p>\n","protected":false},"author":1,"featured_media":0,"parent":826,"menu_order":0,"comment_status":"closed","ping_status":"closed","template":"","meta":{"footnotes":""},"class_list":["post-1103","page","type-page","status-publish","hentry"],"_links":{"self":[{"href":"https:\/\/ahassan.inscastellbisbal.net\/index.php?rest_route=\/wp\/v2\/pages\/1103","targetHints":{"allow":["GET"]}}],"collection":[{"href":"https:\/\/ahassan.inscastellbisbal.net\/index.php?rest_route=\/wp\/v2\/pages"}],"about":[{"href":"https:\/\/ahassan.inscastellbisbal.net\/index.php?rest_route=\/wp\/v2\/types\/page"}],"author":[{"embeddable":true,"href":"https:\/\/ahassan.inscastellbisbal.net\/index.php?rest_route=\/wp\/v2\/users\/1"}],"replies":[{"embeddable":true,"href":"https:\/\/ahassan.inscastellbisbal.net\/index.php?rest_route=%2Fwp%2Fv2%2Fcomments&post=1103"}],"version-history":[{"count":5,"href":"https:\/\/ahassan.inscastellbisbal.net\/index.php?rest_route=\/wp\/v2\/pages\/1103\/revisions"}],"predecessor-version":[{"id":2422,"href":"https:\/\/ahassan.inscastellbisbal.net\/index.php?rest_route=\/wp\/v2\/pages\/1103\/revisions\/2422"}],"up":[{"embeddable":true,"href":"https:\/\/ahassan.inscastellbisbal.net\/index.php?rest_route=\/wp\/v2\/pages\/826"}],"wp:attachment":[{"href":"https:\/\/ahassan.inscastellbisbal.net\/index.php?rest_route=%2Fwp%2Fv2%2Fmedia&parent=1103"}],"curies":[{"name":"wp","href":"https:\/\/api.w.org\/{rel}","templated":true}]}}