{"id":120,"date":"2025-09-24T08:03:58","date_gmt":"2025-09-24T06:03:58","guid":{"rendered":"https:\/\/ahassan.inscastellbisbal.net\/?page_id=120"},"modified":"2025-10-21T09:17:46","modified_gmt":"2025-10-21T07:17:46","slug":"enviament-de-correus-en-nom-daquest-compte-des-del-correu-corporatiu","status":"publish","type":"page","link":"https:\/\/ahassan.inscastellbisbal.net\/?page_id=120","title":{"rendered":"Enviament de correus en nom d&#8217;aquest compte des del correu corporatiu"},"content":{"rendered":"\n<hr class=\"wp-block-separator has-alpha-channel-opacity\"\/>\n\n\n\n<h3 class=\"wp-block-heading\">Qu\u00e8 significa aix\u00f2?<\/h3>\n\n\n\n<p>Vol dir que, des del teu <strong>compte de correu corporatiu<\/strong>, pots enviar correus electr\u00f2nics <strong>amb una altra adre\u00e7a com a remitent<\/strong>, per exemple, el teu correu personal. Aix\u00ed, quan el receptor rep el correu, veu que prov\u00e9 de la teva adre\u00e7a personal, per\u00f2 s\u2019envia des del servidor corporatiu.<\/p>\n\n\n\n<p><strong>Passos per configurar l\u2019enviament en nom d\u2019un altre compte a Gmail corporatiu<\/strong><\/p>\n\n\n\n<ol class=\"wp-block-list\">\n<li><strong>Accedeix a la configuraci\u00f3 del correu corporatiu<\/strong><\/li>\n<\/ol>\n\n\n\n<figure class=\"wp-block-image size-full\"><img loading=\"lazy\" decoding=\"async\" width=\"262\" height=\"49\" src=\"https:\/\/ahassan.inscastellbisbal.net\/wp-content\/uploads\/2025\/09\/Screenshot-2025-09-23-at-13-50-58-Safata-dentrada-8-ali.hassan34920@gmail.com-Gmail-1.png\" alt=\"\" class=\"wp-image-103\"\/><\/figure>\n\n\n\n<p><br>Entra a Gmail amb el compte corporatiu.<\/p>\n\n\n\n<ol class=\"wp-block-list\">\n<li><strong>Ves a \u201cVeure tota la configuraci\u00f3\u201d<\/strong> (clicant la icona de rodet).<\/li>\n<\/ol>\n\n\n\n<figure class=\"wp-block-image size-full\"><img loading=\"lazy\" decoding=\"async\" width=\"320\" height=\"104\" src=\"https:\/\/ahassan.inscastellbisbal.net\/wp-content\/uploads\/2025\/09\/image.png\" alt=\"\" class=\"wp-image-231\" srcset=\"https:\/\/ahassan.inscastellbisbal.net\/wp-content\/uploads\/2025\/09\/image.png 320w, https:\/\/ahassan.inscastellbisbal.net\/wp-content\/uploads\/2025\/09\/image-300x98.png 300w\" sizes=\"auto, (max-width: 320px) 100vw, 320px\" \/><\/figure>\n\n\n\n<ol class=\"wp-block-list\">\n<li><strong>Ves a la pestanya \u201cComptes i importaci\u00f3\u201d<\/strong>.<\/li>\n\n\n\n<li><strong>Busca l\u2019apartat \u201cEnvia correu com\u201d<\/strong>.<\/li>\n\n\n\n<li><strong>Fes clic a \u201cAfegeix una altra adre\u00e7a de correu electr\u00f2nic\u201d<\/strong>.<\/li>\n<\/ol>\n\n\n\n<figure class=\"wp-block-image size-large\"><img loading=\"lazy\" decoding=\"async\" width=\"1024\" height=\"499\" src=\"https:\/\/ahassan.inscastellbisbal.net\/wp-content\/uploads\/2025\/10\/image-60-1024x499.png\" alt=\"\" class=\"wp-image-674\" srcset=\"https:\/\/ahassan.inscastellbisbal.net\/wp-content\/uploads\/2025\/10\/image-60-1024x499.png 1024w, https:\/\/ahassan.inscastellbisbal.net\/wp-content\/uploads\/2025\/10\/image-60-300x146.png 300w, https:\/\/ahassan.inscastellbisbal.net\/wp-content\/uploads\/2025\/10\/image-60-768x375.png 768w, https:\/\/ahassan.inscastellbisbal.net\/wp-content\/uploads\/2025\/10\/image-60.png 1146w\" sizes=\"auto, (max-width: 1024px) 100vw, 1024px\" \/><\/figure>\n\n\n\n<hr class=\"wp-block-separator has-alpha-channel-opacity\"\/>\n\n\n\n<p>despr\u00e9s d&#8217;escriure el <strong>correu electr\u00f2nic, <\/strong>nom\u00e9s cal que el <strong>guardeu<\/strong>, aix\u00f2 \u00e9s tot.<\/p>\n","protected":false},"excerpt":{"rendered":"<p>Qu\u00e8 significa aix\u00f2? Vol dir que, des del teu compte de correu corporatiu, pots enviar correus electr\u00f2nics amb una altra adre\u00e7a com a remitent, per exemple, el teu correu personal. Aix\u00ed, quan el receptor rep el correu, veu que prov\u00e9 de la teva adre\u00e7a personal, per\u00f2 s\u2019envia des del servidor [&hellip;]<\/p>\n","protected":false},"author":1,"featured_media":0,"parent":74,"menu_order":0,"comment_status":"closed","ping_status":"closed","template":"","meta":{"footnotes":""},"class_list":["post-120","page","type-page","status-publish","hentry"],"_links":{"self":[{"href":"https:\/\/ahassan.inscastellbisbal.net\/index.php?rest_route=\/wp\/v2\/pages\/120","targetHints":{"allow":["GET"]}}],"collection":[{"href":"https:\/\/ahassan.inscastellbisbal.net\/index.php?rest_route=\/wp\/v2\/pages"}],"about":[{"href":"https:\/\/ahassan.inscastellbisbal.net\/index.php?rest_route=\/wp\/v2\/types\/page"}],"author":[{"embeddable":true,"href":"https:\/\/ahassan.inscastellbisbal.net\/index.php?rest_route=\/wp\/v2\/users\/1"}],"replies":[{"embeddable":true,"href":"https:\/\/ahassan.inscastellbisbal.net\/index.php?rest_route=%2Fwp%2Fv2%2Fcomments&post=120"}],"version-history":[{"count":6,"href":"https:\/\/ahassan.inscastellbisbal.net\/index.php?rest_route=\/wp\/v2\/pages\/120\/revisions"}],"predecessor-version":[{"id":675,"href":"https:\/\/ahassan.inscastellbisbal.net\/index.php?rest_route=\/wp\/v2\/pages\/120\/revisions\/675"}],"up":[{"embeddable":true,"href":"https:\/\/ahassan.inscastellbisbal.net\/index.php?rest_route=\/wp\/v2\/pages\/74"}],"wp:attachment":[{"href":"https:\/\/ahassan.inscastellbisbal.net\/index.php?rest_route=%2Fwp%2Fv2%2Fmedia&parent=120"}],"curies":[{"name":"wp","href":"https:\/\/api.w.org\/{rel}","templated":true}]}}