{"id":1227,"date":"2025-11-24T09:02:19","date_gmt":"2025-11-24T08:02:19","guid":{"rendered":"https:\/\/ahassan.inscastellbisbal.net\/?page_id=1227"},"modified":"2025-11-24T09:03:17","modified_gmt":"2025-11-24T08:03:17","slug":"creacio-de-proves-linguistiques","status":"publish","type":"page","link":"https:\/\/ahassan.inscastellbisbal.net\/?page_id=1227","title":{"rendered":"Creaci\u00f3 de proves ling\u00fc\u00edstiques"},"content":{"rendered":"\n<figure class=\"wp-block-embed is-type-wp-embed is-provider-ivan-rodriguez-jimenez wp-block-embed-ivan-rodriguez-jimenez\"><div class=\"wp-block-embed__wrapper\">\n<blockquote class=\"wp-embedded-content\" data-secret=\"LCxCdUQl8i\"><a href=\"https:\/\/irodriguez.inscastellbisbal.net\/?page_id=947\">Creaci\u00f3 de proves ling\u00fc\u00edstiques<\/a><\/blockquote><iframe loading=\"lazy\" class=\"wp-embedded-content\" sandbox=\"allow-scripts\" security=\"restricted\" style=\"position: absolute; visibility: hidden;\" title=\"&#8220;Creaci\u00f3 de proves ling\u00fc\u00edstiques&#8221; &#8212; Ivan Rodriguez Jimenez\" src=\"https:\/\/irodriguez.inscastellbisbal.net\/?page_id=947&#038;embed=true#?secret=lxs8DkKmGS#?secret=LCxCdUQl8i\" data-secret=\"LCxCdUQl8i\" width=\"600\" height=\"338\" frameborder=\"0\" marginwidth=\"0\" marginheight=\"0\" scrolling=\"no\"><\/iframe>\n<\/div><\/figure>\n","protected":false},"excerpt":{"rendered":"","protected":false},"author":1,"featured_media":0,"parent":830,"menu_order":0,"comment_status":"closed","ping_status":"closed","template":"","meta":{"footnotes":""},"class_list":["post-1227","page","type-page","status-publish","hentry"],"_links":{"self":[{"href":"https:\/\/ahassan.inscastellbisbal.net\/index.php?rest_route=\/wp\/v2\/pages\/1227","targetHints":{"allow":["GET"]}}],"collection":[{"href":"https:\/\/ahassan.inscastellbisbal.net\/index.php?rest_route=\/wp\/v2\/pages"}],"about":[{"href":"https:\/\/ahassan.inscastellbisbal.net\/index.php?rest_route=\/wp\/v2\/types\/page"}],"author":[{"embeddable":true,"href":"https:\/\/ahassan.inscastellbisbal.net\/index.php?rest_route=\/wp\/v2\/users\/1"}],"replies":[{"embeddable":true,"href":"https:\/\/ahassan.inscastellbisbal.net\/index.php?rest_route=%2Fwp%2Fv2%2Fcomments&post=1227"}],"version-history":[{"count":1,"href":"https:\/\/ahassan.inscastellbisbal.net\/index.php?rest_route=\/wp\/v2\/pages\/1227\/revisions"}],"predecessor-version":[{"id":1229,"href":"https:\/\/ahassan.inscastellbisbal.net\/index.php?rest_route=\/wp\/v2\/pages\/1227\/revisions\/1229"}],"up":[{"embeddable":true,"href":"https:\/\/ahassan.inscastellbisbal.net\/index.php?rest_route=\/wp\/v2\/pages\/830"}],"wp:attachment":[{"href":"https:\/\/ahassan.inscastellbisbal.net\/index.php?rest_route=%2Fwp%2Fv2%2Fmedia&parent=1227"}],"curies":[{"name":"wp","href":"https:\/\/api.w.org\/{rel}","templated":true}]}}