{"id":123,"date":"2025-09-24T08:04:25","date_gmt":"2025-09-24T06:04:25","guid":{"rendered":"https:\/\/ahassan.inscastellbisbal.net\/?page_id=123"},"modified":"2025-10-20T14:07:45","modified_gmt":"2025-10-20T12:07:45","slug":"configuracio-duna-resposta-automatica-que-informi-del-correu-corporatiu","status":"publish","type":"page","link":"https:\/\/ahassan.inscastellbisbal.net\/?page_id=123","title":{"rendered":"Configuraci\u00f3 d&#8217;una resposta autom\u00e0tica que informi del correu corporatiu"},"content":{"rendered":"\n<hr class=\"wp-block-separator has-alpha-channel-opacity\"\/>\n\n\n\n<h3 class=\"wp-block-heading\">Per qu\u00e8 fer-ho?<\/h3>\n\n\n\n<ul class=\"wp-block-list\">\n<li>Per informar les persones que t\u2019escriuen que ara has canviat d\u2019adre\u00e7a i que prefereixes que et contactin al correu corporatiu.<\/li>\n\n\n\n<li>Per evitar confusions i assegurar una millor comunicaci\u00f3.<\/li>\n<\/ul>\n\n\n\n<hr class=\"wp-block-separator has-alpha-channel-opacity\"\/>\n\n\n\n<h3 class=\"wp-block-heading\">Com configurar-ho a Gmail? (Passos b\u00e0sics)<\/h3>\n\n\n\n<hr class=\"wp-block-separator has-alpha-channel-opacity\"\/>\n\n\n\n<h3 class=\"wp-block-heading\">Pas 1: Accedeix a Gmail i ves a Configuraci\u00f3<\/h3>\n\n\n\n<ul class=\"wp-block-list\">\n<li>Entra a <a>gmail.com<\/a>i fes clic a la icona de rodet \u2699\ufe0f (a dalt a la dreta).<\/li>\n\n\n\n<li><img decoding=\"async\" src=\"https:\/\/ahassan.inscastellbisbal.net\/wp-content\/uploads\/2025\/09\/Screenshot-2025-09-23-at-13-50-58-Safata-dentrada-8-ali.hassan34920@gmail.com-Gmail-1.png\" alt=\"\"><br>Selecciona <strong>\u201cVeure tota la configuraci\u00f3\u201d<\/strong>.<\/li>\n\n\n\n<li><img decoding=\"async\" src=\"https:\/\/ahassan.inscastellbisbal.net\/wp-content\/uploads\/2025\/09\/image.png\" alt=\"\"><br><br>Pas 2: Ves a la pestanya <strong>\u201cResposta autom\u00e0tica\u201d<\/strong><br>A la part superior de la configuraci\u00f3, trobar\u00e0s una pestanya anomenada <strong>\u201cResposta autom\u00e0tica\u201d<\/strong> (tamb\u00e9 pot estar dins de la pestanya \u201cGeneral\u201d).<\/li>\n<\/ul>\n\n\n\n<figure class=\"wp-block-image size-large\"><img loading=\"lazy\" decoding=\"async\" width=\"1024\" height=\"499\" src=\"https:\/\/ahassan.inscastellbisbal.net\/wp-content\/uploads\/2025\/10\/image-3-1024x499.png\" alt=\"\" class=\"wp-image-495\" srcset=\"https:\/\/ahassan.inscastellbisbal.net\/wp-content\/uploads\/2025\/10\/image-3-1024x499.png 1024w, https:\/\/ahassan.inscastellbisbal.net\/wp-content\/uploads\/2025\/10\/image-3-300x146.png 300w, https:\/\/ahassan.inscastellbisbal.net\/wp-content\/uploads\/2025\/10\/image-3-768x374.png 768w, https:\/\/ahassan.inscastellbisbal.net\/wp-content\/uploads\/2025\/10\/image-3-1536x749.png 1536w, https:\/\/ahassan.inscastellbisbal.net\/wp-content\/uploads\/2025\/10\/image-3.png 1920w\" sizes=\"auto, (max-width: 1024px) 100vw, 1024px\" \/><\/figure>\n\n\n\n<p>Activar la opci\u00f3n de <strong>activar respuesta autom\u00e1tica,<\/strong>En el &#8220;<strong>Text sense format<\/strong>&#8221; de texto escribe el texto que quieras y gu\u00e1rdalo<\/p>\n\n\n\n<p><strong>Desa el canvi i ja esta.<\/strong><\/p>\n\n\n\n<p>per exemple, aqu\u00ed teniu la meva resposta autom\u00e0tica que he desat al meu Gmail.<\/p>\n\n\n\n<figure class=\"wp-block-image size-full\"><img loading=\"lazy\" decoding=\"async\" width=\"758\" height=\"628\" src=\"https:\/\/ahassan.inscastellbisbal.net\/wp-content\/uploads\/2025\/10\/imatge.png\" alt=\"\" class=\"wp-image-659\" srcset=\"https:\/\/ahassan.inscastellbisbal.net\/wp-content\/uploads\/2025\/10\/imatge.png 758w, https:\/\/ahassan.inscastellbisbal.net\/wp-content\/uploads\/2025\/10\/imatge-300x249.png 300w\" sizes=\"auto, (max-width: 758px) 100vw, 758px\" \/><\/figure>\n\n\n\n<p><\/p>\n","protected":false},"excerpt":{"rendered":"<p>Per qu\u00e8 fer-ho? Com configurar-ho a Gmail? (Passos b\u00e0sics) Pas 1: Accedeix a Gmail i ves a Configuraci\u00f3 Activar la opci\u00f3n de activar respuesta autom\u00e1tica,En el &#8220;Text sense format&#8221; de texto escribe el texto que quieras y gu\u00e1rdalo Desa el canvi i ja esta. per exemple, aqu\u00ed teniu la meva [&hellip;]<\/p>\n","protected":false},"author":1,"featured_media":0,"parent":74,"menu_order":0,"comment_status":"closed","ping_status":"closed","template":"","meta":{"footnotes":""},"class_list":["post-123","page","type-page","status-publish","hentry"],"_links":{"self":[{"href":"https:\/\/ahassan.inscastellbisbal.net\/index.php?rest_route=\/wp\/v2\/pages\/123","targetHints":{"allow":["GET"]}}],"collection":[{"href":"https:\/\/ahassan.inscastellbisbal.net\/index.php?rest_route=\/wp\/v2\/pages"}],"about":[{"href":"https:\/\/ahassan.inscastellbisbal.net\/index.php?rest_route=\/wp\/v2\/types\/page"}],"author":[{"embeddable":true,"href":"https:\/\/ahassan.inscastellbisbal.net\/index.php?rest_route=\/wp\/v2\/users\/1"}],"replies":[{"embeddable":true,"href":"https:\/\/ahassan.inscastellbisbal.net\/index.php?rest_route=%2Fwp%2Fv2%2Fcomments&post=123"}],"version-history":[{"count":5,"href":"https:\/\/ahassan.inscastellbisbal.net\/index.php?rest_route=\/wp\/v2\/pages\/123\/revisions"}],"predecessor-version":[{"id":660,"href":"https:\/\/ahassan.inscastellbisbal.net\/index.php?rest_route=\/wp\/v2\/pages\/123\/revisions\/660"}],"up":[{"embeddable":true,"href":"https:\/\/ahassan.inscastellbisbal.net\/index.php?rest_route=\/wp\/v2\/pages\/74"}],"wp:attachment":[{"href":"https:\/\/ahassan.inscastellbisbal.net\/index.php?rest_route=%2Fwp%2Fv2%2Fmedia&parent=123"}],"curies":[{"name":"wp","href":"https:\/\/api.w.org\/{rel}","templated":true}]}}