{"id":1389,"date":"2026-01-28T13:11:30","date_gmt":"2026-01-28T12:11:30","guid":{"rendered":"https:\/\/ahassan.inscastellbisbal.net\/?page_id=1389"},"modified":"2026-01-28T13:27:02","modified_gmt":"2026-01-28T12:27:02","slug":"crear-documentacio-oficial-de-lesdeveniment","status":"publish","type":"page","link":"https:\/\/ahassan.inscastellbisbal.net\/?page_id=1389","title":{"rendered":"Crear documentaci\u00f3 oficial de l&#8217;esdeveniment"},"content":{"rendered":"\n<p>He <strong>creat<\/strong> el meu <strong>document<\/strong> de l&#8217;<strong>esdeveniment<\/strong> al <strong>document<\/strong> de <strong>Google<\/strong>,Vaig llegir el <strong>rubric\u00f3<\/strong> i vaig preguntar a <strong>Gemini<\/strong> si em podia ajudar a <strong>crear<\/strong> el <strong>document<\/strong>. Li vaig donar la <strong>informaci\u00f3<\/strong> que <strong>necessitava<\/strong> i <strong>necess\u00e0ria<\/strong>, i em va donar tota la <strong>informaci\u00f3<\/strong> <strong>necess\u00e0ria<\/strong> que volia.<\/p>\n\n\n\n<p>Aqu\u00ed teniu el <strong>PDF<\/strong> del <strong>document<\/strong> que he creat.<\/p>\n\n\n\n<div data-wp-interactive=\"core\/file\" class=\"wp-block-file\"><object data-wp-bind--hidden=\"!state.hasPdfPreview\" hidden class=\"wp-block-file__embed\" data=\"https:\/\/ahassan.inscastellbisbal.net\/wp-content\/uploads\/2026\/01\/Document-sense-titol-5-1.pdf\" type=\"application\/pdf\" style=\"width:100%;height:600px\" aria-label=\"Incrustaci\u00f3 del fitxer Document sense t\u00edtol-5.\"><\/object><a id=\"wp-block-file--media-8818fb55-274d-47c6-9d35-6a56cfa9c7c0\" href=\"https:\/\/ahassan.inscastellbisbal.net\/wp-content\/uploads\/2026\/01\/Document-sense-titol-5-1.pdf\">Document sense t\u00edtol-5<\/a><a href=\"https:\/\/ahassan.inscastellbisbal.net\/wp-content\/uploads\/2026\/01\/Document-sense-titol-5-1.pdf\" class=\"wp-block-file__button wp-element-button\" download aria-describedby=\"wp-block-file--media-8818fb55-274d-47c6-9d35-6a56cfa9c7c0\">Baixa<\/a><\/div>\n","protected":false},"excerpt":{"rendered":"<p>He creat el meu document de l&#8217;esdeveniment al document de Google,Vaig llegir el rubric\u00f3 i vaig preguntar a Gemini si em podia ajudar a crear el document. Li vaig donar la informaci\u00f3 que necessitava i necess\u00e0ria, i em va donar tota la informaci\u00f3 necess\u00e0ria que volia. Aqu\u00ed teniu el PDF [&hellip;]<\/p>\n","protected":false},"author":1,"featured_media":0,"parent":1376,"menu_order":0,"comment_status":"closed","ping_status":"closed","template":"","meta":{"footnotes":""},"class_list":["post-1389","page","type-page","status-publish","hentry"],"_links":{"self":[{"href":"https:\/\/ahassan.inscastellbisbal.net\/index.php?rest_route=\/wp\/v2\/pages\/1389","targetHints":{"allow":["GET"]}}],"collection":[{"href":"https:\/\/ahassan.inscastellbisbal.net\/index.php?rest_route=\/wp\/v2\/pages"}],"about":[{"href":"https:\/\/ahassan.inscastellbisbal.net\/index.php?rest_route=\/wp\/v2\/types\/page"}],"author":[{"embeddable":true,"href":"https:\/\/ahassan.inscastellbisbal.net\/index.php?rest_route=\/wp\/v2\/users\/1"}],"replies":[{"embeddable":true,"href":"https:\/\/ahassan.inscastellbisbal.net\/index.php?rest_route=%2Fwp%2Fv2%2Fcomments&post=1389"}],"version-history":[{"count":2,"href":"https:\/\/ahassan.inscastellbisbal.net\/index.php?rest_route=\/wp\/v2\/pages\/1389\/revisions"}],"predecessor-version":[{"id":1397,"href":"https:\/\/ahassan.inscastellbisbal.net\/index.php?rest_route=\/wp\/v2\/pages\/1389\/revisions\/1397"}],"up":[{"embeddable":true,"href":"https:\/\/ahassan.inscastellbisbal.net\/index.php?rest_route=\/wp\/v2\/pages\/1376"}],"wp:attachment":[{"href":"https:\/\/ahassan.inscastellbisbal.net\/index.php?rest_route=%2Fwp%2Fv2%2Fmedia&parent=1389"}],"curies":[{"name":"wp","href":"https:\/\/api.w.org\/{rel}","templated":true}]}}