{"id":158,"date":"2025-09-24T08:41:38","date_gmt":"2025-09-24T06:41:38","guid":{"rendered":"https:\/\/ahassan.inscastellbisbal.net\/?page_id=158"},"modified":"2026-02-02T09:44:46","modified_gmt":"2026-02-02T08:44:46","slug":"configuracio-de-lhorari-academic-en-el-correu-corporatiu","status":"publish","type":"page","link":"https:\/\/ahassan.inscastellbisbal.net\/?page_id=158","title":{"rendered":"Configuraci\u00f3 de l&#8217;horari acad\u00e8mic en el correu corporatiu"},"content":{"rendered":"\n<p><strong>Configuraci\u00f3 de l&#8217;horari acad\u00e8mic en el correu corporatiu<\/strong><\/p>\n\n\n\n<p>L&#8217;horari acad\u00e8mic \u00e9s un element important per organitzar la gesti\u00f3 i la comunicaci\u00f3 en l&#8217;\u00e0mbit educatiu, especialment quan s&#8217;utilitza un correu corporatiu proporcionat per l&#8217;institut, la universitat o el centre educatiu.<\/p>\n\n\n\n<p>A continuaci\u00f3 s\u2019explica com configurar l\u2019horari acad\u00e8mic al correu corporatiu:<\/p>\n\n\n\n<ol class=\"wp-block-list\">\n<li><strong>Acc\u00e9s a la configuraci\u00f3 del correu<\/strong><br>Primer, accedeix al teu compte de correu corporatiu (normalment a trav\u00e9s de la plataforma web o una aplicaci\u00f3 oficial).<\/li>\n\n\n\n<li><strong>Configurar l\u2019horari de treball o disponibilitat<\/strong><br>Busca l\u2019opci\u00f3 relacionada amb l\u2019horari o la disponibilitat dins de la configuraci\u00f3. Aquesta opci\u00f3 permet indicar els dies i hores en qu\u00e8 est\u00e0s disponible, per exemple, les hores lectives o l\u2019horari de classe.<\/li>\n\n\n\n<li><strong>Afegir horaris acad\u00e8mics<\/strong><br>Introdueix les franges hor\u00e0ries corresponents a les teves classes o hores de treball acad\u00e8mic. Aix\u00f2 permet que els teus companys, estudiants o professors s\u00e0piguen quan est\u00e0s disponible per a reunions o consultes.<\/li>\n\n\n\n<li><strong>Establir respostes autom\u00e0tiques segons l\u2019horari<\/strong><br>Algunes plataformes permeten configurar respostes autom\u00e0tiques basades en l\u2019horari acad\u00e8mic, per exemple, per informar que en certes hores est\u00e0s ocupat o no disponible.<\/li>\n\n\n\n<li><strong>Sincronitzaci\u00f3 amb calendaris<\/strong><br>\u00c9s recomanable sincronitzar l\u2019horari acad\u00e8mic amb el calendari del correu (Google Calendar, Outlook, etc.) per tenir una gesti\u00f3 m\u00e9s visual i pr\u00e0ctica de les activitats i compromisos.<\/li>\n<\/ol>\n\n\n\n<figure class=\"wp-block-image size-large\"><img loading=\"lazy\" decoding=\"async\" width=\"1024\" height=\"499\" src=\"https:\/\/ahassan.inscastellbisbal.net\/wp-content\/uploads\/2025\/09\/image-4-1024x499.png\" alt=\"\" class=\"wp-image-248\" srcset=\"https:\/\/ahassan.inscastellbisbal.net\/wp-content\/uploads\/2025\/09\/image-4-1024x499.png 1024w, https:\/\/ahassan.inscastellbisbal.net\/wp-content\/uploads\/2025\/09\/image-4-300x146.png 300w, https:\/\/ahassan.inscastellbisbal.net\/wp-content\/uploads\/2025\/09\/image-4-768x374.png 768w, https:\/\/ahassan.inscastellbisbal.net\/wp-content\/uploads\/2025\/09\/image-4-1536x749.png 1536w, https:\/\/ahassan.inscastellbisbal.net\/wp-content\/uploads\/2025\/09\/image-4.png 1920w\" sizes=\"auto, (max-width: 1024px) 100vw, 1024px\" \/><\/figure>\n\n\n\n<p><\/p>\n","protected":false},"excerpt":{"rendered":"<p>Configuraci\u00f3 de l&#8217;horari acad\u00e8mic en el correu corporatiu L&#8217;horari acad\u00e8mic \u00e9s un element important per organitzar la gesti\u00f3 i la comunicaci\u00f3 en l&#8217;\u00e0mbit educatiu, especialment quan s&#8217;utilitza un correu corporatiu proporcionat per l&#8217;institut, la universitat o el centre educatiu. A continuaci\u00f3 s\u2019explica com configurar l\u2019horari acad\u00e8mic al correu corporatiu:<\/p>\n","protected":false},"author":1,"featured_media":0,"parent":54,"menu_order":0,"comment_status":"closed","ping_status":"closed","template":"","meta":{"footnotes":""},"class_list":["post-158","page","type-page","status-publish","hentry"],"_links":{"self":[{"href":"https:\/\/ahassan.inscastellbisbal.net\/index.php?rest_route=\/wp\/v2\/pages\/158","targetHints":{"allow":["GET"]}}],"collection":[{"href":"https:\/\/ahassan.inscastellbisbal.net\/index.php?rest_route=\/wp\/v2\/pages"}],"about":[{"href":"https:\/\/ahassan.inscastellbisbal.net\/index.php?rest_route=\/wp\/v2\/types\/page"}],"author":[{"embeddable":true,"href":"https:\/\/ahassan.inscastellbisbal.net\/index.php?rest_route=\/wp\/v2\/users\/1"}],"replies":[{"embeddable":true,"href":"https:\/\/ahassan.inscastellbisbal.net\/index.php?rest_route=%2Fwp%2Fv2%2Fcomments&post=158"}],"version-history":[{"count":3,"href":"https:\/\/ahassan.inscastellbisbal.net\/index.php?rest_route=\/wp\/v2\/pages\/158\/revisions"}],"predecessor-version":[{"id":250,"href":"https:\/\/ahassan.inscastellbisbal.net\/index.php?rest_route=\/wp\/v2\/pages\/158\/revisions\/250"}],"up":[{"embeddable":true,"href":"https:\/\/ahassan.inscastellbisbal.net\/index.php?rest_route=\/wp\/v2\/pages\/54"}],"wp:attachment":[{"href":"https:\/\/ahassan.inscastellbisbal.net\/index.php?rest_route=%2Fwp%2Fv2%2Fmedia&parent=158"}],"curies":[{"name":"wp","href":"https:\/\/api.w.org\/{rel}","templated":true}]}}