{"id":1669,"date":"2026-03-02T11:54:34","date_gmt":"2026-03-02T10:54:34","guid":{"rendered":"https:\/\/ahassan.inscastellbisbal.net\/?page_id=1669"},"modified":"2026-03-02T13:12:45","modified_gmt":"2026-03-02T12:12:45","slug":"preparacio-de-lentorn-de-treball","status":"publish","type":"page","link":"https:\/\/ahassan.inscastellbisbal.net\/?page_id=1669","title":{"rendered":"Preparaci\u00f3 de l&#8217;entorn de treball"},"content":{"rendered":"\n<div class=\"wp-block-columns is-layout-flex wp-container-core-columns-is-layout-28f84493 wp-block-columns-is-layout-flex\">\n<div class=\"wp-block-column is-layout-flow wp-block-column-is-layout-flow\" style=\"flex-basis:100%\">\n<h2 class=\"wp-block-heading\">Per preparar l&#8217;entorn de treball:<\/h2>\n\n\n\n<blockquote class=\"wp-block-quote is-layout-flow wp-block-quote-is-layout-flow\">\n<p>1:He buscat a <strong>Github<\/strong> i he entrat a la <strong>p\u00e0gina<\/strong> de <strong>Github<\/strong>,<\/p>\n\n\n\n<figure class=\"wp-block-image size-large is-resized\"><img loading=\"lazy\" decoding=\"async\" width=\"1024\" height=\"502\" src=\"https:\/\/ahassan.inscastellbisbal.net\/wp-content\/uploads\/2026\/03\/Screenshot-2026-03-02-at-11-39-07-github-Google-Search-1024x502.png\" alt=\"\" class=\"wp-image-1670\" style=\"aspect-ratio:2.0398562907110933;width:355px;height:auto\" srcset=\"https:\/\/ahassan.inscastellbisbal.net\/wp-content\/uploads\/2026\/03\/Screenshot-2026-03-02-at-11-39-07-github-Google-Search-1024x502.png 1024w, https:\/\/ahassan.inscastellbisbal.net\/wp-content\/uploads\/2026\/03\/Screenshot-2026-03-02-at-11-39-07-github-Google-Search-300x147.png 300w, https:\/\/ahassan.inscastellbisbal.net\/wp-content\/uploads\/2026\/03\/Screenshot-2026-03-02-at-11-39-07-github-Google-Search-768x377.png 768w, https:\/\/ahassan.inscastellbisbal.net\/wp-content\/uploads\/2026\/03\/Screenshot-2026-03-02-at-11-39-07-github-Google-Search-1536x754.png 1536w, https:\/\/ahassan.inscastellbisbal.net\/wp-content\/uploads\/2026\/03\/Screenshot-2026-03-02-at-11-39-07-github-Google-Search.png 1908w\" sizes=\"auto, (max-width: 1024px) 100vw, 1024px\" \/><\/figure>\n\n\n\n<p>2:<strong>Inicio<\/strong> <strong>la<\/strong> <strong>sessi\u00f3<\/strong> amb el <strong>compte<\/strong> que ens va donar el nostre <strong>professor\/a,<\/strong><\/p>\n\n\n\n<figure class=\"wp-block-image size-large is-resized\"><img loading=\"lazy\" decoding=\"async\" width=\"1024\" height=\"502\" src=\"https:\/\/ahassan.inscastellbisbal.net\/wp-content\/uploads\/2026\/03\/Screenshot-2026-03-02-at-11-40-19-GitHub-1024x502.png\" alt=\"\" class=\"wp-image-1671\" style=\"aspect-ratio:2.0384615384615383;width:361px;height:auto\" srcset=\"https:\/\/ahassan.inscastellbisbal.net\/wp-content\/uploads\/2026\/03\/Screenshot-2026-03-02-at-11-40-19-GitHub-1024x502.png 1024w, https:\/\/ahassan.inscastellbisbal.net\/wp-content\/uploads\/2026\/03\/Screenshot-2026-03-02-at-11-40-19-GitHub-300x147.png 300w, https:\/\/ahassan.inscastellbisbal.net\/wp-content\/uploads\/2026\/03\/Screenshot-2026-03-02-at-11-40-19-GitHub-768x377.png 768w, https:\/\/ahassan.inscastellbisbal.net\/wp-content\/uploads\/2026\/03\/Screenshot-2026-03-02-at-11-40-19-GitHub-1536x754.png 1536w, https:\/\/ahassan.inscastellbisbal.net\/wp-content\/uploads\/2026\/03\/Screenshot-2026-03-02-at-11-40-19-GitHub.png 1908w\" sizes=\"auto, (max-width: 1024px) 100vw, 1024px\" \/><\/figure>\n\n\n\n<p>3:Despr\u00e9s d&#8217;aix\u00f2 vaig anar al tauler de control (<strong>Dashboard<\/strong>) per canviar la <strong>direcci\u00f3<\/strong> del meu <strong>compte<\/strong> a <strong>institut castellbisbal,<\/strong><\/p>\n\n\n\n<figure class=\"wp-block-image size-full is-resized\"><img loading=\"lazy\" decoding=\"async\" width=\"380\" height=\"923\" src=\"https:\/\/ahassan.inscastellbisbal.net\/wp-content\/uploads\/2026\/03\/Screenshot-2026-03-02-at-11-41-05-GitHub.png\" alt=\"\" class=\"wp-image-1672\" style=\"aspect-ratio:0.41169853768278963;width:117px;height:auto\" srcset=\"https:\/\/ahassan.inscastellbisbal.net\/wp-content\/uploads\/2026\/03\/Screenshot-2026-03-02-at-11-41-05-GitHub.png 380w, https:\/\/ahassan.inscastellbisbal.net\/wp-content\/uploads\/2026\/03\/Screenshot-2026-03-02-at-11-41-05-GitHub-124x300.png 124w\" sizes=\"auto, (max-width: 380px) 100vw, 380px\" \/><\/figure>\n\n\n\n<p>4:Vaig entrar a l&#8217;organitzaci\u00f3 de <strong>l&#8217;institut castellbisbal,<\/strong>Vaig donar el bot\u00f3 (<strong>View organization<\/strong>),<\/p>\n\n\n\n<figure class=\"wp-block-image size-full is-resized\"><img loading=\"lazy\" decoding=\"async\" width=\"335\" height=\"468\" src=\"https:\/\/ahassan.inscastellbisbal.net\/wp-content\/uploads\/2026\/03\/Screenshot-2026-03-02-at-11-41-17-Dashboard.png\" alt=\"\" class=\"wp-image-1674\" style=\"aspect-ratio:0.7158131928473664;width:182px;height:auto\" srcset=\"https:\/\/ahassan.inscastellbisbal.net\/wp-content\/uploads\/2026\/03\/Screenshot-2026-03-02-at-11-41-17-Dashboard.png 335w, https:\/\/ahassan.inscastellbisbal.net\/wp-content\/uploads\/2026\/03\/Screenshot-2026-03-02-at-11-41-17-Dashboard-215x300.png 215w\" sizes=\"auto, (max-width: 335px) 100vw, 335px\" \/><\/figure>\n\n\n\n<figure class=\"wp-block-image size-large is-resized\"><img loading=\"lazy\" decoding=\"async\" width=\"1024\" height=\"343\" src=\"https:\/\/ahassan.inscastellbisbal.net\/wp-content\/uploads\/2026\/03\/Screenshot-2026-03-02-at-11-41-25-1r-dSMX-2026-1024x343.png\" alt=\"\" class=\"wp-image-1678\" style=\"aspect-ratio:2.985354999783409;width:700px;height:auto\" srcset=\"https:\/\/ahassan.inscastellbisbal.net\/wp-content\/uploads\/2026\/03\/Screenshot-2026-03-02-at-11-41-25-1r-dSMX-2026-1024x343.png 1024w, https:\/\/ahassan.inscastellbisbal.net\/wp-content\/uploads\/2026\/03\/Screenshot-2026-03-02-at-11-41-25-1r-dSMX-2026-300x101.png 300w, https:\/\/ahassan.inscastellbisbal.net\/wp-content\/uploads\/2026\/03\/Screenshot-2026-03-02-at-11-41-25-1r-dSMX-2026-768x258.png 768w, https:\/\/ahassan.inscastellbisbal.net\/wp-content\/uploads\/2026\/03\/Screenshot-2026-03-02-at-11-41-25-1r-dSMX-2026-1536x515.png 1536w, https:\/\/ahassan.inscastellbisbal.net\/wp-content\/uploads\/2026\/03\/Screenshot-2026-03-02-at-11-41-25-1r-dSMX-2026.png 1920w\" sizes=\"auto, (max-width: 1024px) 100vw, 1024px\" \/><\/figure>\n\n\n\n<p>5:despr\u00e9s d&#8217;entrar a l&#8217;<strong>organitzaci\u00f3<\/strong> ja hav\u00edem creat un <strong>grup<\/strong> del nostre <strong>equip<\/strong> que va ser creat pel nostre <strong>professor<\/strong>,<\/p>\n\n\n\n<figure class=\"wp-block-image size-large is-resized\"><img loading=\"lazy\" decoding=\"async\" width=\"1024\" height=\"502\" src=\"https:\/\/ahassan.inscastellbisbal.net\/wp-content\/uploads\/2026\/03\/Screenshot-2026-03-02-at-08-49-27-Institut-Castellbisbal_xatbot-2026-equip-7-repte-1-3-xatbot-2026-xatbot-2026-XatBot2026-created-by-GitHub-Classroom-1024x502.png\" alt=\"\" class=\"wp-image-1680\" style=\"aspect-ratio:2.0398562907110933;width:616px;height:auto\" srcset=\"https:\/\/ahassan.inscastellbisbal.net\/wp-content\/uploads\/2026\/03\/Screenshot-2026-03-02-at-08-49-27-Institut-Castellbisbal_xatbot-2026-equip-7-repte-1-3-xatbot-2026-xatbot-2026-XatBot2026-created-by-GitHub-Classroom-1024x502.png 1024w, https:\/\/ahassan.inscastellbisbal.net\/wp-content\/uploads\/2026\/03\/Screenshot-2026-03-02-at-08-49-27-Institut-Castellbisbal_xatbot-2026-equip-7-repte-1-3-xatbot-2026-xatbot-2026-XatBot2026-created-by-GitHub-Classroom-300x147.png 300w, https:\/\/ahassan.inscastellbisbal.net\/wp-content\/uploads\/2026\/03\/Screenshot-2026-03-02-at-08-49-27-Institut-Castellbisbal_xatbot-2026-equip-7-repte-1-3-xatbot-2026-xatbot-2026-XatBot2026-created-by-GitHub-Classroom-768x377.png 768w, https:\/\/ahassan.inscastellbisbal.net\/wp-content\/uploads\/2026\/03\/Screenshot-2026-03-02-at-08-49-27-Institut-Castellbisbal_xatbot-2026-equip-7-repte-1-3-xatbot-2026-xatbot-2026-XatBot2026-created-by-GitHub-Classroom-1536x754.png 1536w, https:\/\/ahassan.inscastellbisbal.net\/wp-content\/uploads\/2026\/03\/Screenshot-2026-03-02-at-08-49-27-Institut-Castellbisbal_xatbot-2026-equip-7-repte-1-3-xatbot-2026-xatbot-2026-XatBot2026-created-by-GitHub-Classroom.png 1908w\" sizes=\"auto, (max-width: 1024px) 100vw, 1024px\" \/><\/figure>\n\n\n\n<p>6:en aquell grup ten\u00edem tota la <strong>informaci\u00f3<\/strong> que <strong>necessit\u00e0vem<\/strong>, la va crear el nostre <strong>professor<\/strong>,<\/p>\n<\/blockquote>\n<\/div>\n<\/div>\n\n\n\n<h2 class=\"wp-block-heading\">Obrint la tasca a Google Colab:<\/h2>\n\n\n\n<blockquote class=\"wp-block-quote is-layout-flow wp-block-quote-is-layout-flow\">\n<p>1:Vam entrar a la tasca de <strong>xatbot<\/strong> i vam haver d&#8217;obrir-la a <strong>Google colab<\/strong> per poder <strong>executar<\/strong> el codi que ten\u00edem.<\/p>\n\n\n\n<ul class=\"wp-block-list\">\n<li>A <strong>dalt a l&#8217;esquerra<\/strong> hi havia una <strong>opci\u00f3<\/strong> per obrir-lo a <strong>Google<\/strong> <strong>Colab<\/strong>.Hi <strong>faig<\/strong> <strong>clic<\/strong><\/li>\n<\/ul>\n\n\n\n<figure class=\"wp-block-image size-large is-resized\"><img loading=\"lazy\" decoding=\"async\" width=\"1024\" height=\"502\" src=\"https:\/\/ahassan.inscastellbisbal.net\/wp-content\/uploads\/2026\/03\/Screenshot-2026-03-02-at-08-50-25-xatbot-2026-equip-7_XatBot2026.ipynb-at-main-\u00b7-Institut-Castellbisbal_xatbot-2026-equip-7-1024x502.png\" alt=\"\" class=\"wp-image-1681\" style=\"aspect-ratio:2.0398562907110933;width:432px;height:auto\" srcset=\"https:\/\/ahassan.inscastellbisbal.net\/wp-content\/uploads\/2026\/03\/Screenshot-2026-03-02-at-08-50-25-xatbot-2026-equip-7_XatBot2026.ipynb-at-main-\u00b7-Institut-Castellbisbal_xatbot-2026-equip-7-1024x502.png 1024w, https:\/\/ahassan.inscastellbisbal.net\/wp-content\/uploads\/2026\/03\/Screenshot-2026-03-02-at-08-50-25-xatbot-2026-equip-7_XatBot2026.ipynb-at-main-\u00b7-Institut-Castellbisbal_xatbot-2026-equip-7-300x147.png 300w, https:\/\/ahassan.inscastellbisbal.net\/wp-content\/uploads\/2026\/03\/Screenshot-2026-03-02-at-08-50-25-xatbot-2026-equip-7_XatBot2026.ipynb-at-main-\u00b7-Institut-Castellbisbal_xatbot-2026-equip-7-768x377.png 768w, https:\/\/ahassan.inscastellbisbal.net\/wp-content\/uploads\/2026\/03\/Screenshot-2026-03-02-at-08-50-25-xatbot-2026-equip-7_XatBot2026.ipynb-at-main-\u00b7-Institut-Castellbisbal_xatbot-2026-equip-7-1536x754.png 1536w, https:\/\/ahassan.inscastellbisbal.net\/wp-content\/uploads\/2026\/03\/Screenshot-2026-03-02-at-08-50-25-xatbot-2026-equip-7_XatBot2026.ipynb-at-main-\u00b7-Institut-Castellbisbal_xatbot-2026-equip-7.png 1908w\" sizes=\"auto, (max-width: 1024px) 100vw, 1024px\" \/><\/figure>\n\n\n\n<p>Ho vam haver d&#8217;obrir amb l&#8217;<strong>organitzaci\u00f3<\/strong> <strong>institut<\/strong> <strong>castellbisbal<\/strong>, ho vaig escriure, la meva tasca era just a sota del <strong>bot\u00f3<\/strong> de la p\u00e0gina, hi vaig fer <strong>clic<\/strong>.<\/p>\n\n\n\n<figure class=\"wp-block-image size-full is-resized\"><img loading=\"lazy\" decoding=\"async\" width=\"900\" height=\"678\" src=\"https:\/\/ahassan.inscastellbisbal.net\/wp-content\/uploads\/2026\/03\/Screenshot-2026-03-02-at-08-51-27-Google-Colab.png\" alt=\"\" class=\"wp-image-1682\" style=\"aspect-ratio:1.3274335742059673;width:434px;height:auto\" srcset=\"https:\/\/ahassan.inscastellbisbal.net\/wp-content\/uploads\/2026\/03\/Screenshot-2026-03-02-at-08-51-27-Google-Colab.png 900w, https:\/\/ahassan.inscastellbisbal.net\/wp-content\/uploads\/2026\/03\/Screenshot-2026-03-02-at-08-51-27-Google-Colab-300x226.png 300w, https:\/\/ahassan.inscastellbisbal.net\/wp-content\/uploads\/2026\/03\/Screenshot-2026-03-02-at-08-51-27-Google-Colab-768x579.png 768w\" sizes=\"auto, (max-width: 900px) 100vw, 900px\" \/><\/figure>\n\n\n\n<p>i aix\u00f2 \u00e9s tot, vam obrir el nostre codi a <strong>Google<\/strong> <strong>Colab<\/strong>.<\/p>\n\n\n\n<figure class=\"wp-block-image size-large is-resized\"><img loading=\"lazy\" decoding=\"async\" width=\"1024\" height=\"499\" src=\"https:\/\/ahassan.inscastellbisbal.net\/wp-content\/uploads\/2026\/03\/Screenshot-2026-03-02-at-08-51-57-XatBot2026.ipynb-Colab-1024x499.png\" alt=\"\" class=\"wp-image-1683\" style=\"aspect-ratio:2.052142520715756;width:505px;height:auto\" srcset=\"https:\/\/ahassan.inscastellbisbal.net\/wp-content\/uploads\/2026\/03\/Screenshot-2026-03-02-at-08-51-57-XatBot2026.ipynb-Colab-1024x499.png 1024w, https:\/\/ahassan.inscastellbisbal.net\/wp-content\/uploads\/2026\/03\/Screenshot-2026-03-02-at-08-51-57-XatBot2026.ipynb-Colab-300x146.png 300w, https:\/\/ahassan.inscastellbisbal.net\/wp-content\/uploads\/2026\/03\/Screenshot-2026-03-02-at-08-51-57-XatBot2026.ipynb-Colab-768x374.png 768w, https:\/\/ahassan.inscastellbisbal.net\/wp-content\/uploads\/2026\/03\/Screenshot-2026-03-02-at-08-51-57-XatBot2026.ipynb-Colab-1536x749.png 1536w, https:\/\/ahassan.inscastellbisbal.net\/wp-content\/uploads\/2026\/03\/Screenshot-2026-03-02-at-08-51-57-XatBot2026.ipynb-Colab.png 1920w\" sizes=\"auto, (max-width: 1024px) 100vw, 1024px\" \/><\/figure>\n<\/blockquote>\n\n\n\n<h2 class=\"wp-block-heading\">Trobar l&#8217;API Key.<\/h2>\n\n\n\n<blockquote class=\"wp-block-quote is-layout-flow wp-block-quote-is-layout-flow\">\n<p>1:Per <strong>executar<\/strong> el nostre codi a Colab <strong>necessit\u00e0vem<\/strong> una API Key.<\/p>\n\n\n\n<ul class=\"wp-block-list\">\n<li>a la barra esquerra ten\u00edem una opci\u00f3 de <strong>API Key<\/strong> i hi havia una opci\u00f3 de generar <strong>API key<\/strong> amb <a href=\"https:\/\/aistudio.google.com\/welcome\" data-type=\"link\" data-id=\"https:\/\/aistudio.google.com\/welcome\" target=\"_blank\" rel=\"noreferrer noopener\"><strong>Google AI Studio<\/strong><\/a><mark style=\"background-color:rgba(0, 0, 0, 0)\" class=\"has-inline-color has-black-color\">,<\/mark><\/li>\n\n\n\n<li>Vaig fer clic a l&#8217;opci\u00f3 de (Manage Keys in Google AI Studio).<\/li>\n<\/ul>\n\n\n\n<figure class=\"wp-block-image size-full is-resized\"><img loading=\"lazy\" decoding=\"async\" width=\"440\" height=\"780\" src=\"https:\/\/ahassan.inscastellbisbal.net\/wp-content\/uploads\/2026\/03\/Screenshot-2026-03-02-at-08-53-03-XatBot2026.ipynb-Colab.png\" alt=\"\" class=\"wp-image-1684\" style=\"width:179px;height:auto\" srcset=\"https:\/\/ahassan.inscastellbisbal.net\/wp-content\/uploads\/2026\/03\/Screenshot-2026-03-02-at-08-53-03-XatBot2026.ipynb-Colab.png 440w, https:\/\/ahassan.inscastellbisbal.net\/wp-content\/uploads\/2026\/03\/Screenshot-2026-03-02-at-08-53-03-XatBot2026.ipynb-Colab-169x300.png 169w\" sizes=\"auto, (max-width: 440px) 100vw, 440px\" \/><\/figure>\n\n\n\n<p>despr\u00e9s d&#8217;obrir una p\u00e0gina de Google on puc <strong>crear<\/strong> una API key,<\/p>\n\n\n\n<figure class=\"wp-block-image size-large is-resized\"><img loading=\"lazy\" decoding=\"async\" width=\"1024\" height=\"499\" src=\"https:\/\/ahassan.inscastellbisbal.net\/wp-content\/uploads\/2026\/03\/Screenshot-2026-03-02-at-08-53-33-API-keys-Google-AI-Studio-1024x499.png\" alt=\"\" class=\"wp-image-1685\" style=\"aspect-ratio:2.052142520715756;width:433px;height:auto\" srcset=\"https:\/\/ahassan.inscastellbisbal.net\/wp-content\/uploads\/2026\/03\/Screenshot-2026-03-02-at-08-53-33-API-keys-Google-AI-Studio-1024x499.png 1024w, https:\/\/ahassan.inscastellbisbal.net\/wp-content\/uploads\/2026\/03\/Screenshot-2026-03-02-at-08-53-33-API-keys-Google-AI-Studio-300x146.png 300w, https:\/\/ahassan.inscastellbisbal.net\/wp-content\/uploads\/2026\/03\/Screenshot-2026-03-02-at-08-53-33-API-keys-Google-AI-Studio-768x374.png 768w, https:\/\/ahassan.inscastellbisbal.net\/wp-content\/uploads\/2026\/03\/Screenshot-2026-03-02-at-08-53-33-API-keys-Google-AI-Studio-1536x749.png 1536w, https:\/\/ahassan.inscastellbisbal.net\/wp-content\/uploads\/2026\/03\/Screenshot-2026-03-02-at-08-53-33-API-keys-Google-AI-Studio.png 1920w\" sizes=\"auto, (max-width: 1024px) 100vw, 1024px\" \/><\/figure>\n\n\n\n<p>He fet clic a l&#8217;<strong>opci\u00f3<\/strong> de crear una <strong>API Key<\/strong> a la part <strong>superior<\/strong> <strong>dreta<\/strong> de la p\u00e0gina,<\/p>\n\n\n\n<figure class=\"wp-block-image size-large is-resized\"><img loading=\"lazy\" decoding=\"async\" width=\"1024\" height=\"499\" src=\"https:\/\/ahassan.inscastellbisbal.net\/wp-content\/uploads\/2026\/03\/Screenshot-2026-03-02-at-08-53-33-API-keys-Google-AI-Studio-1-1024x499.png\" alt=\"\" class=\"wp-image-1686\" style=\"aspect-ratio:2.052142520715756;width:431px;height:auto\" srcset=\"https:\/\/ahassan.inscastellbisbal.net\/wp-content\/uploads\/2026\/03\/Screenshot-2026-03-02-at-08-53-33-API-keys-Google-AI-Studio-1-1024x499.png 1024w, https:\/\/ahassan.inscastellbisbal.net\/wp-content\/uploads\/2026\/03\/Screenshot-2026-03-02-at-08-53-33-API-keys-Google-AI-Studio-1-300x146.png 300w, https:\/\/ahassan.inscastellbisbal.net\/wp-content\/uploads\/2026\/03\/Screenshot-2026-03-02-at-08-53-33-API-keys-Google-AI-Studio-1-768x374.png 768w, https:\/\/ahassan.inscastellbisbal.net\/wp-content\/uploads\/2026\/03\/Screenshot-2026-03-02-at-08-53-33-API-keys-Google-AI-Studio-1-1536x749.png 1536w, https:\/\/ahassan.inscastellbisbal.net\/wp-content\/uploads\/2026\/03\/Screenshot-2026-03-02-at-08-53-33-API-keys-Google-AI-Studio-1.png 1920w\" sizes=\"auto, (max-width: 1024px) 100vw, 1024px\" \/><\/figure>\n\n\n\n<p>aix\u00f2 \u00e9s tot, hem generat la nostra <strong>API key.<\/strong><\/p>\n<\/blockquote>\n\n\n\n<h2 class=\"wp-block-heading\">Run the code:<\/h2>\n\n\n\n<blockquote class=\"wp-block-quote is-layout-flow wp-block-quote-is-layout-flow\">\n<p>Despr\u00e9s d&#8217;<strong>aconseguir<\/strong> la <strong>clau<\/strong>(<strong>API Key<\/strong>), la vaig enganxar a <strong>Google<\/strong> <strong>Colab<\/strong> on la <strong>necessitava<\/strong>,<\/p>\n\n\n\n<figure class=\"wp-block-image size-full is-resized\"><img loading=\"lazy\" decoding=\"async\" width=\"400\" height=\"357\" src=\"https:\/\/ahassan.inscastellbisbal.net\/wp-content\/uploads\/2026\/03\/Screenshot-2026-03-02-at-08-54-10-XatBot2026.ipynb-Colab.png\" alt=\"\" class=\"wp-image-1687\" style=\"width:273px;height:auto\" srcset=\"https:\/\/ahassan.inscastellbisbal.net\/wp-content\/uploads\/2026\/03\/Screenshot-2026-03-02-at-08-54-10-XatBot2026.ipynb-Colab.png 400w, https:\/\/ahassan.inscastellbisbal.net\/wp-content\/uploads\/2026\/03\/Screenshot-2026-03-02-at-08-54-10-XatBot2026.ipynb-Colab-300x268.png 300w\" sizes=\"auto, (max-width: 400px) 100vw, 400px\" \/><\/figure>\n\n\n\n<p>Despr\u00e9s d&#8217;aix\u00f2, quan vaig <strong>executar<\/strong> el <strong>codi<\/strong>, <strong>funcionava<\/strong>,cosa que vol dir que hem fet la nostra feina tan b\u00e9.<\/p>\n\n\n\n<ul class=\"wp-block-list\">\n<li>Aqu\u00ed teniu el codi que s&#8217;executa i funciona com a Xatbot.<\/li>\n<\/ul>\n\n\n\n<figure class=\"wp-block-image size-large is-resized\"><img loading=\"lazy\" decoding=\"async\" width=\"1024\" height=\"499\" src=\"https:\/\/ahassan.inscastellbisbal.net\/wp-content\/uploads\/2026\/03\/Screenshot-2026-03-02-at-08-55-00-XatBot2026.ipynb-Colab-1024x499.png\" alt=\"\" class=\"wp-image-1688\" style=\"aspect-ratio:2.052142520715756;width:532px;height:auto\" srcset=\"https:\/\/ahassan.inscastellbisbal.net\/wp-content\/uploads\/2026\/03\/Screenshot-2026-03-02-at-08-55-00-XatBot2026.ipynb-Colab-1024x499.png 1024w, https:\/\/ahassan.inscastellbisbal.net\/wp-content\/uploads\/2026\/03\/Screenshot-2026-03-02-at-08-55-00-XatBot2026.ipynb-Colab-300x146.png 300w, https:\/\/ahassan.inscastellbisbal.net\/wp-content\/uploads\/2026\/03\/Screenshot-2026-03-02-at-08-55-00-XatBot2026.ipynb-Colab-768x374.png 768w, https:\/\/ahassan.inscastellbisbal.net\/wp-content\/uploads\/2026\/03\/Screenshot-2026-03-02-at-08-55-00-XatBot2026.ipynb-Colab-1536x749.png 1536w, https:\/\/ahassan.inscastellbisbal.net\/wp-content\/uploads\/2026\/03\/Screenshot-2026-03-02-at-08-55-00-XatBot2026.ipynb-Colab.png 1920w\" sizes=\"auto, (max-width: 1024px) 100vw, 1024px\" \/><\/figure>\n<\/blockquote>\n\n\n<div class=\"wpforms-container wpforms-container-full wpforms-block wpforms-block-5719104f-e388-4f91-a715-586002dae198\" id=\"wpforms-764\"><form id=\"wpforms-form-764\" class=\"wpforms-validate wpforms-form\" data-formid=\"764\" method=\"post\" enctype=\"multipart\/form-data\" action=\"\/index.php?rest_route=%2Fwp%2Fv2%2Fpages%2F1669\" data-token=\"0bed34a744a676e1df5823f5038439b0\" data-token-time=\"1778161433\"><noscript class=\"wpforms-error-noscript\">Activeu el JavaScript al navegador per a poder completar el formulari.<\/noscript><div class=\"wpforms-field-container\"><div id=\"wpforms-764-field_0-container\" class=\"wpforms-field wpforms-field-name wpforms-one-half wpforms-first\" data-field-id=\"0\"><label class=\"wpforms-field-label wpforms-label-hide\" for=\"wpforms-764-field_0\">Name <span class=\"wpforms-required-label\">*<\/span><\/label><input type=\"text\" id=\"wpforms-764-field_0\" class=\"wpforms-field-large wpforms-field-required\" name=\"wpforms[fields][0]\" placeholder=\"Your Name\" required><\/div><div id=\"wpforms-764-field_3-container\" class=\"wpforms-field wpforms-field-email wpforms-one-half\" data-field-id=\"3\"><label class=\"wpforms-field-label wpforms-label-hide\" for=\"wpforms-764-field_3\">Email <span class=\"wpforms-required-label\">*<\/span><\/label><input type=\"email\" id=\"wpforms-764-field_3\" class=\"wpforms-field-large wpforms-field-required\" name=\"wpforms[fields][3]\" placeholder=\"Your Email\" spellcheck=\"false\" required><\/div><div id=\"wpforms-764-field_4-container\" class=\"wpforms-field wpforms-field-text\" data-field-id=\"4\"><label class=\"wpforms-field-label wpforms-label-hide\" for=\"wpforms-764-field_4\">Subject<\/label><input type=\"text\" id=\"wpforms-764-field_4\" class=\"wpforms-field-large\" name=\"wpforms[fields][4]\" placeholder=\"Subject\" ><\/div><div id=\"wpforms-764-field_2-container\" class=\"wpforms-field wpforms-field-textarea\" data-field-id=\"2\"><label class=\"wpforms-field-label wpforms-label-hide\" for=\"wpforms-764-field_2\">Message <span class=\"wpforms-required-label\">*<\/span><\/label><textarea id=\"wpforms-764-field_2\" class=\"wpforms-field-medium wpforms-field-required\" name=\"wpforms[fields][2]\" placeholder=\"Your Message\" required><\/textarea><\/div><\/div><!-- .wpforms-field-container --><div class=\"wpforms-submit-container\" ><input type=\"hidden\" name=\"wpforms[id]\" value=\"764\"><input type=\"hidden\" name=\"page_title\" value=\"\"><input type=\"hidden\" name=\"page_url\" value=\"https:\/\/ahassan.inscastellbisbal.net\/index.php?rest_route=\/wp\/v2\/pages\/1669\"><input type=\"hidden\" name=\"url_referer\" value=\"\"><button type=\"submit\" name=\"wpforms[submit]\" id=\"wpforms-submit-764\" class=\"wpforms-submit\" data-alt-text=\"Sending...\" data-submit-text=\"Send message\" aria-live=\"assertive\" value=\"wpforms-submit\">Send message<\/button><\/div><\/form><\/div>  <!-- .wpforms-container -->\n\n\n<p><\/p>\n","protected":false},"excerpt":{"rendered":"<p>Per preparar l&#8217;entorn de treball: 1:He buscat a Github i he entrat a la p\u00e0gina de Github, 2:Inicio la sessi\u00f3 amb el compte que ens va donar el nostre professor\/a, 3:Despr\u00e9s d&#8217;aix\u00f2 vaig anar al tauler de control (Dashboard) per canviar la direcci\u00f3 del meu compte a institut castellbisbal, 4:Vaig [&hellip;]<\/p>\n","protected":false},"author":1,"featured_media":0,"parent":1493,"menu_order":0,"comment_status":"closed","ping_status":"closed","template":"","meta":{"footnotes":""},"class_list":["post-1669","page","type-page","status-publish","hentry"],"_links":{"self":[{"href":"https:\/\/ahassan.inscastellbisbal.net\/index.php?rest_route=\/wp\/v2\/pages\/1669","targetHints":{"allow":["GET"]}}],"collection":[{"href":"https:\/\/ahassan.inscastellbisbal.net\/index.php?rest_route=\/wp\/v2\/pages"}],"about":[{"href":"https:\/\/ahassan.inscastellbisbal.net\/index.php?rest_route=\/wp\/v2\/types\/page"}],"author":[{"embeddable":true,"href":"https:\/\/ahassan.inscastellbisbal.net\/index.php?rest_route=\/wp\/v2\/users\/1"}],"replies":[{"embeddable":true,"href":"https:\/\/ahassan.inscastellbisbal.net\/index.php?rest_route=%2Fwp%2Fv2%2Fcomments&post=1669"}],"version-history":[{"count":5,"href":"https:\/\/ahassan.inscastellbisbal.net\/index.php?rest_route=\/wp\/v2\/pages\/1669\/revisions"}],"predecessor-version":[{"id":1692,"href":"https:\/\/ahassan.inscastellbisbal.net\/index.php?rest_route=\/wp\/v2\/pages\/1669\/revisions\/1692"}],"up":[{"embeddable":true,"href":"https:\/\/ahassan.inscastellbisbal.net\/index.php?rest_route=\/wp\/v2\/pages\/1493"}],"wp:attachment":[{"href":"https:\/\/ahassan.inscastellbisbal.net\/index.php?rest_route=%2Fwp%2Fv2%2Fmedia&parent=1669"}],"curies":[{"name":"wp","href":"https:\/\/api.w.org\/{rel}","templated":true}]}}