{"id":169,"date":"2025-09-24T10:39:03","date_gmt":"2025-09-24T08:39:03","guid":{"rendered":"https:\/\/ahassan.inscastellbisbal.net\/?page_id=169"},"modified":"2025-12-15T11:46:57","modified_gmt":"2025-12-15T10:46:57","slug":"estructura-de-directoris-de-treball-a-drive","status":"publish","type":"page","link":"https:\/\/ahassan.inscastellbisbal.net\/?page_id=169","title":{"rendered":"Estructura de directoris de treball a Drive"},"content":{"rendered":"\n<h3 class=\"wp-block-heading\">Estructura de directoris de treball a Drive<\/h3>\n\n\n\n<p>L\u2019estructura de directoris \u00e9s la manera com s\u2019organitzen i classifiquen les carpetes i fitxers dins del teu espai de treball a Google Drive o qualsevol sistema de gesti\u00f3 de fitxers similar.<\/p>\n\n\n\n<figure class=\"wp-block-image size-full\"><img loading=\"lazy\" decoding=\"async\" width=\"367\" height=\"59\" src=\"https:\/\/ahassan.inscastellbisbal.net\/wp-content\/uploads\/2025\/09\/image-5.png\" alt=\"\" class=\"wp-image-254\" srcset=\"https:\/\/ahassan.inscastellbisbal.net\/wp-content\/uploads\/2025\/09\/image-5.png 367w, https:\/\/ahassan.inscastellbisbal.net\/wp-content\/uploads\/2025\/09\/image-5-300x48.png 300w, https:\/\/ahassan.inscastellbisbal.net\/wp-content\/uploads\/2025\/09\/image-5-360x59.png 360w\" sizes=\"auto, (max-width: 367px) 100vw, 367px\" \/><\/figure>\n\n\n\n<p>Per crear una carpeta nova hem de fer clic a \u201cNou\u201d. S\u2019obrir\u00e0 un men\u00fa desplegable hi hem de fer clic a \u201cCarpeta nova\u201d.<\/p>\n\n\n\n<figure class=\"wp-block-image size-full\"><img loading=\"lazy\" decoding=\"async\" width=\"124\" height=\"60\" src=\"https:\/\/ahassan.inscastellbisbal.net\/wp-content\/uploads\/2025\/12\/Screenshot-at-2025-12-15-11-28-38-1.png\" alt=\"\" class=\"wp-image-1322\"\/><\/figure>\n\n\n\n<figure class=\"wp-block-image size-full is-resized\"><img loading=\"lazy\" decoding=\"async\" width=\"376\" height=\"478\" src=\"https:\/\/ahassan.inscastellbisbal.net\/wp-content\/uploads\/2025\/12\/image-3.png\" alt=\"\" class=\"wp-image-1326\" style=\"width:221px;height:auto\" srcset=\"https:\/\/ahassan.inscastellbisbal.net\/wp-content\/uploads\/2025\/12\/image-3.png 376w, https:\/\/ahassan.inscastellbisbal.net\/wp-content\/uploads\/2025\/12\/image-3-236x300.png 236w\" sizes=\"auto, (max-width: 376px) 100vw, 376px\" \/><\/figure>\n\n\n\n<p>Podrem nomenar a la carpeta com vulguem, aix\u00f2 s\u00ed, no podr\u00e0 tenir el mateix nom que una alta ja creada.<\/p>\n\n\n\n<figure class=\"wp-block-image size-full\"><img loading=\"lazy\" decoding=\"async\" width=\"316\" height=\"169\" src=\"https:\/\/ahassan.inscastellbisbal.net\/wp-content\/uploads\/2025\/12\/image-1.png\" alt=\"\" class=\"wp-image-1321\" srcset=\"https:\/\/ahassan.inscastellbisbal.net\/wp-content\/uploads\/2025\/12\/image-1.png 316w, https:\/\/ahassan.inscastellbisbal.net\/wp-content\/uploads\/2025\/12\/image-1-300x160.png 300w\" sizes=\"auto, (max-width: 316px) 100vw, 316px\" \/><\/figure>\n\n\n\n<figure class=\"wp-block-image size-full is-resized\"><img loading=\"lazy\" decoding=\"async\" width=\"714\" height=\"362\" src=\"https:\/\/ahassan.inscastellbisbal.net\/wp-content\/uploads\/2025\/12\/image-4.png\" alt=\"\" class=\"wp-image-1327\" style=\"width:606px;height:auto\" srcset=\"https:\/\/ahassan.inscastellbisbal.net\/wp-content\/uploads\/2025\/12\/image-4.png 714w, https:\/\/ahassan.inscastellbisbal.net\/wp-content\/uploads\/2025\/12\/image-4-300x152.png 300w\" sizes=\"auto, (max-width: 714px) 100vw, 714px\" \/><\/figure>\n\n\n\n<p>Per crear una subcarpeta hem de seguir el mateix proc\u00e9s per\u00f2 dins d\u2019una altra carpeta.<\/p>\n\n\n\n<p>En el meu cas que he creat una carpeta per a cada repte en la qual vaig guardant els documents i imatges que vaig utilitzant a cada repte.<\/p>\n\n\n\n<figure class=\"wp-block-image size-full is-resized\"><img loading=\"lazy\" decoding=\"async\" width=\"728\" height=\"366\" src=\"https:\/\/ahassan.inscastellbisbal.net\/wp-content\/uploads\/2025\/12\/image-5.png\" alt=\"\" class=\"wp-image-1328\" style=\"width:606px;height:auto\" srcset=\"https:\/\/ahassan.inscastellbisbal.net\/wp-content\/uploads\/2025\/12\/image-5.png 728w, https:\/\/ahassan.inscastellbisbal.net\/wp-content\/uploads\/2025\/12\/image-5-300x151.png 300w\" sizes=\"auto, (max-width: 728px) 100vw, 728px\" \/><\/figure>\n\n\n\n<p>1. <strong>Qu\u00e8 \u00e9s un directori (o carpeta)?<\/strong><\/p>\n\n\n\n<p>Un directori, tamb\u00e9 conegut com a carpeta, \u00e9s un contenidor on s\u2019emmagatzemen fitxers o altres carpetes. \u00c9s una manera d\u2019organitzar la informaci\u00f3 per mantenir-la ordenada i f\u00e0cil de trobar.<\/p>\n\n\n\n<h4 class=\"wp-block-heading\">2. <strong>Estructura jer\u00e0rquica<\/strong><\/h4>\n\n\n\n<p>La majoria dels sistemes de fitxers utilitzen una estructura jer\u00e0rquica, \u00e9s a dir, una carpeta principal que pot contenir subcarpetes, i aquestes a la vegada poden contenir m\u00e9s subcarpetes o fitxers.<\/p>\n\n\n\n<p><strong>Exemple d\u2019estructura:<\/strong><\/p>\n\n\n\n<pre class=\"wp-block-preformatted\">Drive<br>\u2502<br>\u251c\u2500\u2500 Projectes<br>\u2502   \u251c\u2500\u2500 Projecte_A<br>\u2502   \u2502   \u251c\u2500\u2500 Documents<br>\u2502   \u2502   \u2514\u2500\u2500 Imatges<br>\u2502   \u2514\u2500\u2500 Projecte_B<br>\u2502       \u251c\u2500\u2500 Documents<br>\u2502       \u2514\u2500\u2500 Presentacions<br>\u2502<br>\u251c\u2500\u2500 Personal<br>\u2502   \u251c\u2500\u2500 Fotos<br>\u2502   \u2514\u2500\u2500 Documents_personals<br>\u2502<br>\u2514\u2500\u2500 Formaci\u00f3<br>    \u251c\u2500\u2500 Cursos<br>    \u2514\u2500\u2500 Certificats<br><\/pre>\n\n\n\n<h4 class=\"wp-block-heading\">3. <strong>Bones pr\u00e0ctiques per organitzar directoris<\/strong><\/h4>\n\n\n\n<ul class=\"wp-block-list\">\n<li><strong>Claredat en els noms:<\/strong> Posar noms descriptius a les carpetes per identificar f\u00e0cilment el contingut.<\/li>\n\n\n\n<li><strong>\u00das de subcarpetes:<\/strong> Divideix el contingut en categories espec\u00edfiques.<\/li>\n\n\n\n<li><strong>Evitar carpetes massa grans:<\/strong> No posar tots els fitxers en una sola carpeta, sin\u00f3 repartir-los en subcarpetes.<\/li>\n\n\n\n<li><strong>Consist\u00e8ncia:<\/strong> Mantingues un esquema d\u2019organitzaci\u00f3 homogeni per tot l\u2019equip o per a tu mateix.<\/li>\n<\/ul>\n\n\n\n<h4 class=\"wp-block-heading\">4. <strong>Beneficis d\u2019una bona estructura<\/strong><\/h4>\n\n\n\n<ul class=\"wp-block-list\">\n<li>Facilita la cerca i recuperaci\u00f3 de documents.<\/li>\n\n\n\n<li>Millora la col\u00b7laboraci\u00f3 en equips perqu\u00e8 tothom sap on trobar la informaci\u00f3.<\/li>\n\n\n\n<li>Evita la p\u00e8rdua o duplicaci\u00f3 de fitxers.<\/li>\n<\/ul>\n\n\n\n<hr class=\"wp-block-separator has-alpha-channel-opacity\"\/>\n\n\n\n<figure class=\"wp-block-image size-large\"><img loading=\"lazy\" decoding=\"async\" width=\"1024\" height=\"499\" src=\"https:\/\/ahassan.inscastellbisbal.net\/wp-content\/uploads\/2025\/09\/image-6-1024x499.png\" alt=\"\" class=\"wp-image-256\" srcset=\"https:\/\/ahassan.inscastellbisbal.net\/wp-content\/uploads\/2025\/09\/image-6-1024x499.png 1024w, https:\/\/ahassan.inscastellbisbal.net\/wp-content\/uploads\/2025\/09\/image-6-300x146.png 300w, https:\/\/ahassan.inscastellbisbal.net\/wp-content\/uploads\/2025\/09\/image-6-768x374.png 768w, https:\/\/ahassan.inscastellbisbal.net\/wp-content\/uploads\/2025\/09\/image-6-1536x749.png 1536w, https:\/\/ahassan.inscastellbisbal.net\/wp-content\/uploads\/2025\/09\/image-6.png 1920w\" sizes=\"auto, (max-width: 1024px) 100vw, 1024px\" \/><\/figure>\n","protected":false},"excerpt":{"rendered":"<p>Estructura de directoris de treball a Drive L\u2019estructura de directoris \u00e9s la manera com s\u2019organitzen i classifiquen les carpetes i fitxers dins del teu espai de treball a Google Drive o qualsevol sistema de gesti\u00f3 de fitxers similar. Per crear una carpeta nova hem de fer clic a \u201cNou\u201d. S\u2019obrir\u00e0 [&hellip;]<\/p>\n","protected":false},"author":1,"featured_media":0,"parent":84,"menu_order":0,"comment_status":"closed","ping_status":"closed","template":"","meta":{"footnotes":""},"class_list":["post-169","page","type-page","status-publish","hentry"],"_links":{"self":[{"href":"https:\/\/ahassan.inscastellbisbal.net\/index.php?rest_route=\/wp\/v2\/pages\/169","targetHints":{"allow":["GET"]}}],"collection":[{"href":"https:\/\/ahassan.inscastellbisbal.net\/index.php?rest_route=\/wp\/v2\/pages"}],"about":[{"href":"https:\/\/ahassan.inscastellbisbal.net\/index.php?rest_route=\/wp\/v2\/types\/page"}],"author":[{"embeddable":true,"href":"https:\/\/ahassan.inscastellbisbal.net\/index.php?rest_route=\/wp\/v2\/users\/1"}],"replies":[{"embeddable":true,"href":"https:\/\/ahassan.inscastellbisbal.net\/index.php?rest_route=%2Fwp%2Fv2%2Fcomments&post=169"}],"version-history":[{"count":4,"href":"https:\/\/ahassan.inscastellbisbal.net\/index.php?rest_route=\/wp\/v2\/pages\/169\/revisions"}],"predecessor-version":[{"id":1329,"href":"https:\/\/ahassan.inscastellbisbal.net\/index.php?rest_route=\/wp\/v2\/pages\/169\/revisions\/1329"}],"up":[{"embeddable":true,"href":"https:\/\/ahassan.inscastellbisbal.net\/index.php?rest_route=\/wp\/v2\/pages\/84"}],"wp:attachment":[{"href":"https:\/\/ahassan.inscastellbisbal.net\/index.php?rest_route=%2Fwp%2Fv2%2Fmedia&parent=169"}],"curies":[{"name":"wp","href":"https:\/\/api.w.org\/{rel}","templated":true}]}}