{"id":174,"date":"2025-09-24T10:53:56","date_gmt":"2025-09-24T08:53:56","guid":{"rendered":"https:\/\/ahassan.inscastellbisbal.net\/?page_id=174"},"modified":"2025-09-30T08:18:51","modified_gmt":"2025-09-30T06:18:51","slug":"diferencia-entre-compartir-recursos-i-unitats-compartides","status":"publish","type":"page","link":"https:\/\/ahassan.inscastellbisbal.net\/?page_id=174","title":{"rendered":"Difer\u00e8ncia entre compartir recursos i unitats compartides"},"content":{"rendered":"\n<h3 class=\"wp-block-heading\">Difer\u00e8ncia entre <strong>compartir recursos<\/strong> i <strong>unitats compartides<\/strong><\/h3>\n\n\n\n<h4 class=\"wp-block-heading\">1. <strong>Compartir recursos (fitxers o carpetes individuals)<\/strong><\/h4>\n\n\n\n<ul class=\"wp-block-list\">\n<li><strong>Qu\u00e8 \u00e9s?<\/strong><br>Consisteix a compartir fitxers o carpetes espec\u00edfiques amb altres usuaris des del teu propi Drive personal.<\/li>\n\n\n\n<li><strong>Com funciona?<\/strong><br>Tu ets el propietari del fitxer o carpeta i nom\u00e9s concedeixes permisos d\u2019acc\u00e9s a altres persones (visualitzaci\u00f3, comentari o edici\u00f3).<\/li>\n\n\n\n<li><strong>Propietat:<\/strong><br>El fitxer o carpeta continua sent teu, estigui on estigui, encara que altres persones hi tinguin acc\u00e9s.<\/li>\n\n\n\n<li><strong>Limitacions:<\/strong>\n<ul class=\"wp-block-list\">\n<li>Si elimines o canvies el fitxer, tamb\u00e9 afecta a tots els que hi tenen acc\u00e9s.<\/li>\n\n\n\n<li>Si la persona amb qui has compartit deixa l\u2019empresa o esborra l\u2019acc\u00e9s, no afecta la propietat.<\/li>\n<\/ul>\n<\/li>\n\n\n\n<li><strong>\u00das t\u00edpic:<\/strong><br>Compartir un document o carpeta puntualment amb un company, client o col\u00b7laborador.<\/li>\n<\/ul>\n\n\n\n<hr class=\"wp-block-separator has-alpha-channel-opacity\"\/>\n\n\n\n<h4 class=\"wp-block-heading\">2. <strong>Unitats compartides (Shared Drives)<\/strong><\/h4>\n\n\n\n<ul class=\"wp-block-list\">\n<li><strong>Qu\u00e8 \u00e9s?<\/strong><br>\u00c9s un espai com\u00fa dins de Drive on diversos usuaris poden crear, accedir i gestionar fitxers i carpetes de forma conjunta.<\/li>\n\n\n\n<li><strong>Com funciona?<\/strong><br>Els fitxers i carpetes pertanyen a la unitat compartida, no a un usuari en particular.<\/li>\n\n\n\n<li><strong>Propietat:<\/strong><br>La propietat \u00e9s de l\u2019equip o organitzaci\u00f3, no d\u2019un usuari individual. Aix\u00f2 evita problemes si algun membre desapareix o canvia.<\/li>\n\n\n\n<li><strong>Avantatges:<\/strong>\n<ul class=\"wp-block-list\">\n<li>Facilita la col\u00b7laboraci\u00f3 en equips grans.<\/li>\n\n\n\n<li>Control d\u2019acc\u00e9s m\u00e9s estructurat (membres, gestors, col\u00b7laboradors, etc.).<\/li>\n\n\n\n<li>Els fitxers no es perden encara que alg\u00fa abandoni l\u2019equip.<\/li>\n\n\n\n<li>Millor organitzaci\u00f3 centralitzada dels recursos.<\/li>\n<\/ul>\n<\/li>\n\n\n\n<li><strong>\u00das t\u00edpic:<\/strong><br>Equip de treball que comparteix documents, presentacions, i arxius de manera cont\u00ednua i estructurada.<\/li>\n<\/ul>\n\n\n\n<hr class=\"wp-block-separator has-alpha-channel-opacity\"\/>\n\n\n\n<p>La difer\u00e8ncia m\u00e9s gran \u00e9s que quan alg\u00fa comparteix recursos \u00e9s el propietari d\u2019aquell document, carpeta, etc. I en cas que aquesta persona decid\u00eds eliminar aquest fitxer, tamb\u00e9 seria eliminat per la persona a la qual se li ha compartit. En canvi, una unitat compartida \u00e9s un lloc creat per a un grup de persones on cap dels membres \u00e9s el propietari i cadascun pot sortir-se sense afectar els altres companys.<\/p>\n\n\n\n<figure class=\"wp-block-image size-full is-resized\"><img loading=\"lazy\" decoding=\"async\" width=\"749\" height=\"548\" src=\"https:\/\/ahassan.inscastellbisbal.net\/wp-content\/uploads\/2025\/09\/image-43.png\" alt=\"\" class=\"wp-image-409\" style=\"width:611px;height:auto\" srcset=\"https:\/\/ahassan.inscastellbisbal.net\/wp-content\/uploads\/2025\/09\/image-43.png 749w, https:\/\/ahassan.inscastellbisbal.net\/wp-content\/uploads\/2025\/09\/image-43-300x219.png 300w\" sizes=\"auto, (max-width: 749px) 100vw, 749px\" \/><\/figure>\n\n\n\n<p>Ahora puedes buscar y compartir la carpeta con cualquier persona que quieras que pueda tener acceso a tu carpeta y pueda ver todo lo que hiciste en ella.<\/p>\n\n\n\n<p><\/p>\n","protected":false},"excerpt":{"rendered":"<p>Difer\u00e8ncia entre compartir recursos i unitats compartides 1. Compartir recursos (fitxers o carpetes individuals) 2. Unitats compartides (Shared Drives) La difer\u00e8ncia m\u00e9s gran \u00e9s que quan alg\u00fa comparteix recursos \u00e9s el propietari d\u2019aquell document, carpeta, etc. I en cas que aquesta persona decid\u00eds eliminar aquest fitxer, tamb\u00e9 seria eliminat per [&hellip;]<\/p>\n","protected":false},"author":1,"featured_media":0,"parent":84,"menu_order":0,"comment_status":"closed","ping_status":"closed","template":"","meta":{"footnotes":""},"class_list":["post-174","page","type-page","status-publish","hentry"],"_links":{"self":[{"href":"https:\/\/ahassan.inscastellbisbal.net\/index.php?rest_route=\/wp\/v2\/pages\/174","targetHints":{"allow":["GET"]}}],"collection":[{"href":"https:\/\/ahassan.inscastellbisbal.net\/index.php?rest_route=\/wp\/v2\/pages"}],"about":[{"href":"https:\/\/ahassan.inscastellbisbal.net\/index.php?rest_route=\/wp\/v2\/types\/page"}],"author":[{"embeddable":true,"href":"https:\/\/ahassan.inscastellbisbal.net\/index.php?rest_route=\/wp\/v2\/users\/1"}],"replies":[{"embeddable":true,"href":"https:\/\/ahassan.inscastellbisbal.net\/index.php?rest_route=%2Fwp%2Fv2%2Fcomments&post=174"}],"version-history":[{"count":2,"href":"https:\/\/ahassan.inscastellbisbal.net\/index.php?rest_route=\/wp\/v2\/pages\/174\/revisions"}],"predecessor-version":[{"id":410,"href":"https:\/\/ahassan.inscastellbisbal.net\/index.php?rest_route=\/wp\/v2\/pages\/174\/revisions\/410"}],"up":[{"embeddable":true,"href":"https:\/\/ahassan.inscastellbisbal.net\/index.php?rest_route=\/wp\/v2\/pages\/84"}],"wp:attachment":[{"href":"https:\/\/ahassan.inscastellbisbal.net\/index.php?rest_route=%2Fwp%2Fv2%2Fmedia&parent=174"}],"curies":[{"name":"wp","href":"https:\/\/api.w.org\/{rel}","templated":true}]}}