{"id":179,"date":"2025-09-24T11:13:24","date_gmt":"2025-09-24T09:13:24","guid":{"rendered":"https:\/\/ahassan.inscastellbisbal.net\/?page_id=179"},"modified":"2025-09-30T08:35:41","modified_gmt":"2025-09-30T06:35:41","slug":"galetes-i-configuracio-de-privadesa","status":"publish","type":"page","link":"https:\/\/ahassan.inscastellbisbal.net\/?page_id=179","title":{"rendered":"Galetes i configuraci\u00f3 de privadesa"},"content":{"rendered":"\n<h3 class=\"wp-block-heading\">Com posar galetes i configuraci\u00f3 de privadesa a WordPress<\/h3>\n\n\n\n<ol class=\"wp-block-list\">\n<li><strong>Instal\u00b7la un plugin per a galetes<\/strong><br>WordPress no t\u00e9 una funci\u00f3 nativa per mostrar el missatge de galetes, per aix\u00f2 el m\u00e9s habitual \u00e9s utilitzar un plugin. para el uso de plugins tienes que ir a extensiones y en la barra de busqueda buscar cookies y apareceran muchas opciones de cookies y selecciona la que quieras poner en tu pagina de wordpress<\/li>\n<\/ol>\n\n\n\n<figure class=\"wp-block-image size-large\"><img loading=\"lazy\" decoding=\"async\" width=\"1024\" height=\"502\" src=\"https:\/\/ahassan.inscastellbisbal.net\/wp-content\/uploads\/2025\/09\/Screenshot-2025-09-30-at-08-27-04-Afegeix-extensions-\u2039-Ali-Hassan-smx-\u2014-WordPress-1024x502.png\" alt=\"\" class=\"wp-image-412\" srcset=\"https:\/\/ahassan.inscastellbisbal.net\/wp-content\/uploads\/2025\/09\/Screenshot-2025-09-30-at-08-27-04-Afegeix-extensions-\u2039-Ali-Hassan-smx-\u2014-WordPress-1024x502.png 1024w, https:\/\/ahassan.inscastellbisbal.net\/wp-content\/uploads\/2025\/09\/Screenshot-2025-09-30-at-08-27-04-Afegeix-extensions-\u2039-Ali-Hassan-smx-\u2014-WordPress-300x147.png 300w, https:\/\/ahassan.inscastellbisbal.net\/wp-content\/uploads\/2025\/09\/Screenshot-2025-09-30-at-08-27-04-Afegeix-extensions-\u2039-Ali-Hassan-smx-\u2014-WordPress-768x377.png 768w, https:\/\/ahassan.inscastellbisbal.net\/wp-content\/uploads\/2025\/09\/Screenshot-2025-09-30-at-08-27-04-Afegeix-extensions-\u2039-Ali-Hassan-smx-\u2014-WordPress-1536x754.png 1536w, https:\/\/ahassan.inscastellbisbal.net\/wp-content\/uploads\/2025\/09\/Screenshot-2025-09-30-at-08-27-04-Afegeix-extensions-\u2039-Ali-Hassan-smx-\u2014-WordPress.png 1908w\" sizes=\"auto, (max-width: 1024px) 100vw, 1024px\" \/><\/figure>\n\n\n\n<ol class=\"wp-block-list\">\n<li><strong>Configura el plugin<\/strong><br>Un cop instal\u00b7lat i activat el plugin:\n<ul class=\"wp-block-list\">\n<li>Ves a la configuraci\u00f3 del plugin des del panell d\u2019administraci\u00f3 de WordPress.<\/li>\n<\/ul>\n<\/li>\n<\/ol>\n\n\n\n<figure class=\"wp-block-image size-large\"><img loading=\"lazy\" decoding=\"async\" width=\"1024\" height=\"425\" src=\"https:\/\/ahassan.inscastellbisbal.net\/wp-content\/uploads\/2025\/09\/Screenshot-2025-09-30-at-08-33-24-Extensions-\u2039-Ali-Hassan-smx-\u2014-WordPress-1024x425.png\" alt=\"\" class=\"wp-image-413\" srcset=\"https:\/\/ahassan.inscastellbisbal.net\/wp-content\/uploads\/2025\/09\/Screenshot-2025-09-30-at-08-33-24-Extensions-\u2039-Ali-Hassan-smx-\u2014-WordPress-1024x425.png 1024w, https:\/\/ahassan.inscastellbisbal.net\/wp-content\/uploads\/2025\/09\/Screenshot-2025-09-30-at-08-33-24-Extensions-\u2039-Ali-Hassan-smx-\u2014-WordPress-300x125.png 300w, https:\/\/ahassan.inscastellbisbal.net\/wp-content\/uploads\/2025\/09\/Screenshot-2025-09-30-at-08-33-24-Extensions-\u2039-Ali-Hassan-smx-\u2014-WordPress-768x319.png 768w, https:\/\/ahassan.inscastellbisbal.net\/wp-content\/uploads\/2025\/09\/Screenshot-2025-09-30-at-08-33-24-Extensions-\u2039-Ali-Hassan-smx-\u2014-WordPress-1536x637.png 1536w, https:\/\/ahassan.inscastellbisbal.net\/wp-content\/uploads\/2025\/09\/Screenshot-2025-09-30-at-08-33-24-Extensions-\u2039-Ali-Hassan-smx-\u2014-WordPress.png 1718w\" sizes=\"auto, (max-width: 1024px) 100vw, 1024px\" \/><\/figure>\n\n\n\n<ol class=\"wp-block-list\">\n<li>Afegeix un enlla\u00e7 a la p\u00e0gina de <strong>Pol\u00edtica de privadesa<\/strong> o <strong>Configuraci\u00f3 de galetes<\/strong>.<\/li>\n\n\n\n<li>Activa l\u2019opci\u00f3 perqu\u00e8 el missatge aparegui als usuaris quan visiten la web.<\/li>\n\n\n\n<li><strong>Crea o actualitza la p\u00e0gina de Privadesa<\/strong><br>\u00c9s important tenir una p\u00e0gina on expliques:\n<ul class=\"wp-block-list\">\n<li>Qu\u00e8 s\u00f3n les galetes.<\/li>\n\n\n\n<li>Quines galetes utilitzes i per qu\u00e8.<\/li>\n\n\n\n<li>Com poden els usuaris configurar o eliminar les galetes.<\/li>\n\n\n\n<li>La pol\u00edtica de privadesa general.<\/li>\n<\/ul>\n<\/li>\n<\/ol>\n\n\n\n<p>y eso es todo, simplemente actualice la p\u00e1gina y vaya a su p\u00e1gina web y podr\u00e1 ver la opci\u00f3n de aceptaci\u00f3n de cookies, si no, int\u00e9ntelo de nuevo.<\/p>\n\n\n\n<p><\/p>\n","protected":false},"excerpt":{"rendered":"<p>Com posar galetes i configuraci\u00f3 de privadesa a WordPress y eso es todo, simplemente actualice la p\u00e1gina y vaya a su p\u00e1gina web y podr\u00e1 ver la opci\u00f3n de aceptaci\u00f3n de cookies, si no, int\u00e9ntelo de nuevo.<\/p>\n","protected":false},"author":1,"featured_media":0,"parent":52,"menu_order":0,"comment_status":"closed","ping_status":"closed","template":"","meta":{"footnotes":""},"class_list":["post-179","page","type-page","status-publish","hentry"],"_links":{"self":[{"href":"https:\/\/ahassan.inscastellbisbal.net\/index.php?rest_route=\/wp\/v2\/pages\/179","targetHints":{"allow":["GET"]}}],"collection":[{"href":"https:\/\/ahassan.inscastellbisbal.net\/index.php?rest_route=\/wp\/v2\/pages"}],"about":[{"href":"https:\/\/ahassan.inscastellbisbal.net\/index.php?rest_route=\/wp\/v2\/types\/page"}],"author":[{"embeddable":true,"href":"https:\/\/ahassan.inscastellbisbal.net\/index.php?rest_route=\/wp\/v2\/users\/1"}],"replies":[{"embeddable":true,"href":"https:\/\/ahassan.inscastellbisbal.net\/index.php?rest_route=%2Fwp%2Fv2%2Fcomments&post=179"}],"version-history":[{"count":3,"href":"https:\/\/ahassan.inscastellbisbal.net\/index.php?rest_route=\/wp\/v2\/pages\/179\/revisions"}],"predecessor-version":[{"id":414,"href":"https:\/\/ahassan.inscastellbisbal.net\/index.php?rest_route=\/wp\/v2\/pages\/179\/revisions\/414"}],"up":[{"embeddable":true,"href":"https:\/\/ahassan.inscastellbisbal.net\/index.php?rest_route=\/wp\/v2\/pages\/52"}],"wp:attachment":[{"href":"https:\/\/ahassan.inscastellbisbal.net\/index.php?rest_route=%2Fwp%2Fv2%2Fmedia&parent=179"}],"curies":[{"name":"wp","href":"https:\/\/api.w.org\/{rel}","templated":true}]}}