{"id":1807,"date":"2026-03-19T20:41:01","date_gmt":"2026-03-19T19:41:01","guid":{"rendered":"https:\/\/ahassan.inscastellbisbal.net\/?page_id=1807"},"modified":"2026-03-19T20:41:46","modified_gmt":"2026-03-19T19:41:46","slug":"creacio-dun-quiz-de-limpacte-ambiental-de-la-informatica","status":"publish","type":"page","link":"https:\/\/ahassan.inscastellbisbal.net\/?page_id=1807","title":{"rendered":"Creaci\u00f3 d&#8217;un Quiz de l\u2019impacte ambiental de la inform\u00e0tica"},"content":{"rendered":"\n<h2 class=\"wp-block-heading\">Eines:<\/h2>\n\n\n\n<blockquote class=\"wp-block-quote is-layout-flow wp-block-quote-is-layout-flow\">\n<p>Per crear els formularis he utilitzat l&#8217;eina:<\/p>\n\n\n\n<p>1:<strong>Gemini <\/strong>(Per tenir les preguntas)<\/p>\n\n\n\n<figure class=\"wp-block-image size-full\"><img loading=\"lazy\" decoding=\"async\" width=\"310\" height=\"163\" src=\"https:\/\/ahassan.inscastellbisbal.net\/wp-content\/uploads\/2026\/03\/image-2.png\" alt=\"\" class=\"wp-image-1808\" srcset=\"https:\/\/ahassan.inscastellbisbal.net\/wp-content\/uploads\/2026\/03\/image-2.png 310w, https:\/\/ahassan.inscastellbisbal.net\/wp-content\/uploads\/2026\/03\/image-2-300x158.png 300w\" sizes=\"auto, (max-width: 310px) 100vw, 310px\" \/><\/figure>\n\n\n\n<p>2:Google Formularis<\/p>\n\n\n\n<figure class=\"wp-block-image size-full\"><img loading=\"lazy\" decoding=\"async\" width=\"300\" height=\"168\" src=\"https:\/\/ahassan.inscastellbisbal.net\/wp-content\/uploads\/2026\/03\/image-4.png\" alt=\"\" class=\"wp-image-1810\"\/><\/figure>\n<\/blockquote>\n\n\n\n<h2 class=\"wp-block-heading\">Proc\u00e9s de creaci\u00f3 d&#8217;un q\u00fcestionari:<\/h2>\n\n\n\n<blockquote class=\"wp-block-quote is-layout-flow wp-block-quote-is-layout-flow\">\n<p>primer entrem amb un <strong>compte <\/strong>de <strong>google<\/strong>:donem a el <strong>bot\u00f3 <\/strong>que <strong>apareix <\/strong>a la banda <strong>esquerra <\/strong>a <strong>baix<\/strong>,<\/p>\n\n\n\n<figure class=\"wp-block-image size-large\"><img loading=\"lazy\" decoding=\"async\" width=\"1024\" height=\"215\" src=\"https:\/\/ahassan.inscastellbisbal.net\/wp-content\/uploads\/2026\/03\/image-5-1024x215.png\" alt=\"\" class=\"wp-image-1811\" srcset=\"https:\/\/ahassan.inscastellbisbal.net\/wp-content\/uploads\/2026\/03\/image-5-1024x215.png 1024w, https:\/\/ahassan.inscastellbisbal.net\/wp-content\/uploads\/2026\/03\/image-5-300x63.png 300w, https:\/\/ahassan.inscastellbisbal.net\/wp-content\/uploads\/2026\/03\/image-5-768x162.png 768w, https:\/\/ahassan.inscastellbisbal.net\/wp-content\/uploads\/2026\/03\/image-5-1536x323.png 1536w, https:\/\/ahassan.inscastellbisbal.net\/wp-content\/uploads\/2026\/03\/image-5.png 1896w\" sizes=\"auto, (max-width: 1024px) 100vw, 1024px\" \/><\/figure>\n\n\n\n<p>Despr\u00e9s hi haur\u00e0 opcions <strong>d&#8217;escriure <\/strong>la <strong>pregunta<\/strong> i <strong>dues respostes tamb\u00e9<\/strong>,All\u00e0 <strong>escriurem <\/strong>les <strong>preguntes <\/strong>i <strong>respostes<\/strong>,<\/p>\n\n\n\n<figure class=\"wp-block-image size-large\"><img loading=\"lazy\" decoding=\"async\" width=\"1024\" height=\"342\" src=\"https:\/\/ahassan.inscastellbisbal.net\/wp-content\/uploads\/2026\/03\/image-6-1024x342.png\" alt=\"\" class=\"wp-image-1812\" srcset=\"https:\/\/ahassan.inscastellbisbal.net\/wp-content\/uploads\/2026\/03\/image-6-1024x342.png 1024w, https:\/\/ahassan.inscastellbisbal.net\/wp-content\/uploads\/2026\/03\/image-6-300x100.png 300w, https:\/\/ahassan.inscastellbisbal.net\/wp-content\/uploads\/2026\/03\/image-6-768x256.png 768w, https:\/\/ahassan.inscastellbisbal.net\/wp-content\/uploads\/2026\/03\/image-6.png 1031w\" sizes=\"auto, (max-width: 1024px) 100vw, 1024px\" \/><\/figure>\n\n\n\n<p>Despr\u00e9s <strong>d&#8217;escriure <\/strong>la <strong>resposta <\/strong>i les <strong>preguntes<\/strong> <strong>tamb\u00e9 <\/strong>marcarem la <strong>resposta correcta <\/strong>i els punts quant <strong>volem<\/strong>,<\/p>\n\n\n\n<figure class=\"wp-block-image size-full\"><img loading=\"lazy\" decoding=\"async\" width=\"965\" height=\"524\" src=\"https:\/\/ahassan.inscastellbisbal.net\/wp-content\/uploads\/2026\/03\/image-7.png\" alt=\"\" class=\"wp-image-1813\" srcset=\"https:\/\/ahassan.inscastellbisbal.net\/wp-content\/uploads\/2026\/03\/image-7.png 965w, https:\/\/ahassan.inscastellbisbal.net\/wp-content\/uploads\/2026\/03\/image-7-300x163.png 300w, https:\/\/ahassan.inscastellbisbal.net\/wp-content\/uploads\/2026\/03\/image-7-768x417.png 768w\" sizes=\"auto, (max-width: 965px) 100vw, 965px\" \/><\/figure>\n<\/blockquote>\n\n\n\n<p>Aqu\u00ed teniu <strong>l&#8217;enlla\u00e7 <\/strong>del <strong>formulari<\/strong>:<\/p>\n\n\n\n<p><a href=\"https:\/\/forms.gle\/n3pCJ2Yrv7iCjhkY7\">Formulari<\/a>.<\/p>\n\n\n<div class=\"wpforms-container wpforms-container-full wpforms-block wpforms-block-ab6e63b2-320f-482f-a3bb-bcb80eb6e549\" id=\"wpforms-764\"><form id=\"wpforms-form-764\" class=\"wpforms-validate wpforms-form\" data-formid=\"764\" method=\"post\" enctype=\"multipart\/form-data\" action=\"\/index.php?rest_route=%2Fwp%2Fv2%2Fpages%2F1807\" data-token=\"0bed34a744a676e1df5823f5038439b0\" data-token-time=\"1778168429\"><noscript class=\"wpforms-error-noscript\">Activeu el JavaScript al navegador per a poder completar el formulari.<\/noscript><div class=\"wpforms-field-container\"><div id=\"wpforms-764-field_0-container\" class=\"wpforms-field wpforms-field-name wpforms-one-half wpforms-first\" data-field-id=\"0\"><label class=\"wpforms-field-label wpforms-label-hide\" for=\"wpforms-764-field_0\">Name <span class=\"wpforms-required-label\">*<\/span><\/label><input type=\"text\" id=\"wpforms-764-field_0\" class=\"wpforms-field-large wpforms-field-required\" name=\"wpforms[fields][0]\" placeholder=\"Your Name\" required><\/div><div id=\"wpforms-764-field_3-container\" class=\"wpforms-field wpforms-field-email wpforms-one-half\" data-field-id=\"3\"><label class=\"wpforms-field-label wpforms-label-hide\" for=\"wpforms-764-field_3\">Email <span class=\"wpforms-required-label\">*<\/span><\/label><input type=\"email\" id=\"wpforms-764-field_3\" class=\"wpforms-field-large wpforms-field-required\" name=\"wpforms[fields][3]\" placeholder=\"Your Email\" spellcheck=\"false\" required><\/div><div id=\"wpforms-764-field_4-container\" class=\"wpforms-field wpforms-field-text\" data-field-id=\"4\"><label class=\"wpforms-field-label wpforms-label-hide\" for=\"wpforms-764-field_4\">Subject<\/label><input type=\"text\" id=\"wpforms-764-field_4\" class=\"wpforms-field-large\" name=\"wpforms[fields][4]\" placeholder=\"Subject\" ><\/div><div id=\"wpforms-764-field_2-container\" class=\"wpforms-field wpforms-field-textarea\" data-field-id=\"2\"><label class=\"wpforms-field-label wpforms-label-hide\" for=\"wpforms-764-field_2\">Message <span class=\"wpforms-required-label\">*<\/span><\/label><textarea id=\"wpforms-764-field_2\" class=\"wpforms-field-medium wpforms-field-required\" name=\"wpforms[fields][2]\" placeholder=\"Your Message\" required><\/textarea><\/div><\/div><!-- .wpforms-field-container --><div class=\"wpforms-submit-container\" ><input type=\"hidden\" name=\"wpforms[id]\" value=\"764\"><input type=\"hidden\" name=\"page_title\" value=\"\"><input type=\"hidden\" name=\"page_url\" value=\"https:\/\/ahassan.inscastellbisbal.net\/index.php?rest_route=\/wp\/v2\/pages\/1807\"><input type=\"hidden\" name=\"url_referer\" value=\"\"><button type=\"submit\" name=\"wpforms[submit]\" id=\"wpforms-submit-764\" class=\"wpforms-submit\" data-alt-text=\"Sending...\" data-submit-text=\"Send message\" aria-live=\"assertive\" value=\"wpforms-submit\">Send message<\/button><\/div><\/form><\/div>  <!-- .wpforms-container -->","protected":false},"excerpt":{"rendered":"<p>Eines: Proc\u00e9s de creaci\u00f3 d&#8217;un q\u00fcestionari: Aqu\u00ed teniu l&#8217;enlla\u00e7 del formulari: Formulari.<\/p>\n","protected":false},"author":1,"featured_media":0,"parent":1805,"menu_order":0,"comment_status":"closed","ping_status":"closed","template":"","meta":{"footnotes":"[]"},"class_list":["post-1807","page","type-page","status-publish","hentry"],"_links":{"self":[{"href":"https:\/\/ahassan.inscastellbisbal.net\/index.php?rest_route=\/wp\/v2\/pages\/1807","targetHints":{"allow":["GET"]}}],"collection":[{"href":"https:\/\/ahassan.inscastellbisbal.net\/index.php?rest_route=\/wp\/v2\/pages"}],"about":[{"href":"https:\/\/ahassan.inscastellbisbal.net\/index.php?rest_route=\/wp\/v2\/types\/page"}],"author":[{"embeddable":true,"href":"https:\/\/ahassan.inscastellbisbal.net\/index.php?rest_route=\/wp\/v2\/users\/1"}],"replies":[{"embeddable":true,"href":"https:\/\/ahassan.inscastellbisbal.net\/index.php?rest_route=%2Fwp%2Fv2%2Fcomments&post=1807"}],"version-history":[{"count":1,"href":"https:\/\/ahassan.inscastellbisbal.net\/index.php?rest_route=\/wp\/v2\/pages\/1807\/revisions"}],"predecessor-version":[{"id":1814,"href":"https:\/\/ahassan.inscastellbisbal.net\/index.php?rest_route=\/wp\/v2\/pages\/1807\/revisions\/1814"}],"up":[{"embeddable":true,"href":"https:\/\/ahassan.inscastellbisbal.net\/index.php?rest_route=\/wp\/v2\/pages\/1805"}],"wp:attachment":[{"href":"https:\/\/ahassan.inscastellbisbal.net\/index.php?rest_route=%2Fwp%2Fv2%2Fmedia&parent=1807"}],"curies":[{"name":"wp","href":"https:\/\/api.w.org\/{rel}","templated":true}]}}