{"id":187,"date":"2025-09-24T11:15:47","date_gmt":"2025-09-24T09:15:47","guid":{"rendered":"https:\/\/ahassan.inscastellbisbal.net\/?page_id=187"},"modified":"2025-10-03T09:12:09","modified_gmt":"2025-10-03T07:12:09","slug":"creacio-dun-menu-per-les-entrades","status":"publish","type":"page","link":"https:\/\/ahassan.inscastellbisbal.net\/?page_id=187","title":{"rendered":"Creaci\u00f3 d\u2019un men\u00fa per les entrades"},"content":{"rendered":"\n<p>Per crear un men\u00fa has d&#8217;anar al <strong>WordPress<\/strong> i a la part superior esquerra hi haur\u00e0 un punt anomenat <strong>men\u00fa<\/strong>.<\/p>\n\n\n\n<figure class=\"wp-block-image size-full is-resized\"><img loading=\"lazy\" decoding=\"async\" width=\"91\" height=\"509\" src=\"https:\/\/ahassan.inscastellbisbal.net\/wp-content\/uploads\/2025\/09\/Screenshot-2025-09-30-at-13-40-57-Diseno-sin-titulo-Presentacion.png\" alt=\"\" class=\"wp-image-453\" style=\"width:78px;height:auto\"\/><\/figure>\n\n\n\n<p>quan entreu als men\u00fas de la part superior inferior, apareixer\u00e0 <strong>&#8220;crear un men\u00fa nou&#8221;<\/strong>entra-hi, anomena el <strong>men\u00fa<\/strong> i fes clic a<strong> Crea men\u00fa<\/strong><\/p>\n\n\n\n<figure class=\"wp-block-image size-full is-resized\"><img loading=\"lazy\" decoding=\"async\" width=\"729\" height=\"191\" src=\"https:\/\/ahassan.inscastellbisbal.net\/wp-content\/uploads\/2025\/09\/Screenshot-2025-09-30-at-13-43-02-Diseno-sin-titulo-Presentacion.png\" alt=\"\" class=\"wp-image-456\" style=\"width:638px;height:auto\" srcset=\"https:\/\/ahassan.inscastellbisbal.net\/wp-content\/uploads\/2025\/09\/Screenshot-2025-09-30-at-13-43-02-Diseno-sin-titulo-Presentacion.png 729w, https:\/\/ahassan.inscastellbisbal.net\/wp-content\/uploads\/2025\/09\/Screenshot-2025-09-30-at-13-43-02-Diseno-sin-titulo-Presentacion-300x79.png 300w\" sizes=\"auto, (max-width: 729px) 100vw, 729px\" \/><\/figure>\n\n\n\n<p>Ara seleccioneu el men\u00fa que vulgueu i a la part esquerra es mostrar\u00e0 el men\u00fa que heu seleccionat i despr\u00e9s de seleccionar-lo completament all\u00e0 hi haur\u00e0 escrit <strong>desa al men\u00fa<\/strong>.<\/p>\n\n\n\n<figure class=\"wp-block-image size-full\"><img loading=\"lazy\" decoding=\"async\" width=\"729\" height=\"387\" src=\"https:\/\/ahassan.inscastellbisbal.net\/wp-content\/uploads\/2025\/09\/Screenshot-2025-09-30-at-13-44-56-Diseno-sin-titulo-Presentacion.png\" alt=\"\" class=\"wp-image-454\" srcset=\"https:\/\/ahassan.inscastellbisbal.net\/wp-content\/uploads\/2025\/09\/Screenshot-2025-09-30-at-13-44-56-Diseno-sin-titulo-Presentacion.png 729w, https:\/\/ahassan.inscastellbisbal.net\/wp-content\/uploads\/2025\/09\/Screenshot-2025-09-30-at-13-44-56-Diseno-sin-titulo-Presentacion-300x159.png 300w\" sizes=\"auto, (max-width: 729px) 100vw, 729px\" \/><\/figure>\n\n\n\n<figure class=\"wp-block-image size-full\"><img loading=\"lazy\" decoding=\"async\" width=\"727\" height=\"51\" src=\"https:\/\/ahassan.inscastellbisbal.net\/wp-content\/uploads\/2025\/09\/Screenshot-2025-09-30-at-13-47-55-Diseno-sin-titulo-Presentacion.png\" alt=\"\" class=\"wp-image-458\" srcset=\"https:\/\/ahassan.inscastellbisbal.net\/wp-content\/uploads\/2025\/09\/Screenshot-2025-09-30-at-13-47-55-Diseno-sin-titulo-Presentacion.png 727w, https:\/\/ahassan.inscastellbisbal.net\/wp-content\/uploads\/2025\/09\/Screenshot-2025-09-30-at-13-47-55-Diseno-sin-titulo-Presentacion-300x21.png 300w\" sizes=\"auto, (max-width: 727px) 100vw, 727px\" \/><\/figure>\n\n\n\n<p>aix\u00f2 \u00e9s tot, el men\u00fa per a entrades ja est\u00e0 fet.<\/p>\n\n\n\n<p><\/p>\n","protected":false},"excerpt":{"rendered":"<p>Per crear un men\u00fa has d&#8217;anar al WordPress i a la part superior esquerra hi haur\u00e0 un punt anomenat men\u00fa. quan entreu als men\u00fas de la part superior inferior, apareixer\u00e0 &#8220;crear un men\u00fa nou&#8221;entra-hi, anomena el men\u00fa i fes clic a Crea men\u00fa Ara seleccioneu el men\u00fa que vulgueu i [&hellip;]<\/p>\n","protected":false},"author":1,"featured_media":0,"parent":90,"menu_order":0,"comment_status":"closed","ping_status":"closed","template":"","meta":{"footnotes":""},"class_list":["post-187","page","type-page","status-publish","hentry"],"_links":{"self":[{"href":"https:\/\/ahassan.inscastellbisbal.net\/index.php?rest_route=\/wp\/v2\/pages\/187","targetHints":{"allow":["GET"]}}],"collection":[{"href":"https:\/\/ahassan.inscastellbisbal.net\/index.php?rest_route=\/wp\/v2\/pages"}],"about":[{"href":"https:\/\/ahassan.inscastellbisbal.net\/index.php?rest_route=\/wp\/v2\/types\/page"}],"author":[{"embeddable":true,"href":"https:\/\/ahassan.inscastellbisbal.net\/index.php?rest_route=\/wp\/v2\/users\/1"}],"replies":[{"embeddable":true,"href":"https:\/\/ahassan.inscastellbisbal.net\/index.php?rest_route=%2Fwp%2Fv2%2Fcomments&post=187"}],"version-history":[{"count":3,"href":"https:\/\/ahassan.inscastellbisbal.net\/index.php?rest_route=\/wp\/v2\/pages\/187\/revisions"}],"predecessor-version":[{"id":459,"href":"https:\/\/ahassan.inscastellbisbal.net\/index.php?rest_route=\/wp\/v2\/pages\/187\/revisions\/459"}],"up":[{"embeddable":true,"href":"https:\/\/ahassan.inscastellbisbal.net\/index.php?rest_route=\/wp\/v2\/pages\/90"}],"wp:attachment":[{"href":"https:\/\/ahassan.inscastellbisbal.net\/index.php?rest_route=%2Fwp%2Fv2%2Fmedia&parent=187"}],"curies":[{"name":"wp","href":"https:\/\/api.w.org\/{rel}","templated":true}]}}