{"id":1889,"date":"2026-03-25T11:55:59","date_gmt":"2026-03-25T10:55:59","guid":{"rendered":"https:\/\/ahassan.inscastellbisbal.net\/?page_id=1889"},"modified":"2026-05-11T19:18:36","modified_gmt":"2026-05-11T17:18:36","slug":"fer-comparativa-de-diverses-aplicacions-gratuites-i-online-per-fer-tours-virtuals-3d","status":"publish","type":"page","link":"https:\/\/ahassan.inscastellbisbal.net\/?page_id=1889","title":{"rendered":"Fer comparativa de diverses aplicacions gratu\u00eftes i online per fer Tours virtuals 3D."},"content":{"rendered":"\n<figure class=\"wp-block-table\"><table class=\"has-fixed-layout\"><tbody><tr><td><strong>Aplicaci\u00f3<\/strong><\/td><td><strong>Preu<\/strong><\/td><td><strong><strong>Facilitat d\u2019\u00fas<\/strong><\/strong><\/td><td><strong>Ulleres 3D (VR)<\/strong><\/td><\/tr><tr><td>Orbix360<\/td><td>Gratis (amb l\u00edmits)<\/td><td>Alta<\/td><td>S\u00ed<\/td><\/tr><tr><td>Kuula<\/td><td>Gratis \/ Pro<\/td><td>Molt Alta<\/td><td>S\u00ed (Molt bona)<\/td><\/tr><tr><td>Theasys<\/td><td>Gratis (Molt generosa)<\/td><td>Mitjana-Alta<\/td><td>S\u00ed<\/td><\/tr><tr><td>Lapentor<\/td><td>Gratis \/ Premium<\/td><td>Mitjana<\/td><td>S\u00ed<\/td><\/tr><\/tbody><\/table><\/figure>\n\n\n\n<div class=\"wp-block-group\"><div class=\"wp-block-group__inner-container is-layout-constrained wp-block-group-is-layout-constrained\">\n<figure class=\"wp-block-table\"><table class=\"has-fixed-layout\"><tbody><tr><td>Marzipano<\/td><td>Gratis total<\/td><td>Mitjana-Baixa<\/td><td>S\u00ed<\/td><\/tr><\/tbody><\/table><\/figure>\n<\/div><\/div>\n\n\n\n<h2 class=\"wp-block-heading has-text-align-center\">Orbix 360:<\/h2>\n\n\n\n<p>He seleccionat aquesta plataforma per la seva gran estabilitat i la facilitat amb qu\u00e8 permet generar tours multiplataforma. Despr\u00e9s de testejar-la, destaca per un motor de renderitzat molt fluid i una compatibilitat amb ulleres VR excel\u00b7lent que evita lat\u00e8ncies. La limitaci\u00f3 principal de la versi\u00f3 gratu\u00efta \u00e9s el nombre restringit de fotografies 360\u00b0 que es poden carregar per projecte. \u00c9s una eina molt equilibrada per a presentacions r\u00e0pides que no requereixin una configuraci\u00f3 t\u00e8cnica complexa.<\/p>\n\n\n\n<div class=\"wp-block-buttons is-content-justification-center is-layout-flex wp-container-core-buttons-is-layout-a89b3969 wp-block-buttons-is-layout-flex\">\n<div class=\"wp-block-button\"><a class=\"wp-block-button__link wp-element-button\" href=\"https:\/\/orbix360.com\/\">Orbix360<\/a><\/div>\n<\/div>\n\n\n\n<p><\/p>\n\n\n\n<p>Aqui tinc el meu tour virtual fet pel <strong>Orbix360<\/strong>:<\/p>\n\n\n\n<p><\/p>\n\n\n\n<div class=\"wp-block-buttons is-content-justification-center is-layout-flex wp-container-core-buttons-is-layout-a89b3969 wp-block-buttons-is-layout-flex\">\n<div class=\"wp-block-button\"><a class=\"wp-block-button__link wp-element-button\" href=\"https:\/\/orbix360.com\/KjrERCWCd\">Tour virtual<\/a><\/div>\n<\/div>\n\n\n\n<hr class=\"wp-block-separator has-alpha-channel-opacity\"\/>\n\n\n\n<h2 class=\"wp-block-heading has-text-align-center\">Kuula:<\/h2>\n\n\n\n<p>Kuula es posiciona com l\u2019opci\u00f3 amb millor acabat est\u00e8tic i una interf\u00edcie d\u2019usuari molt depurada. Durant les proves, la navegaci\u00f3 entre escenes ha estat la m\u00e9s org\u00e0nica de totes, oferint una experi\u00e8ncia immersiva d\u2019alta qualitat ideal per a dispositius m\u00f2bils. Com a desavantatge, la versi\u00f3 gratu\u00efta inclou marques d\u2019aigua i limita la personalitzaci\u00f3 avan\u00e7ada dels men\u00fas. \u00c9s la millor elecci\u00f3 si es prioritza l\u2019impacte visual i la facilitat de muntatge per sobre de la flexibilitat total.<\/p>\n\n\n\n<div class=\"wp-block-buttons is-content-justification-center is-layout-flex wp-container-core-buttons-is-layout-a89b3969 wp-block-buttons-is-layout-flex\">\n<div class=\"wp-block-button\"><a class=\"wp-block-button__link wp-element-button\" href=\"https:\/\/kuula.co\/\">Kuula<\/a><\/div>\n<\/div>\n\n\n\n<p><\/p>\n\n\n\n<p>Aqu\u00ed tinc el meu tour virtual fet pel <strong>Kuula<\/strong>:<\/p>\n\n\n\n<p><\/p>\n\n\n\n<div class=\"wp-block-buttons is-content-justification-center is-layout-flex wp-container-core-buttons-is-layout-a89b3969 wp-block-buttons-is-layout-flex\">\n<div class=\"wp-block-button\"><a class=\"wp-block-button__link wp-element-button\" href=\"https:\/\/kuula.co\/post\/LlMND\/collection\/7M8H3\">Tour virtual<\/a><\/div>\n<\/div>\n\n\n\n<hr class=\"wp-block-separator has-alpha-channel-opacity\"\/>\n\n\n\n<h2 class=\"wp-block-heading has-text-align-center\">Theasys:<\/h2>\n\n\n\n<p>Aquesta eina ha resultat ser la m\u00e9s completa pel que fa a funcionalitats sense cost, permetent una personalitzaci\u00f3 exhaustiva de \u201chotspots\u201d i men\u00fas. Tot i que la seva corba d\u2019aprenentatge \u00e9s una mica m\u00e9s elevada a causa de la quantitat d\u2019opcions disponibles, el control t\u00e8cnic que ofereix sobre el tour \u00e9s superior a la compet\u00e8ncia. La compatibilitat amb sistemes VR \u00e9s total, sent l\u2019opci\u00f3 m\u00e9s recomanable per a un projecte acad\u00e8mic que vulgui evitar les restriccions del model Freemium.<\/p>\n\n\n\n<div class=\"wp-block-buttons is-content-justification-center is-layout-flex wp-container-core-buttons-is-layout-a89b3969 wp-block-buttons-is-layout-flex\">\n<div class=\"wp-block-button\"><a class=\"wp-block-button__link wp-element-button\" href=\"https:\/\/www.theasys.io\/\">Theasys:<\/a><\/div>\n<\/div>\n\n\n\n<p><\/p>\n\n\n\n<p>Aqu\u00ed tinc el meu tour virtual fet pel <strong>Theasys<\/strong>:<\/p>\n\n\n\n<p><\/p>\n\n\n\n<div class=\"wp-block-buttons is-content-justification-center is-layout-flex wp-container-core-buttons-is-layout-a89b3969 wp-block-buttons-is-layout-flex\">\n<div class=\"wp-block-button\"><a class=\"wp-block-button__link wp-element-button\" href=\"https:\/\/www.theasys.io\/viewer\/8XkkqvnYDHjRKuqkgDdpttOFnkyeNC\/?editing=1\">Tour virtual<\/a><\/div>\n<\/div>\n\n\n\n<hr class=\"wp-block-separator has-alpha-channel-opacity\"\/>\n\n\n\n<h2 class=\"wp-block-heading has-text-align-center\">Marzipano:<\/h2>\n\n\n\n<p>Finalment, he incl\u00f2s Marzipano com l\u2019opci\u00f3 \u201copen source\u201d per excel\u00b7l\u00e8ncia, sent totalment gratu\u00efta i sense marques d\u2019aigua. \u00c9s una eina extremadament lleugera i r\u00e0pida, molt valorada en l\u2019\u00e0mbit de sistemes inform\u00e0tics per la seva transpar\u00e8ncia t\u00e8cnica. Tot i que no disposa d\u2019un cat\u00e0leg d\u2019elements decoratius tan ampli, la seva efici\u00e8ncia i l\u2019abs\u00e8ncia de limitacions comercials la converteixen en una soluci\u00f3 molt robusta i professional.<\/p>\n\n\n\n<div class=\"wp-block-buttons is-content-justification-center is-layout-flex wp-container-core-buttons-is-layout-a89b3969 wp-block-buttons-is-layout-flex\">\n<div class=\"wp-block-button\"><a class=\"wp-block-button__link wp-element-button\" href=\"https:\/\/www.google.com\/url?sa=t&amp;source=web&amp;rct=j&amp;opi=89978449&amp;url=https:\/\/www.marzipano.net\/&amp;ved=2ahUKEwiug97Dw_STAxVaVqQEHafmCR8QFnoECB4QAQ&amp;usg=AOvVaw19v4NBqLohs8SExht54e1V\">Marzipano<\/a><\/div>\n<\/div>\n\n\n\n<p><\/p>\n\n\n\n<p>Aqu\u00ed tinc el meu tour virtual fet pel <strong>Marzipano<\/strong>:<\/p>\n\n\n\n<p><\/p>\n\n\n\n<div class=\"wp-block-buttons is-content-justification-center is-layout-flex wp-container-core-buttons-is-layout-a89b3969 wp-block-buttons-is-layout-flex\">\n<div class=\"wp-block-button\"><a class=\"wp-block-button__link wp-element-button\" href=\"https:\/\/www.marzipano.net\/demos\/cube-single-res\">Tour virtual<\/a><\/div>\n<\/div>\n\n\n\n<hr class=\"wp-block-separator has-alpha-channel-opacity\"\/>\n\n\n\n<h2 class=\"wp-block-heading has-text-align-center\">Lapentor:<\/h2>\n\n\n\n<p>L\u2019an\u00e0lisi de Lapentor destaca la seva capacitat per integrar elements multim\u00e8dia com \u00e0udio ambiental, ideal per simular el realisme sonor d\u2019una LAN Party. El sistema per connectar diferents sales \u00e9s molt visual, tot i que algunes funcionalitats pr\u00e8mium estan bloquejades en la versi\u00f3 de prova. Ofereix una bona experi\u00e8ncia en realitat virtual i \u00e9s una alternativa molt interessant si es vol anar m\u00e9s enll\u00e0 de la simple visualitzaci\u00f3 d\u2019imatges est\u00e0tiques.<\/p>\n\n\n\n<div class=\"wp-block-buttons is-content-justification-center is-layout-flex wp-container-core-buttons-is-layout-a89b3969 wp-block-buttons-is-layout-flex\">\n<div class=\"wp-block-button\"><a class=\"wp-block-button__link wp-element-button\" href=\"https:\/\/www.google.com\/url?sa=t&amp;source=web&amp;rct=j&amp;opi=89978449&amp;url=https:\/\/lapentor.com\/&amp;ved=2ahUKEwj-m8vkw_STAxUbVKQEHejKKFIQFnoECBoQAQ&amp;usg=AOvVaw2xoRzxILnkD0CCYTCbz6zf\">Lapentor<\/a><\/div>\n<\/div>\n\n\n\n<p><\/p>\n\n\n\n<p>Aqu\u00ed tinc el meu tour virtual fet pel <strong>Lapentor<\/strong>:<\/p>\n\n\n\n<p><\/p>\n\n\n\n<div class=\"wp-block-buttons is-content-justification-center is-layout-flex wp-container-core-buttons-is-layout-a89b3969 wp-block-buttons-is-layout-flex\">\n<div class=\"wp-block-button\"><a class=\"wp-block-button__link wp-element-button\" href=\"https:\/\/app.lapentor.com\/sphere\/tour-virtual-7?scene=69e1e71ee1acbfc50a08a534\">Tour virtual<\/a><\/div>\n<\/div>\n\n\n\n<hr class=\"wp-block-separator has-alpha-channel-opacity\"\/>\n\n\n<div class=\"wpforms-container wpforms-container-full wpforms-block wpforms-block-e078fe5e-bbd3-41d3-9594-1c73f191b3e6\" id=\"wpforms-764\"><form id=\"wpforms-form-764\" class=\"wpforms-validate wpforms-form\" data-formid=\"764\" method=\"post\" enctype=\"multipart\/form-data\" action=\"\/index.php?rest_route=%2Fwp%2Fv2%2Fpages%2F1889\" data-token=\"2a3a1bdceb825c7e552a2e9e05c7e1b7\" data-token-time=\"1778841733\"><noscript class=\"wpforms-error-noscript\">Activeu el JavaScript al navegador per a poder completar el formulari.<\/noscript><div class=\"wpforms-field-container\"><div id=\"wpforms-764-field_0-container\" class=\"wpforms-field wpforms-field-name wpforms-one-half wpforms-first\" data-field-id=\"0\"><label class=\"wpforms-field-label wpforms-label-hide\" for=\"wpforms-764-field_0\">Name <span class=\"wpforms-required-label\">*<\/span><\/label><input type=\"text\" id=\"wpforms-764-field_0\" class=\"wpforms-field-large wpforms-field-required\" name=\"wpforms[fields][0]\" placeholder=\"Your Name\" required><\/div><div id=\"wpforms-764-field_3-container\" class=\"wpforms-field wpforms-field-email wpforms-one-half\" data-field-id=\"3\"><label class=\"wpforms-field-label wpforms-label-hide\" for=\"wpforms-764-field_3\">Email <span class=\"wpforms-required-label\">*<\/span><\/label><input type=\"email\" id=\"wpforms-764-field_3\" class=\"wpforms-field-large wpforms-field-required\" name=\"wpforms[fields][3]\" placeholder=\"Your Email\" spellcheck=\"false\" required><\/div><div id=\"wpforms-764-field_4-container\" class=\"wpforms-field wpforms-field-text\" data-field-id=\"4\"><label class=\"wpforms-field-label wpforms-label-hide\" for=\"wpforms-764-field_4\">Subject<\/label><input type=\"text\" id=\"wpforms-764-field_4\" class=\"wpforms-field-large\" name=\"wpforms[fields][4]\" placeholder=\"Subject\" ><\/div><div id=\"wpforms-764-field_2-container\" class=\"wpforms-field wpforms-field-textarea\" data-field-id=\"2\"><label class=\"wpforms-field-label wpforms-label-hide\" for=\"wpforms-764-field_2\">Message <span class=\"wpforms-required-label\">*<\/span><\/label><textarea id=\"wpforms-764-field_2\" class=\"wpforms-field-medium wpforms-field-required\" name=\"wpforms[fields][2]\" placeholder=\"Your Message\" required><\/textarea><\/div><\/div><!-- .wpforms-field-container --><div class=\"wpforms-submit-container\" ><input type=\"hidden\" name=\"wpforms[id]\" value=\"764\"><input type=\"hidden\" name=\"page_title\" value=\"\"><input type=\"hidden\" name=\"page_url\" value=\"https:\/\/ahassan.inscastellbisbal.net\/index.php?rest_route=\/wp\/v2\/pages\/1889\"><input type=\"hidden\" name=\"url_referer\" value=\"\"><button type=\"submit\" name=\"wpforms[submit]\" id=\"wpforms-submit-764\" class=\"wpforms-submit\" data-alt-text=\"Sending...\" data-submit-text=\"Send message\" aria-live=\"assertive\" value=\"wpforms-submit\">Send message<\/button><\/div><\/form><\/div>  <!-- .wpforms-container -->\n\n\n<p><\/p>\n","protected":false},"excerpt":{"rendered":"<p>Aplicaci\u00f3 Preu Facilitat d\u2019\u00fas Ulleres 3D (VR) Orbix360 Gratis (amb l\u00edmits) Alta S\u00ed Kuula Gratis \/ Pro Molt Alta S\u00ed (Molt bona) Theasys Gratis (Molt generosa) Mitjana-Alta S\u00ed Lapentor Gratis \/ Premium Mitjana S\u00ed Marzipano Gratis total Mitjana-Baixa S\u00ed Orbix 360: He seleccionat aquesta plataforma per la seva gran estabilitat [&hellip;]<\/p>\n","protected":false},"author":1,"featured_media":0,"parent":1862,"menu_order":0,"comment_status":"closed","ping_status":"closed","template":"","meta":{"footnotes":""},"class_list":["post-1889","page","type-page","status-publish","hentry"],"_links":{"self":[{"href":"https:\/\/ahassan.inscastellbisbal.net\/index.php?rest_route=\/wp\/v2\/pages\/1889","targetHints":{"allow":["GET"]}}],"collection":[{"href":"https:\/\/ahassan.inscastellbisbal.net\/index.php?rest_route=\/wp\/v2\/pages"}],"about":[{"href":"https:\/\/ahassan.inscastellbisbal.net\/index.php?rest_route=\/wp\/v2\/types\/page"}],"author":[{"embeddable":true,"href":"https:\/\/ahassan.inscastellbisbal.net\/index.php?rest_route=\/wp\/v2\/users\/1"}],"replies":[{"embeddable":true,"href":"https:\/\/ahassan.inscastellbisbal.net\/index.php?rest_route=%2Fwp%2Fv2%2Fcomments&post=1889"}],"version-history":[{"count":10,"href":"https:\/\/ahassan.inscastellbisbal.net\/index.php?rest_route=\/wp\/v2\/pages\/1889\/revisions"}],"predecessor-version":[{"id":3004,"href":"https:\/\/ahassan.inscastellbisbal.net\/index.php?rest_route=\/wp\/v2\/pages\/1889\/revisions\/3004"}],"up":[{"embeddable":true,"href":"https:\/\/ahassan.inscastellbisbal.net\/index.php?rest_route=\/wp\/v2\/pages\/1862"}],"wp:attachment":[{"href":"https:\/\/ahassan.inscastellbisbal.net\/index.php?rest_route=%2Fwp%2Fv2%2Fmedia&parent=1889"}],"curies":[{"name":"wp","href":"https:\/\/api.w.org\/{rel}","templated":true}]}}