{"id":189,"date":"2025-09-24T11:16:02","date_gmt":"2025-09-24T09:16:02","guid":{"rendered":"https:\/\/ahassan.inscastellbisbal.net\/?page_id=189"},"modified":"2025-10-03T09:30:52","modified_gmt":"2025-10-03T07:30:52","slug":"securitzacio-del-wordpress","status":"publish","type":"page","link":"https:\/\/ahassan.inscastellbisbal.net\/?page_id=189","title":{"rendered":"Securitzaci\u00f3 del WordPress"},"content":{"rendered":"\n<h2 class=\"wp-block-heading\"><strong>Qu\u00e8 vol dir securitzar WordPress?<\/strong><\/h2>\n\n\n\n<p>Securitzar WordPress vol dir <strong>prendre mesures de protecci\u00f3<\/strong> per evitar que hackers, bots o programari malici\u00f3s puguin accedir o fer malb\u00e9 el teu lloc web.<\/p>\n\n\n\n<p>WordPress \u00e9s una plataforma molt popular, i per aix\u00f2 tamb\u00e9 \u00e9s <strong>una de les m\u00e9s atacades<\/strong>. Per\u00f2 amb bones pr\u00e0ctiques, es pot protegir molt b\u00e9.<\/p>\n\n\n\n<hr class=\"wp-block-separator has-alpha-channel-opacity\"\/>\n\n\n\n<h2 class=\"wp-block-heading\"> <strong>Bones pr\u00e0ctiques per securitzar WordPress<\/strong><\/h2>\n\n\n\n<h3 class=\"wp-block-heading\">. <strong>Actualitza regularment WordPress<\/strong><\/h3>\n\n\n\n<ul class=\"wp-block-list\">\n<li>Mant\u00e9n sempre <strong>actualitzats<\/strong>:\n<ul class=\"wp-block-list\">\n<li>El nucli de WordPress<\/li>\n\n\n\n<li>Els <strong>plugins<\/strong><\/li>\n\n\n\n<li>Els <strong>temes (themes)<\/strong><\/li>\n<\/ul>\n<\/li>\n\n\n\n<li>Les actualitzacions sovint inclouen <strong>millores de seguretat<\/strong>.<\/li>\n<\/ul>\n\n\n\n<h3 class=\"wp-block-heading\">. <strong>Utilitza usuaris segurs<\/strong><\/h3>\n\n\n\n<ul class=\"wp-block-list\">\n<li>No facis servir \u201cadmin\u201d com a nom d\u2019usuari.<\/li>\n\n\n\n<li>Utilitza una <strong>contrasenya llarga i segura<\/strong> (maj\u00fascules, min\u00fascules, n\u00fameros i s\u00edmbols).<\/li>\n\n\n\n<li>Dona a cada usuari nom\u00e9s els <strong>permisos necessaris<\/strong> (no tots han de ser administradors).<\/li>\n<\/ul>\n\n\n\n<figure class=\"wp-block-image size-large\"><img loading=\"lazy\" decoding=\"async\" width=\"1024\" height=\"576\" src=\"https:\/\/ahassan.inscastellbisbal.net\/wp-content\/uploads\/2025\/09\/Screenshot-at-2025-09-25-11-06-12-1024x576.png\" alt=\"\" class=\"wp-image-308\" srcset=\"https:\/\/ahassan.inscastellbisbal.net\/wp-content\/uploads\/2025\/09\/Screenshot-at-2025-09-25-11-06-12-1024x576.png 1024w, https:\/\/ahassan.inscastellbisbal.net\/wp-content\/uploads\/2025\/09\/Screenshot-at-2025-09-25-11-06-12-300x169.png 300w, https:\/\/ahassan.inscastellbisbal.net\/wp-content\/uploads\/2025\/09\/Screenshot-at-2025-09-25-11-06-12-768x432.png 768w, https:\/\/ahassan.inscastellbisbal.net\/wp-content\/uploads\/2025\/09\/Screenshot-at-2025-09-25-11-06-12-1536x864.png 1536w, https:\/\/ahassan.inscastellbisbal.net\/wp-content\/uploads\/2025\/09\/Screenshot-at-2025-09-25-11-06-12.png 1920w\" sizes=\"auto, (max-width: 1024px) 100vw, 1024px\" \/><\/figure>\n\n\n\n<hr class=\"wp-block-separator has-alpha-channel-opacity\"\/>\n\n\n\n<h3 class=\"wp-block-heading\">. <strong>Canvia l\u2019URL d\u2019acc\u00e9s al panell<\/strong><\/h3>\n\n\n\n<ul class=\"wp-block-list\">\n<li>L\u2019adre\u00e7a per defecte \u00e9s <code>\/wp-admin<\/code> o <code>\/wp-login.php<\/code>.<\/li>\n\n\n\n<li>Pots canviar-la amb un plugin com <strong>WPS Hide Login<\/strong> per evitar atacs automatitzats.<\/li>\n<\/ul>\n\n\n\n<figure class=\"wp-block-image size-large is-resized\"><img loading=\"lazy\" decoding=\"async\" width=\"1024\" height=\"499\" src=\"https:\/\/ahassan.inscastellbisbal.net\/wp-content\/uploads\/2025\/09\/Screenshot-2025-09-30-at-08-05-38-Entra-\u2039-Ali-Hassan-smx-\u2014-WordPress-1024x499.png\" alt=\"\" class=\"wp-image-428\" style=\"width:400px;height:auto\" srcset=\"https:\/\/ahassan.inscastellbisbal.net\/wp-content\/uploads\/2025\/09\/Screenshot-2025-09-30-at-08-05-38-Entra-\u2039-Ali-Hassan-smx-\u2014-WordPress-1024x499.png 1024w, https:\/\/ahassan.inscastellbisbal.net\/wp-content\/uploads\/2025\/09\/Screenshot-2025-09-30-at-08-05-38-Entra-\u2039-Ali-Hassan-smx-\u2014-WordPress-300x146.png 300w, https:\/\/ahassan.inscastellbisbal.net\/wp-content\/uploads\/2025\/09\/Screenshot-2025-09-30-at-08-05-38-Entra-\u2039-Ali-Hassan-smx-\u2014-WordPress-768x374.png 768w, https:\/\/ahassan.inscastellbisbal.net\/wp-content\/uploads\/2025\/09\/Screenshot-2025-09-30-at-08-05-38-Entra-\u2039-Ali-Hassan-smx-\u2014-WordPress-1536x749.png 1536w, https:\/\/ahassan.inscastellbisbal.net\/wp-content\/uploads\/2025\/09\/Screenshot-2025-09-30-at-08-05-38-Entra-\u2039-Ali-Hassan-smx-\u2014-WordPress.png 1920w\" sizes=\"auto, (max-width: 1024px) 100vw, 1024px\" \/><\/figure>\n\n\n\n<hr class=\"wp-block-separator has-alpha-channel-opacity\"\/>\n\n\n\n<h3 class=\"wp-block-heading\">. <strong>Instal\u00b7la un plugin de seguretat<\/strong><\/h3>\n\n\n\n<p>Hi ha plugins que milloren molt la seguretat, com ara:<\/p>\n\n\n\n<figure class=\"wp-block-image size-large\"><img loading=\"lazy\" decoding=\"async\" width=\"1024\" height=\"576\" src=\"https:\/\/ahassan.inscastellbisbal.net\/wp-content\/uploads\/2025\/09\/Screenshot-at-2025-09-25-11-02-56-1024x576.png\" alt=\"\" class=\"wp-image-311\" srcset=\"https:\/\/ahassan.inscastellbisbal.net\/wp-content\/uploads\/2025\/09\/Screenshot-at-2025-09-25-11-02-56-1024x576.png 1024w, https:\/\/ahassan.inscastellbisbal.net\/wp-content\/uploads\/2025\/09\/Screenshot-at-2025-09-25-11-02-56-300x169.png 300w, https:\/\/ahassan.inscastellbisbal.net\/wp-content\/uploads\/2025\/09\/Screenshot-at-2025-09-25-11-02-56-768x432.png 768w, https:\/\/ahassan.inscastellbisbal.net\/wp-content\/uploads\/2025\/09\/Screenshot-at-2025-09-25-11-02-56-1536x864.png 1536w, https:\/\/ahassan.inscastellbisbal.net\/wp-content\/uploads\/2025\/09\/Screenshot-at-2025-09-25-11-02-56.png 1920w\" sizes=\"auto, (max-width: 1024px) 100vw, 1024px\" \/><\/figure>\n\n\n\n<ul class=\"wp-block-list\">\n<li><strong>Wordfence Security<\/strong> (molt complet)<\/li>\n\n\n\n<li><strong>iThemes Security<\/strong><\/li>\n\n\n\n<li><strong>Sucuri Security<\/strong><\/li>\n<\/ul>\n\n\n\n<p>Aquests plugins permeten:<\/p>\n\n\n\n<ul class=\"wp-block-list\">\n<li>Fer <strong>escaneigs<\/strong> de malware<\/li>\n\n\n\n<li>Bloquejar IP sospitoses<\/li>\n\n\n\n<li>Configurar <strong>firewalls<\/strong><\/li>\n\n\n\n<li>Detectar intents de connexi\u00f3 fallits<\/li>\n<\/ul>\n\n\n\n<h3 class=\"wp-block-heading\">. <strong>Restringeix l&#8217;acc\u00e9s a fitxers sensibles<\/strong><\/h3>\n\n\n\n<h3 class=\"wp-block-heading\">. <strong>Controla els registres d&#8217;activitat<\/strong><\/h3>\n\n\n\n<ul class=\"wp-block-list\">\n<li>Amb plugins com <strong>Activity Log<\/strong> pots veure qui ha fet qu\u00e8 dins del teu WordPress.<\/li>\n\n\n\n<li>Aix\u00f2 t\u2019ajuda a detectar comportaments estranys o modificacions no autoritzades.<\/li>\n<\/ul>\n\n\n\n<p><\/p>\n","protected":false},"excerpt":{"rendered":"<p>Qu\u00e8 vol dir securitzar WordPress? Securitzar WordPress vol dir prendre mesures de protecci\u00f3 per evitar que hackers, bots o programari malici\u00f3s puguin accedir o fer malb\u00e9 el teu lloc web. WordPress \u00e9s una plataforma molt popular, i per aix\u00f2 tamb\u00e9 \u00e9s una de les m\u00e9s atacades. Per\u00f2 amb bones pr\u00e0ctiques, [&hellip;]<\/p>\n","protected":false},"author":1,"featured_media":0,"parent":84,"menu_order":0,"comment_status":"closed","ping_status":"closed","template":"","meta":{"footnotes":""},"class_list":["post-189","page","type-page","status-publish","hentry"],"_links":{"self":[{"href":"https:\/\/ahassan.inscastellbisbal.net\/index.php?rest_route=\/wp\/v2\/pages\/189","targetHints":{"allow":["GET"]}}],"collection":[{"href":"https:\/\/ahassan.inscastellbisbal.net\/index.php?rest_route=\/wp\/v2\/pages"}],"about":[{"href":"https:\/\/ahassan.inscastellbisbal.net\/index.php?rest_route=\/wp\/v2\/types\/page"}],"author":[{"embeddable":true,"href":"https:\/\/ahassan.inscastellbisbal.net\/index.php?rest_route=\/wp\/v2\/users\/1"}],"replies":[{"embeddable":true,"href":"https:\/\/ahassan.inscastellbisbal.net\/index.php?rest_route=%2Fwp%2Fv2%2Fcomments&post=189"}],"version-history":[{"count":7,"href":"https:\/\/ahassan.inscastellbisbal.net\/index.php?rest_route=\/wp\/v2\/pages\/189\/revisions"}],"predecessor-version":[{"id":525,"href":"https:\/\/ahassan.inscastellbisbal.net\/index.php?rest_route=\/wp\/v2\/pages\/189\/revisions\/525"}],"up":[{"embeddable":true,"href":"https:\/\/ahassan.inscastellbisbal.net\/index.php?rest_route=\/wp\/v2\/pages\/84"}],"wp:attachment":[{"href":"https:\/\/ahassan.inscastellbisbal.net\/index.php?rest_route=%2Fwp%2Fv2%2Fmedia&parent=189"}],"curies":[{"name":"wp","href":"https:\/\/api.w.org\/{rel}","templated":true}]}}