{"id":193,"date":"2025-09-24T11:16:33","date_gmt":"2025-09-24T09:16:33","guid":{"rendered":"https:\/\/ahassan.inscastellbisbal.net\/?page_id=193"},"modified":"2025-09-30T08:55:47","modified_gmt":"2025-09-30T06:55:47","slug":"seo-i-posicionament","status":"publish","type":"page","link":"https:\/\/ahassan.inscastellbisbal.net\/?page_id=193","title":{"rendered":"SEO i posicionament"},"content":{"rendered":"\n<h3 class=\"wp-block-heading\"> Qu\u00e8 \u00e9s el <strong>SEO<\/strong>?<\/h3>\n\n\n\n<p><strong>SEO<\/strong> s\u00f3n les sigles de <strong>Search Engine Optimization<\/strong>, que en catal\u00e0 es pot traduir com a <strong>optimitzaci\u00f3 per a motors de cerca<\/strong>.<\/p>\n\n\n\n<p>\u00c9s un conjunt de t\u00e8cniques i estrat\u00e8gies que s\u2019apliquen a una p\u00e0gina web amb l\u2019objectiu de millorar-ne el <strong>posicionament als resultats org\u00e0nics<\/strong> (no pagats) dels motors de cerca com <strong>Google<\/strong>, <strong>Bing<\/strong>, etc.<\/p>\n\n\n\n<hr class=\"wp-block-separator has-alpha-channel-opacity\"\/>\n\n\n\n<h3 class=\"wp-block-heading\"> Qu\u00e8 vol dir &#8220;<strong>posicionament web<\/strong>&#8220;?<\/h3>\n\n\n\n<p>El <strong>posicionament web<\/strong> \u00e9s el lloc que ocupa una p\u00e0gina web dins dels resultats d\u2019un motor de cerca quan un usuari fa una cerca amb una paraula clau determinada.<\/p>\n\n\n\n<p> Per exemple: si alg\u00fa busca <em>&#8220;restaurants vegans a Barcelona&#8221;<\/em> i el teu web surt en primera posici\u00f3, vol dir que tens <strong>bon posicionament<\/strong> per a aquesta cerca.<\/p>\n\n\n\n<hr class=\"wp-block-separator has-alpha-channel-opacity\"\/>\n\n\n\n<hr class=\"wp-block-separator has-alpha-channel-opacity\"\/>\n\n\n\n<p>El SEO i el posicionament a la p\u00e0gina web \u00e9s f\u00e0cil, nom\u00e9s has d&#8217;anar a extensions i cercar SEO i apareixeran moltes opcions.<\/p>\n\n\n\n<figure class=\"wp-block-image size-large\"><img loading=\"lazy\" decoding=\"async\" width=\"1024\" height=\"502\" src=\"https:\/\/ahassan.inscastellbisbal.net\/wp-content\/uploads\/2025\/09\/Screenshot-2025-09-30-at-08-50-26-Afegeix-extensions-\u2039-Ali-Hassan-smx-\u2014-WordPress-1024x502.png\" alt=\"\" class=\"wp-image-421\" srcset=\"https:\/\/ahassan.inscastellbisbal.net\/wp-content\/uploads\/2025\/09\/Screenshot-2025-09-30-at-08-50-26-Afegeix-extensions-\u2039-Ali-Hassan-smx-\u2014-WordPress-1024x502.png 1024w, https:\/\/ahassan.inscastellbisbal.net\/wp-content\/uploads\/2025\/09\/Screenshot-2025-09-30-at-08-50-26-Afegeix-extensions-\u2039-Ali-Hassan-smx-\u2014-WordPress-300x147.png 300w, https:\/\/ahassan.inscastellbisbal.net\/wp-content\/uploads\/2025\/09\/Screenshot-2025-09-30-at-08-50-26-Afegeix-extensions-\u2039-Ali-Hassan-smx-\u2014-WordPress-768x377.png 768w, https:\/\/ahassan.inscastellbisbal.net\/wp-content\/uploads\/2025\/09\/Screenshot-2025-09-30-at-08-50-26-Afegeix-extensions-\u2039-Ali-Hassan-smx-\u2014-WordPress-1536x754.png 1536w, https:\/\/ahassan.inscastellbisbal.net\/wp-content\/uploads\/2025\/09\/Screenshot-2025-09-30-at-08-50-26-Afegeix-extensions-\u2039-Ali-Hassan-smx-\u2014-WordPress.png 1908w\" sizes=\"auto, (max-width: 1024px) 100vw, 1024px\" \/><\/figure>\n\n\n\n<p>ara nom\u00e9s cal que el seleccioneu, l&#8217;instal\u00b7leu i l&#8217;activeu al vostre WordPress<\/p>\n\n\n\n<figure class=\"wp-block-image size-large\"><img loading=\"lazy\" decoding=\"async\" width=\"1024\" height=\"191\" src=\"https:\/\/ahassan.inscastellbisbal.net\/wp-content\/uploads\/2025\/09\/image-44-1024x191.png\" alt=\"\" class=\"wp-image-422\" srcset=\"https:\/\/ahassan.inscastellbisbal.net\/wp-content\/uploads\/2025\/09\/image-44-1024x191.png 1024w, https:\/\/ahassan.inscastellbisbal.net\/wp-content\/uploads\/2025\/09\/image-44-300x56.png 300w, https:\/\/ahassan.inscastellbisbal.net\/wp-content\/uploads\/2025\/09\/image-44-768x143.png 768w, https:\/\/ahassan.inscastellbisbal.net\/wp-content\/uploads\/2025\/09\/image-44.png 1322w\" sizes=\"auto, (max-width: 1024px) 100vw, 1024px\" \/><\/figure>\n\n\n\n<figure class=\"wp-block-image size-large\"><img loading=\"lazy\" decoding=\"async\" width=\"1024\" height=\"502\" src=\"https:\/\/ahassan.inscastellbisbal.net\/wp-content\/uploads\/2025\/09\/Screenshot-2025-09-30-at-08-54-55-SEO-Titles-Meta-\u2039-Ali-Hassan-smx-\u2014-WordPress-1024x502.png\" alt=\"\" class=\"wp-image-424\" srcset=\"https:\/\/ahassan.inscastellbisbal.net\/wp-content\/uploads\/2025\/09\/Screenshot-2025-09-30-at-08-54-55-SEO-Titles-Meta-\u2039-Ali-Hassan-smx-\u2014-WordPress-1024x502.png 1024w, https:\/\/ahassan.inscastellbisbal.net\/wp-content\/uploads\/2025\/09\/Screenshot-2025-09-30-at-08-54-55-SEO-Titles-Meta-\u2039-Ali-Hassan-smx-\u2014-WordPress-300x147.png 300w, https:\/\/ahassan.inscastellbisbal.net\/wp-content\/uploads\/2025\/09\/Screenshot-2025-09-30-at-08-54-55-SEO-Titles-Meta-\u2039-Ali-Hassan-smx-\u2014-WordPress-768x377.png 768w, https:\/\/ahassan.inscastellbisbal.net\/wp-content\/uploads\/2025\/09\/Screenshot-2025-09-30-at-08-54-55-SEO-Titles-Meta-\u2039-Ali-Hassan-smx-\u2014-WordPress-1536x754.png 1536w, https:\/\/ahassan.inscastellbisbal.net\/wp-content\/uploads\/2025\/09\/Screenshot-2025-09-30-at-08-54-55-SEO-Titles-Meta-\u2039-Ali-Hassan-smx-\u2014-WordPress.png 1908w\" sizes=\"auto, (max-width: 1024px) 100vw, 1024px\" \/><\/figure>\n\n\n\n<p>aquests que tinc instal\u00b7lats<\/p>\n\n\n\n<p><\/p>\n","protected":false},"excerpt":{"rendered":"<p>Qu\u00e8 \u00e9s el SEO? SEO s\u00f3n les sigles de Search Engine Optimization, que en catal\u00e0 es pot traduir com a optimitzaci\u00f3 per a motors de cerca. \u00c9s un conjunt de t\u00e8cniques i estrat\u00e8gies que s\u2019apliquen a una p\u00e0gina web amb l\u2019objectiu de millorar-ne el posicionament als resultats org\u00e0nics (no pagats) [&hellip;]<\/p>\n","protected":false},"author":1,"featured_media":0,"parent":0,"menu_order":0,"comment_status":"closed","ping_status":"closed","template":"","meta":{"footnotes":""},"class_list":["post-193","page","type-page","status-publish","hentry"],"_links":{"self":[{"href":"https:\/\/ahassan.inscastellbisbal.net\/index.php?rest_route=\/wp\/v2\/pages\/193","targetHints":{"allow":["GET"]}}],"collection":[{"href":"https:\/\/ahassan.inscastellbisbal.net\/index.php?rest_route=\/wp\/v2\/pages"}],"about":[{"href":"https:\/\/ahassan.inscastellbisbal.net\/index.php?rest_route=\/wp\/v2\/types\/page"}],"author":[{"embeddable":true,"href":"https:\/\/ahassan.inscastellbisbal.net\/index.php?rest_route=\/wp\/v2\/users\/1"}],"replies":[{"embeddable":true,"href":"https:\/\/ahassan.inscastellbisbal.net\/index.php?rest_route=%2Fwp%2Fv2%2Fcomments&post=193"}],"version-history":[{"count":3,"href":"https:\/\/ahassan.inscastellbisbal.net\/index.php?rest_route=\/wp\/v2\/pages\/193\/revisions"}],"predecessor-version":[{"id":425,"href":"https:\/\/ahassan.inscastellbisbal.net\/index.php?rest_route=\/wp\/v2\/pages\/193\/revisions\/425"}],"wp:attachment":[{"href":"https:\/\/ahassan.inscastellbisbal.net\/index.php?rest_route=%2Fwp%2Fv2%2Fmedia&parent=193"}],"curies":[{"name":"wp","href":"https:\/\/api.w.org\/{rel}","templated":true}]}}