{"id":204,"date":"2025-09-24T11:42:47","date_gmt":"2025-09-24T09:42:47","guid":{"rendered":"https:\/\/ahassan.inscastellbisbal.net\/?page_id=204"},"modified":"2026-04-13T18:38:55","modified_gmt":"2026-04-13T16:38:55","slug":"acces-a-miro-amb-el-compte-corporatiu","status":"publish","type":"page","link":"https:\/\/ahassan.inscastellbisbal.net\/?page_id=204","title":{"rendered":"Acc\u00e9s a Miro amb el compte corporatiu"},"content":{"rendered":"\n<p><strong>Acc\u00e9s a Miro amb el compte corporatiu<\/strong><\/p>\n\n\n\n<ol class=\"wp-block-list\">\n<li><strong>Obrir el navegador<\/strong>: Ves a la p\u00e0gina oficial de Miro (<a href=\"https:\/\/miro.com\" data-type=\"link\" data-id=\"https:\/\/miro.com\">Miro<\/a>)<\/li>\n<\/ol>\n\n\n\n<p><strong>Iniciar sessi\u00f3<\/strong>: Fes clic a <strong>\u201cLog in\u201d<\/strong> o <strong>\u201cIniciar sessi\u00f3\u201d<\/strong>.<\/p>\n\n\n\n<figure class=\"wp-block-image size-large\"><img loading=\"lazy\" decoding=\"async\" width=\"1024\" height=\"502\" src=\"https:\/\/ahassan.inscastellbisbal.net\/wp-content\/uploads\/2025\/09\/image-9-1024x502.png\" alt=\"\" class=\"wp-image-266\" srcset=\"https:\/\/ahassan.inscastellbisbal.net\/wp-content\/uploads\/2025\/09\/image-9-1024x502.png 1024w, https:\/\/ahassan.inscastellbisbal.net\/wp-content\/uploads\/2025\/09\/image-9-300x147.png 300w, https:\/\/ahassan.inscastellbisbal.net\/wp-content\/uploads\/2025\/09\/image-9-768x377.png 768w, https:\/\/ahassan.inscastellbisbal.net\/wp-content\/uploads\/2025\/09\/image-9-1536x754.png 1536w, https:\/\/ahassan.inscastellbisbal.net\/wp-content\/uploads\/2025\/09\/image-9.png 1908w\" sizes=\"auto, (max-width: 1024px) 100vw, 1024px\" \/><\/figure>\n\n\n\n<p><strong>Escollir el m\u00e8tode d\u2019autenticaci\u00f3<\/strong>:<\/p>\n\n\n\n<ul class=\"wp-block-list\">\n<li>Si la teva empresa fa servir un sistema d\u2019autenticaci\u00f3 espec\u00edfic (per exemple, SSO &#8211; Single Sign-On), selecciona aquesta opci\u00f3.<\/li>\n\n\n\n<li>Normalment, trobar\u00e0s un bot\u00f3 amb el nom de la teva empresa o un bot\u00f3 que diu <strong>\u201cSign in with SSO\u201d<\/strong> o similar.<\/li>\n\n\n\n<li>o si tens compte de correo pots amb aquesta compte tamb\u00e9.<\/li>\n<\/ul>\n\n\n\n<figure class=\"wp-block-image size-full\"><img loading=\"lazy\" decoding=\"async\" width=\"574\" height=\"722\" src=\"https:\/\/ahassan.inscastellbisbal.net\/wp-content\/uploads\/2025\/09\/image-10.png\" alt=\"\" class=\"wp-image-267\" srcset=\"https:\/\/ahassan.inscastellbisbal.net\/wp-content\/uploads\/2025\/09\/image-10.png 574w, https:\/\/ahassan.inscastellbisbal.net\/wp-content\/uploads\/2025\/09\/image-10-239x300.png 239w\" sizes=\"auto, (max-width: 574px) 100vw, 574px\" \/><\/figure>\n\n\n\n<p><strong>Introduir credencials corporatives<\/strong>:<\/p>\n\n\n\n<ul class=\"wp-block-list\">\n<li>Escriu el correu electr\u00f2nic i la contrasenya associats al teu compte corporatiu.<\/li>\n\n\n\n<li>Si l\u2019acc\u00e9s \u00e9s via SSO, ser\u00e0s redirigit a la p\u00e0gina d\u2019inici de sessi\u00f3 corporativa per validar-te.<\/li>\n<\/ul>\n\n\n\n<p><strong>Acc\u00e9s a l\u2019espai de treball corporatiu<\/strong>:<\/p>\n\n\n\n<ul class=\"wp-block-list\">\n<li>Un cop autenticat, accedir\u00e0s a l\u2019espai de treball o equip de la teva empresa on podr\u00e0s col\u00b7laborar amb els teus companys.<\/li>\n<\/ul>\n\n\n\n<figure class=\"wp-block-image size-large\"><img loading=\"lazy\" decoding=\"async\" width=\"1024\" height=\"499\" src=\"https:\/\/ahassan.inscastellbisbal.net\/wp-content\/uploads\/2025\/09\/image-11-1024x499.png\" alt=\"\" class=\"wp-image-268\" srcset=\"https:\/\/ahassan.inscastellbisbal.net\/wp-content\/uploads\/2025\/09\/image-11-1024x499.png 1024w, https:\/\/ahassan.inscastellbisbal.net\/wp-content\/uploads\/2025\/09\/image-11-300x146.png 300w, https:\/\/ahassan.inscastellbisbal.net\/wp-content\/uploads\/2025\/09\/image-11-768x374.png 768w, https:\/\/ahassan.inscastellbisbal.net\/wp-content\/uploads\/2025\/09\/image-11-1536x749.png 1536w, https:\/\/ahassan.inscastellbisbal.net\/wp-content\/uploads\/2025\/09\/image-11.png 1920w\" sizes=\"auto, (max-width: 1024px) 100vw, 1024px\" \/><\/figure>\n\n\n<div class=\"wpforms-container wpforms-container-full wpforms-block wpforms-block-62b302d5-0ad5-4c2b-bba2-cdbb5f7ce04c\" id=\"wpforms-764\"><form id=\"wpforms-form-764\" class=\"wpforms-validate wpforms-form\" data-formid=\"764\" method=\"post\" enctype=\"multipart\/form-data\" action=\"\/index.php?rest_route=%2Fwp%2Fv2%2Fpages%2F204\" data-token=\"0bed34a744a676e1df5823f5038439b0\" data-token-time=\"1778172168\"><noscript class=\"wpforms-error-noscript\">Activeu el JavaScript al navegador per a poder completar el formulari.<\/noscript><div class=\"wpforms-field-container\"><div id=\"wpforms-764-field_0-container\" class=\"wpforms-field wpforms-field-name wpforms-one-half wpforms-first\" data-field-id=\"0\"><label class=\"wpforms-field-label wpforms-label-hide\" for=\"wpforms-764-field_0\">Name <span class=\"wpforms-required-label\">*<\/span><\/label><input type=\"text\" id=\"wpforms-764-field_0\" class=\"wpforms-field-large wpforms-field-required\" name=\"wpforms[fields][0]\" placeholder=\"Your Name\" required><\/div><div id=\"wpforms-764-field_3-container\" class=\"wpforms-field wpforms-field-email wpforms-one-half\" data-field-id=\"3\"><label class=\"wpforms-field-label wpforms-label-hide\" for=\"wpforms-764-field_3\">Email <span class=\"wpforms-required-label\">*<\/span><\/label><input type=\"email\" id=\"wpforms-764-field_3\" class=\"wpforms-field-large wpforms-field-required\" name=\"wpforms[fields][3]\" placeholder=\"Your Email\" spellcheck=\"false\" required><\/div><div id=\"wpforms-764-field_4-container\" class=\"wpforms-field wpforms-field-text\" data-field-id=\"4\"><label class=\"wpforms-field-label wpforms-label-hide\" for=\"wpforms-764-field_4\">Subject<\/label><input type=\"text\" id=\"wpforms-764-field_4\" class=\"wpforms-field-large\" name=\"wpforms[fields][4]\" placeholder=\"Subject\" ><\/div><div id=\"wpforms-764-field_2-container\" class=\"wpforms-field wpforms-field-textarea\" data-field-id=\"2\"><label class=\"wpforms-field-label wpforms-label-hide\" for=\"wpforms-764-field_2\">Message <span class=\"wpforms-required-label\">*<\/span><\/label><textarea id=\"wpforms-764-field_2\" class=\"wpforms-field-medium wpforms-field-required\" name=\"wpforms[fields][2]\" placeholder=\"Your Message\" required><\/textarea><\/div><\/div><!-- .wpforms-field-container --><div class=\"wpforms-submit-container\" ><input type=\"hidden\" name=\"wpforms[id]\" value=\"764\"><input type=\"hidden\" name=\"page_title\" value=\"\"><input type=\"hidden\" name=\"page_url\" value=\"https:\/\/ahassan.inscastellbisbal.net\/index.php?rest_route=\/wp\/v2\/pages\/204\"><input type=\"hidden\" name=\"url_referer\" value=\"\"><button type=\"submit\" name=\"wpforms[submit]\" id=\"wpforms-submit-764\" class=\"wpforms-submit\" data-alt-text=\"Sending...\" data-submit-text=\"Send message\" aria-live=\"assertive\" value=\"wpforms-submit\">Send message<\/button><\/div><\/form><\/div>  <!-- .wpforms-container -->","protected":false},"excerpt":{"rendered":"<p>Acc\u00e9s a Miro amb el compte corporatiu Iniciar sessi\u00f3: Fes clic a \u201cLog in\u201d o \u201cIniciar sessi\u00f3\u201d. Escollir el m\u00e8tode d\u2019autenticaci\u00f3: Introduir credencials corporatives: Acc\u00e9s a l\u2019espai de treball corporatiu:<\/p>\n","protected":false},"author":1,"featured_media":0,"parent":81,"menu_order":0,"comment_status":"closed","ping_status":"closed","template":"","meta":{"footnotes":""},"class_list":["post-204","page","type-page","status-publish","hentry"],"_links":{"self":[{"href":"https:\/\/ahassan.inscastellbisbal.net\/index.php?rest_route=\/wp\/v2\/pages\/204","targetHints":{"allow":["GET"]}}],"collection":[{"href":"https:\/\/ahassan.inscastellbisbal.net\/index.php?rest_route=\/wp\/v2\/pages"}],"about":[{"href":"https:\/\/ahassan.inscastellbisbal.net\/index.php?rest_route=\/wp\/v2\/types\/page"}],"author":[{"embeddable":true,"href":"https:\/\/ahassan.inscastellbisbal.net\/index.php?rest_route=\/wp\/v2\/users\/1"}],"replies":[{"embeddable":true,"href":"https:\/\/ahassan.inscastellbisbal.net\/index.php?rest_route=%2Fwp%2Fv2%2Fcomments&post=204"}],"version-history":[{"count":4,"href":"https:\/\/ahassan.inscastellbisbal.net\/index.php?rest_route=\/wp\/v2\/pages\/204\/revisions"}],"predecessor-version":[{"id":2424,"href":"https:\/\/ahassan.inscastellbisbal.net\/index.php?rest_route=\/wp\/v2\/pages\/204\/revisions\/2424"}],"up":[{"embeddable":true,"href":"https:\/\/ahassan.inscastellbisbal.net\/index.php?rest_route=\/wp\/v2\/pages\/81"}],"wp:attachment":[{"href":"https:\/\/ahassan.inscastellbisbal.net\/index.php?rest_route=%2Fwp%2Fv2%2Fmedia&parent=204"}],"curies":[{"name":"wp","href":"https:\/\/api.w.org\/{rel}","templated":true}]}}