{"id":210,"date":"2025-09-24T11:52:15","date_gmt":"2025-09-24T09:52:15","guid":{"rendered":"https:\/\/ahassan.inscastellbisbal.net\/?page_id=210"},"modified":"2025-09-25T09:20:29","modified_gmt":"2025-09-25T07:20:29","slug":"acces-a-netacad-amb-el-compte-professional","status":"publish","type":"page","link":"https:\/\/ahassan.inscastellbisbal.net\/?page_id=210","title":{"rendered":"Acces a Netacad amb el  compte professional"},"content":{"rendered":"\n<h3 class=\"wp-block-heading\">Acc\u00e9s a NetAcad amb un compte professional de Gmail<\/h3>\n\n\n\n<ol class=\"wp-block-list\">\n<li><strong>Obrir el navegador:<\/strong> Obre el navegador web que utilitzis (Chrome, Firefox, Edge, etc.).<\/li>\n\n\n\n<li><strong>Anar a la p\u00e0gina de NetAcad:<\/strong> Escriu a la barra d\u2019adreces <a>https:\/\/www.netacad.com<\/a> prem Enter.<\/li>\n<\/ol>\n\n\n\n<figure class=\"wp-block-image size-full\"><img loading=\"lazy\" decoding=\"async\" width=\"760\" height=\"70\" src=\"https:\/\/ahassan.inscastellbisbal.net\/wp-content\/uploads\/2025\/09\/image-18.png\" alt=\"\" class=\"wp-image-279\" srcset=\"https:\/\/ahassan.inscastellbisbal.net\/wp-content\/uploads\/2025\/09\/image-18.png 760w, https:\/\/ahassan.inscastellbisbal.net\/wp-content\/uploads\/2025\/09\/image-18-300x28.png 300w\" sizes=\"auto, (max-width: 760px) 100vw, 760px\" \/><\/figure>\n\n\n\n<figure class=\"wp-block-image size-full\"><img loading=\"lazy\" decoding=\"async\" width=\"1020\" height=\"781\" src=\"https:\/\/ahassan.inscastellbisbal.net\/wp-content\/uploads\/2025\/09\/image-19.png\" alt=\"\" class=\"wp-image-280\" srcset=\"https:\/\/ahassan.inscastellbisbal.net\/wp-content\/uploads\/2025\/09\/image-19.png 1020w, https:\/\/ahassan.inscastellbisbal.net\/wp-content\/uploads\/2025\/09\/image-19-300x230.png 300w, https:\/\/ahassan.inscastellbisbal.net\/wp-content\/uploads\/2025\/09\/image-19-768x588.png 768w\" sizes=\"auto, (max-width: 1020px) 100vw, 1020px\" \/><\/figure>\n\n\n\n<ol class=\"wp-block-list\">\n<li><strong>Fes clic a \u201cInicia sessi\u00f3\u201d:<\/strong> A la part superior dreta de la p\u00e0gina, prem sobre el bot\u00f3 \u201cInicia sessi\u00f3\u201d o \u201cSign In\u201d.<\/li>\n\n\n\n<li><strong>Selecciona l\u2019opci\u00f3 de Google:<\/strong> Quan aparegui la pantalla d\u2019inici de sessi\u00f3, busca l\u2019opci\u00f3 per accedir amb el teu compte Google (normalment un bot\u00f3 que diu \u201cInicia sessi\u00f3 amb Google\u201d o \u201cSign in with Google\u201d).<\/li>\n\n\n\n<li><strong>Tria el teu compte professional de Gmail:<\/strong> Si tens diversos comptes Google, selecciona el compte professional (el que t\u00e9 el domini de la teva empresa, per exemple, <a>nom@empresa.com<\/a><\/li>\n\n\n\n<li><strong>Concedeix els permisos:<\/strong> Si \u00e9s la primera vegada que accedeixes, Google et demanar\u00e0 perm\u00eds per compartir algunes dades amb NetAcad. Accepta per continuar.<\/li>\n\n\n\n<li><strong>Accedeix a NetAcad:<\/strong> Un cop validat el teu compte Google, entrar\u00e0s a la plataforma NetAcad amb el teu perfil professional i podr\u00e0s accedir als cursos i materials assignats.<\/li>\n<\/ol>\n\n\n\n<figure class=\"wp-block-image size-large\"><img loading=\"lazy\" decoding=\"async\" width=\"1024\" height=\"502\" src=\"https:\/\/ahassan.inscastellbisbal.net\/wp-content\/uploads\/2025\/09\/image-20-1024x502.png\" alt=\"\" class=\"wp-image-281\" srcset=\"https:\/\/ahassan.inscastellbisbal.net\/wp-content\/uploads\/2025\/09\/image-20-1024x502.png 1024w, https:\/\/ahassan.inscastellbisbal.net\/wp-content\/uploads\/2025\/09\/image-20-300x147.png 300w, https:\/\/ahassan.inscastellbisbal.net\/wp-content\/uploads\/2025\/09\/image-20-768x377.png 768w, https:\/\/ahassan.inscastellbisbal.net\/wp-content\/uploads\/2025\/09\/image-20-1536x754.png 1536w, https:\/\/ahassan.inscastellbisbal.net\/wp-content\/uploads\/2025\/09\/image-20.png 1908w\" sizes=\"auto, (max-width: 1024px) 100vw, 1024px\" \/><\/figure>\n\n\n\n<hr class=\"wp-block-separator has-alpha-channel-opacity\"\/>\n\n\n\n<p><strong>Nota:<\/strong> \u00c9s important que el compte Gmail que utilitzis sigui el professional, perqu\u00e8 NetAcad sovint fa servir aquest identificador per validar que formes part d\u2019una organitzaci\u00f3 que t\u00e9 llic\u00e8ncies o acc\u00e9s a cursos.<\/p>\n\n\n\n<p>Si tens algun problema, contacta amb l\u2019administrador de NetAcad de la teva empresa o instituci\u00f3 perqu\u00e8 t\u2019ajudi amb la configuraci\u00f3 del compte.<\/p>\n\n\n\n<hr class=\"wp-block-separator has-alpha-channel-opacity\"\/>\n\n\n\n<p><\/p>\n","protected":false},"excerpt":{"rendered":"<p>Acc\u00e9s a NetAcad amb un compte professional de Gmail Nota: \u00c9s important que el compte Gmail que utilitzis sigui el professional, perqu\u00e8 NetAcad sovint fa servir aquest identificador per validar que formes part d\u2019una organitzaci\u00f3 que t\u00e9 llic\u00e8ncies o acc\u00e9s a cursos. Si tens algun problema, contacta amb l\u2019administrador de [&hellip;]<\/p>\n","protected":false},"author":1,"featured_media":0,"parent":81,"menu_order":0,"comment_status":"closed","ping_status":"closed","template":"","meta":{"footnotes":""},"class_list":["post-210","page","type-page","status-publish","hentry"],"_links":{"self":[{"href":"https:\/\/ahassan.inscastellbisbal.net\/index.php?rest_route=\/wp\/v2\/pages\/210","targetHints":{"allow":["GET"]}}],"collection":[{"href":"https:\/\/ahassan.inscastellbisbal.net\/index.php?rest_route=\/wp\/v2\/pages"}],"about":[{"href":"https:\/\/ahassan.inscastellbisbal.net\/index.php?rest_route=\/wp\/v2\/types\/page"}],"author":[{"embeddable":true,"href":"https:\/\/ahassan.inscastellbisbal.net\/index.php?rest_route=\/wp\/v2\/users\/1"}],"replies":[{"embeddable":true,"href":"https:\/\/ahassan.inscastellbisbal.net\/index.php?rest_route=%2Fwp%2Fv2%2Fcomments&post=210"}],"version-history":[{"count":2,"href":"https:\/\/ahassan.inscastellbisbal.net\/index.php?rest_route=\/wp\/v2\/pages\/210\/revisions"}],"predecessor-version":[{"id":282,"href":"https:\/\/ahassan.inscastellbisbal.net\/index.php?rest_route=\/wp\/v2\/pages\/210\/revisions\/282"}],"up":[{"embeddable":true,"href":"https:\/\/ahassan.inscastellbisbal.net\/index.php?rest_route=\/wp\/v2\/pages\/81"}],"wp:attachment":[{"href":"https:\/\/ahassan.inscastellbisbal.net\/index.php?rest_route=%2Fwp%2Fv2%2Fmedia&parent=210"}],"curies":[{"name":"wp","href":"https:\/\/api.w.org\/{rel}","templated":true}]}}