{"id":213,"date":"2025-09-24T11:53:33","date_gmt":"2025-09-24T09:53:33","guid":{"rendered":"https:\/\/ahassan.inscastellbisbal.net\/?page_id=213"},"modified":"2025-09-25T09:14:11","modified_gmt":"2025-09-25T07:14:11","slug":"acces-a-moodle-amb-el-compte-corporatiu","status":"publish","type":"page","link":"https:\/\/ahassan.inscastellbisbal.net\/?page_id=213","title":{"rendered":"Acc\u00e9s a Moodle amb el compte corporatiu"},"content":{"rendered":"\n<p>Accedir a <strong>Moodle<\/strong> amb el <strong>compte corporatiu<\/strong> significa utilitzar les teves credencials institucionals (com ara el correu electr\u00f2nic i contrasenya que et proporciona la teva escola, universitat o empresa) per entrar a la plataforma d&#8217;aprenentatge <strong>Moodle<\/strong>.<\/p>\n\n\n\n<h3 class=\"wp-block-heading\">Passos per accedir a Moodle amb el compte corporatiu:<\/h3>\n\n\n\n<ol class=\"wp-block-list\">\n<li><strong>Ves a la p\u00e0gina web del Moodle del teu centre<\/strong><br>(Normalment tindr\u00e0 un enlla\u00e7 directe des del web de la instituci\u00f3).<\/li>\n<\/ol>\n\n\n\n<figure class=\"wp-block-image size-large\"><img loading=\"lazy\" decoding=\"async\" width=\"1024\" height=\"502\" src=\"https:\/\/ahassan.inscastellbisbal.net\/wp-content\/uploads\/2025\/09\/image-12-1024x502.png\" alt=\"\" class=\"wp-image-270\" srcset=\"https:\/\/ahassan.inscastellbisbal.net\/wp-content\/uploads\/2025\/09\/image-12-1024x502.png 1024w, https:\/\/ahassan.inscastellbisbal.net\/wp-content\/uploads\/2025\/09\/image-12-300x147.png 300w, https:\/\/ahassan.inscastellbisbal.net\/wp-content\/uploads\/2025\/09\/image-12-768x377.png 768w, https:\/\/ahassan.inscastellbisbal.net\/wp-content\/uploads\/2025\/09\/image-12-1536x754.png 1536w, https:\/\/ahassan.inscastellbisbal.net\/wp-content\/uploads\/2025\/09\/image-12.png 1908w\" sizes=\"auto, (max-width: 1024px) 100vw, 1024px\" \/><\/figure>\n\n\n\n<ol class=\"wp-block-list\">\n<li><strong>Fes clic a &#8220;Inicia sessi\u00f3&#8221; o &#8220;Login&#8221;<\/strong>.<\/li>\n\n\n\n<li><strong>Selecciona l\u2019opci\u00f3 de compte corporatiu<\/strong><br>(Pot apar\u00e8ixer com a &#8220;Inicia sessi\u00f3 amb Google&#8221;, &#8220;Microsoft&#8221;, &#8220;Oficina 365&#8221;, &#8220;Compte institucional&#8221;, &#8220;SSO&#8221;, o similar).<\/li>\n\n\n\n<li><strong>Introdueix el teu correu electr\u00f2nic corporatiu<\/strong><br>(Per exemple: <code>nom.cognom@institucio.cat<\/code>).<\/li>\n\n\n\n<li><strong>Escriu la contrasenya del teu compte corporatiu.<\/strong><\/li>\n\n\n\n<li><strong>Accedeix a Moodle<\/strong><br>Si \u00e9s el teu primer acc\u00e9s, pot ser que hagis d\u2019acceptar algunes condicions o completar el teu perfil.<\/li>\n<\/ol>\n\n\n\n<figure class=\"wp-block-image size-full is-resized\"><img loading=\"lazy\" decoding=\"async\" width=\"246\" height=\"180\" src=\"https:\/\/ahassan.inscastellbisbal.net\/wp-content\/uploads\/2025\/09\/image-13.png\" alt=\"\" class=\"wp-image-272\" style=\"width:228px;height:auto\"\/><\/figure>\n\n\n\n<h3 class=\"wp-block-heading\">Observacions:<\/h3>\n\n\n\n<ul class=\"wp-block-list\">\n<li>Si no saps quin \u00e9s el teu compte corporatiu, consulta amb el servei inform\u00e0tic o secretaria del teu centre.<\/li>\n\n\n\n<li>Si tens problemes d\u2019acc\u00e9s (contrasenya incorrecta, compte desactivat, etc.), posa\u2019t en contacte amb el suport t\u00e8cnic de la teva instituci\u00f3.<\/li>\n<\/ul>\n\n\n\n<figure class=\"wp-block-image size-large\"><img loading=\"lazy\" decoding=\"async\" width=\"1024\" height=\"502\" src=\"https:\/\/ahassan.inscastellbisbal.net\/wp-content\/uploads\/2025\/09\/image-14-1024x502.png\" alt=\"\" class=\"wp-image-273\" srcset=\"https:\/\/ahassan.inscastellbisbal.net\/wp-content\/uploads\/2025\/09\/image-14-1024x502.png 1024w, https:\/\/ahassan.inscastellbisbal.net\/wp-content\/uploads\/2025\/09\/image-14-300x147.png 300w, https:\/\/ahassan.inscastellbisbal.net\/wp-content\/uploads\/2025\/09\/image-14-768x377.png 768w, https:\/\/ahassan.inscastellbisbal.net\/wp-content\/uploads\/2025\/09\/image-14-1536x754.png 1536w, https:\/\/ahassan.inscastellbisbal.net\/wp-content\/uploads\/2025\/09\/image-14.png 1908w\" sizes=\"auto, (max-width: 1024px) 100vw, 1024px\" \/><\/figure>\n","protected":false},"excerpt":{"rendered":"<p>Accedir a Moodle amb el compte corporatiu significa utilitzar les teves credencials institucionals (com ara el correu electr\u00f2nic i contrasenya que et proporciona la teva escola, universitat o empresa) per entrar a la plataforma d&#8217;aprenentatge Moodle. Passos per accedir a Moodle amb el compte corporatiu: Observacions:<\/p>\n","protected":false},"author":1,"featured_media":0,"parent":81,"menu_order":0,"comment_status":"closed","ping_status":"closed","template":"","meta":{"footnotes":""},"class_list":["post-213","page","type-page","status-publish","hentry"],"_links":{"self":[{"href":"https:\/\/ahassan.inscastellbisbal.net\/index.php?rest_route=\/wp\/v2\/pages\/213","targetHints":{"allow":["GET"]}}],"collection":[{"href":"https:\/\/ahassan.inscastellbisbal.net\/index.php?rest_route=\/wp\/v2\/pages"}],"about":[{"href":"https:\/\/ahassan.inscastellbisbal.net\/index.php?rest_route=\/wp\/v2\/types\/page"}],"author":[{"embeddable":true,"href":"https:\/\/ahassan.inscastellbisbal.net\/index.php?rest_route=\/wp\/v2\/users\/1"}],"replies":[{"embeddable":true,"href":"https:\/\/ahassan.inscastellbisbal.net\/index.php?rest_route=%2Fwp%2Fv2%2Fcomments&post=213"}],"version-history":[{"count":3,"href":"https:\/\/ahassan.inscastellbisbal.net\/index.php?rest_route=\/wp\/v2\/pages\/213\/revisions"}],"predecessor-version":[{"id":274,"href":"https:\/\/ahassan.inscastellbisbal.net\/index.php?rest_route=\/wp\/v2\/pages\/213\/revisions\/274"}],"up":[{"embeddable":true,"href":"https:\/\/ahassan.inscastellbisbal.net\/index.php?rest_route=\/wp\/v2\/pages\/81"}],"wp:attachment":[{"href":"https:\/\/ahassan.inscastellbisbal.net\/index.php?rest_route=%2Fwp%2Fv2%2Fmedia&parent=213"}],"curies":[{"name":"wp","href":"https:\/\/api.w.org\/{rel}","templated":true}]}}