{"id":218,"date":"2025-09-24T11:57:46","date_gmt":"2025-09-24T09:57:46","guid":{"rendered":"https:\/\/ahassan.inscastellbisbal.net\/?page_id=218"},"modified":"2025-09-25T09:47:05","modified_gmt":"2025-09-25T07:47:05","slug":"utilitzacio-dun-gestor-de-contrasenyes-integrat-al-navegador","status":"publish","type":"page","link":"https:\/\/ahassan.inscastellbisbal.net\/?page_id=218","title":{"rendered":"Utilitzaci\u00f3 d\u2019un gestor de contrasenyes integrat al navegador"},"content":{"rendered":"\n<h3 class=\"wp-block-heading\">Utilitzaci\u00f3 d\u2019un gestor de contrasenyes integrat al navegador<\/h3>\n\n\n\n<p>Els navegadors web moderns, com Google Chrome, Firefox, Microsoft Edge o Safari, inclouen un gestor de contrasenyes integrat. Aquest gestor serveix per guardar, gestionar i protegir les teves contrasenyes de manera c\u00f2moda i segura mentre navegues per internet.<\/p>\n\n\n\n<p><strong>Avantatges:<\/strong><\/p>\n\n\n\n<ul class=\"wp-block-list\">\n<li>No cal recordar totes les contrasenyes, nom\u00e9s la del navegador o del compte.<\/li>\n\n\n\n<li>Facilita l\u2019\u00fas de contrasenyes m\u00e9s segures i diferents per a cada servei.<\/li>\n\n\n\n<li>Estalvia temps a l\u2019hora de fer login.<\/li>\n\n\n\n<li>Algunes versions inclouen la detecci\u00f3 de contrasenyes febles o repetides.<\/li>\n<\/ul>\n\n\n\n<p><strong>Precaucions:<\/strong><\/p>\n\n\n\n<ul class=\"wp-block-list\">\n<li>\u00c9s important protegir b\u00e9 l\u2019acc\u00e9s al navegador amb una contrasenya forta o autenticaci\u00f3 de dos factors.<\/li>\n\n\n\n<li>No \u00e9s recomanable utilitzar el gestor de contrasenyes del navegador en dispositius compartits.<\/li>\n\n\n\n<li>En cas de robatori o acc\u00e9s no autoritzat al dispositiu, les contrasenyes poden quedar exposades si no estan xifrades o protegides.<\/li>\n<\/ul>\n\n\n\n<hr class=\"wp-block-separator has-alpha-channel-opacity\"\/>\n\n\n\n<p>per exemple: faig servir Bitwarden per desar i protegir la meva contrasenya<\/p>\n\n\n\n<figure class=\"wp-block-image size-large\"><img loading=\"lazy\" decoding=\"async\" width=\"1024\" height=\"502\" src=\"https:\/\/ahassan.inscastellbisbal.net\/wp-content\/uploads\/2025\/09\/image-26-1024x502.png\" alt=\"\" class=\"wp-image-294\" srcset=\"https:\/\/ahassan.inscastellbisbal.net\/wp-content\/uploads\/2025\/09\/image-26-1024x502.png 1024w, https:\/\/ahassan.inscastellbisbal.net\/wp-content\/uploads\/2025\/09\/image-26-300x147.png 300w, https:\/\/ahassan.inscastellbisbal.net\/wp-content\/uploads\/2025\/09\/image-26-768x377.png 768w, https:\/\/ahassan.inscastellbisbal.net\/wp-content\/uploads\/2025\/09\/image-26-1536x754.png 1536w, https:\/\/ahassan.inscastellbisbal.net\/wp-content\/uploads\/2025\/09\/image-26.png 1908w\" sizes=\"auto, (max-width: 1024px) 100vw, 1024px\" \/><\/figure>\n\n\n\n<figure class=\"wp-block-image size-full\"><img loading=\"lazy\" decoding=\"async\" width=\"664\" height=\"197\" src=\"https:\/\/ahassan.inscastellbisbal.net\/wp-content\/uploads\/2025\/09\/image-27.png\" alt=\"\" class=\"wp-image-295\" srcset=\"https:\/\/ahassan.inscastellbisbal.net\/wp-content\/uploads\/2025\/09\/image-27.png 664w, https:\/\/ahassan.inscastellbisbal.net\/wp-content\/uploads\/2025\/09\/image-27-300x89.png 300w\" sizes=\"auto, (max-width: 664px) 100vw, 664px\" \/><\/figure>\n\n\n\n<p>Nom\u00e9s has de descarregar la versi\u00f3 del navegador que fas servir i despr\u00e9s desar-hi la teva contrasenya, que ser\u00e0 protectora i desar\u00e0 la teva contrasenya, i la podr\u00e0s canviar quan vulguis.<\/p>\n\n\n\n<p><\/p>\n","protected":false},"excerpt":{"rendered":"<p>Utilitzaci\u00f3 d\u2019un gestor de contrasenyes integrat al navegador Els navegadors web moderns, com Google Chrome, Firefox, Microsoft Edge o Safari, inclouen un gestor de contrasenyes integrat. Aquest gestor serveix per guardar, gestionar i protegir les teves contrasenyes de manera c\u00f2moda i segura mentre navegues per internet. Avantatges: Precaucions: per exemple: [&hellip;]<\/p>\n","protected":false},"author":1,"featured_media":0,"parent":81,"menu_order":0,"comment_status":"closed","ping_status":"closed","template":"","meta":{"footnotes":""},"class_list":["post-218","page","type-page","status-publish","hentry"],"_links":{"self":[{"href":"https:\/\/ahassan.inscastellbisbal.net\/index.php?rest_route=\/wp\/v2\/pages\/218","targetHints":{"allow":["GET"]}}],"collection":[{"href":"https:\/\/ahassan.inscastellbisbal.net\/index.php?rest_route=\/wp\/v2\/pages"}],"about":[{"href":"https:\/\/ahassan.inscastellbisbal.net\/index.php?rest_route=\/wp\/v2\/types\/page"}],"author":[{"embeddable":true,"href":"https:\/\/ahassan.inscastellbisbal.net\/index.php?rest_route=\/wp\/v2\/users\/1"}],"replies":[{"embeddable":true,"href":"https:\/\/ahassan.inscastellbisbal.net\/index.php?rest_route=%2Fwp%2Fv2%2Fcomments&post=218"}],"version-history":[{"count":3,"href":"https:\/\/ahassan.inscastellbisbal.net\/index.php?rest_route=\/wp\/v2\/pages\/218\/revisions"}],"predecessor-version":[{"id":297,"href":"https:\/\/ahassan.inscastellbisbal.net\/index.php?rest_route=\/wp\/v2\/pages\/218\/revisions\/297"}],"up":[{"embeddable":true,"href":"https:\/\/ahassan.inscastellbisbal.net\/index.php?rest_route=\/wp\/v2\/pages\/81"}],"wp:attachment":[{"href":"https:\/\/ahassan.inscastellbisbal.net\/index.php?rest_route=%2Fwp%2Fv2%2Fmedia&parent=218"}],"curies":[{"name":"wp","href":"https:\/\/api.w.org\/{rel}","templated":true}]}}