{"id":320,"date":"2025-09-26T08:40:24","date_gmt":"2025-09-26T06:40:24","guid":{"rendered":"https:\/\/ahassan.inscastellbisbal.net\/?page_id=320"},"modified":"2025-09-26T08:41:54","modified_gmt":"2025-09-26T06:41:54","slug":"utilitzacio-de-marcadors-en-documents-de-drive","status":"publish","type":"page","link":"https:\/\/ahassan.inscastellbisbal.net\/?page_id=320","title":{"rendered":"Utilitzaci\u00f3 de marcadors en documents de Drive."},"content":{"rendered":"\n<p>Per utilitzar el marcador, heu d&#8217;obrir el Google Drive i despr\u00e9s anar a qualsevol document que h\u00e0giu creat.<\/p>\n\n\n\n<figure class=\"wp-block-image size-large\"><img loading=\"lazy\" decoding=\"async\" width=\"1024\" height=\"499\" src=\"https:\/\/ahassan.inscastellbisbal.net\/wp-content\/uploads\/2025\/09\/image-29-1024x499.png\" alt=\"\" class=\"wp-image-321\" srcset=\"https:\/\/ahassan.inscastellbisbal.net\/wp-content\/uploads\/2025\/09\/image-29-1024x499.png 1024w, https:\/\/ahassan.inscastellbisbal.net\/wp-content\/uploads\/2025\/09\/image-29-300x146.png 300w, https:\/\/ahassan.inscastellbisbal.net\/wp-content\/uploads\/2025\/09\/image-29-768x374.png 768w, https:\/\/ahassan.inscastellbisbal.net\/wp-content\/uploads\/2025\/09\/image-29-1536x749.png 1536w, https:\/\/ahassan.inscastellbisbal.net\/wp-content\/uploads\/2025\/09\/image-29.png 1920w\" sizes=\"auto, (max-width: 1024px) 100vw, 1024px\" \/><\/figure>\n\n\n\n<p>Obriu el document i a la part superior esquerra hi haur\u00e0 una barra de cerca quan cerqueu &#8220;marcador&#8221;. La primera opci\u00f3 \u00e9s el marcador.<\/p>\n\n\n\n<p>despr\u00e9s copia el text on has de posar el marcador.<\/p>\n\n\n\n<figure class=\"wp-block-image size-full is-resized\"><img loading=\"lazy\" decoding=\"async\" width=\"761\" height=\"362\" src=\"https:\/\/ahassan.inscastellbisbal.net\/wp-content\/uploads\/2025\/09\/image-30.png\" alt=\"\" class=\"wp-image-322\" style=\"width:471px;height:auto\" srcset=\"https:\/\/ahassan.inscastellbisbal.net\/wp-content\/uploads\/2025\/09\/image-30.png 761w, https:\/\/ahassan.inscastellbisbal.net\/wp-content\/uploads\/2025\/09\/image-30-300x143.png 300w\" sizes=\"auto, (max-width: 761px) 100vw, 761px\" \/><\/figure>\n\n\n\n<p>Ara poseu el marcador a la pestanya que vulgueu a la unitat de documents.<\/p>\n\n\n\n<ol class=\"wp-block-list\">\n<li>Selecciona el text que vols convertir en enlla\u00e7 (per exemple, \u201cAnar a la secci\u00f3 2\u201d).<\/li>\n\n\n\n<li>Fes clic dret i selecciona <strong>&#8220;Enlla\u00e7&#8221;<\/strong> o fes servir el bot\u00f3 d&#8217;enlla\u00e7 \ud83d\udd17 a la barra d&#8217;eines.<\/li>\n\n\n\n<li>A la finestra emergent, veur\u00e0s una secci\u00f3 que diu <strong>&#8220;Marcadors&#8221;<\/strong> (Bookmarks).<\/li>\n\n\n\n<li>Tria el marcador que vas crear.<\/li>\n\n\n\n<li>Fes clic a <strong>&#8220;Aplicar&#8221;<\/strong>.<\/li>\n<\/ol>\n\n\n\n<hr class=\"wp-block-separator has-alpha-channel-opacity\"\/>\n","protected":false},"excerpt":{"rendered":"<p>Per utilitzar el marcador, heu d&#8217;obrir el Google Drive i despr\u00e9s anar a qualsevol document que h\u00e0giu creat. Obriu el document i a la part superior esquerra hi haur\u00e0 una barra de cerca quan cerqueu &#8220;marcador&#8221;. La primera opci\u00f3 \u00e9s el marcador. despr\u00e9s copia el text on has de posar [&hellip;]<\/p>\n","protected":false},"author":1,"featured_media":0,"parent":84,"menu_order":0,"comment_status":"closed","ping_status":"closed","template":"","meta":{"footnotes":""},"class_list":["post-320","page","type-page","status-publish","hentry"],"_links":{"self":[{"href":"https:\/\/ahassan.inscastellbisbal.net\/index.php?rest_route=\/wp\/v2\/pages\/320","targetHints":{"allow":["GET"]}}],"collection":[{"href":"https:\/\/ahassan.inscastellbisbal.net\/index.php?rest_route=\/wp\/v2\/pages"}],"about":[{"href":"https:\/\/ahassan.inscastellbisbal.net\/index.php?rest_route=\/wp\/v2\/types\/page"}],"author":[{"embeddable":true,"href":"https:\/\/ahassan.inscastellbisbal.net\/index.php?rest_route=\/wp\/v2\/users\/1"}],"replies":[{"embeddable":true,"href":"https:\/\/ahassan.inscastellbisbal.net\/index.php?rest_route=%2Fwp%2Fv2%2Fcomments&post=320"}],"version-history":[{"count":1,"href":"https:\/\/ahassan.inscastellbisbal.net\/index.php?rest_route=\/wp\/v2\/pages\/320\/revisions"}],"predecessor-version":[{"id":323,"href":"https:\/\/ahassan.inscastellbisbal.net\/index.php?rest_route=\/wp\/v2\/pages\/320\/revisions\/323"}],"up":[{"embeddable":true,"href":"https:\/\/ahassan.inscastellbisbal.net\/index.php?rest_route=\/wp\/v2\/pages\/84"}],"wp:attachment":[{"href":"https:\/\/ahassan.inscastellbisbal.net\/index.php?rest_route=%2Fwp%2Fv2%2Fmedia&parent=320"}],"curies":[{"name":"wp","href":"https:\/\/api.w.org\/{rel}","templated":true}]}}