{"id":347,"date":"2025-09-29T08:51:44","date_gmt":"2025-09-29T06:51:44","guid":{"rendered":"https:\/\/ahassan.inscastellbisbal.net\/?page_id=347"},"modified":"2025-10-22T10:43:05","modified_gmt":"2025-10-22T08:43:05","slug":"eleccio-dun-tema","status":"publish","type":"page","link":"https:\/\/ahassan.inscastellbisbal.net\/?page_id=347","title":{"rendered":"Elecci\u00f3 d\u2019un tema"},"content":{"rendered":"\n<p>Lelecci\u00f3 del tema a WordPress \u00e9s molt f\u00e0cil.<\/p>\n\n\n\n<p>nom\u00e9s cal anar a la p\u00e0gina de WordPress i a la part inferior esquerra hi haur\u00e0 escrit <strong>&#8220;aparen\u00e7a&#8221;.<\/strong><\/p>\n\n\n\n<figure class=\"wp-block-image size-full is-resized\"><img loading=\"lazy\" decoding=\"async\" width=\"163\" height=\"714\" src=\"https:\/\/ahassan.inscastellbisbal.net\/wp-content\/uploads\/2025\/09\/Screenshot-2025-09-29-at-08-42-35-Afegeix-una-pagina-\u2039-Ali-Hassan-smx-\u2014-WordPress.png\" alt=\"\" class=\"wp-image-348\" style=\"width:97px;height:auto\"\/><\/figure>\n\n\n\n<p>en aparen\u00e7a hi haur\u00e0 un punt anomenat <strong>tema,<\/strong><\/p>\n\n\n\n<figure class=\"wp-block-image size-full is-resized\"><img loading=\"lazy\" decoding=\"async\" width=\"408\" height=\"894\" src=\"https:\/\/ahassan.inscastellbisbal.net\/wp-content\/uploads\/2025\/09\/Screenshot-at-2025-09-29-08-44-20.png\" alt=\"\" class=\"wp-image-349\" style=\"width:202px;height:auto\" srcset=\"https:\/\/ahassan.inscastellbisbal.net\/wp-content\/uploads\/2025\/09\/Screenshot-at-2025-09-29-08-44-20.png 408w, https:\/\/ahassan.inscastellbisbal.net\/wp-content\/uploads\/2025\/09\/Screenshot-at-2025-09-29-08-44-20-137x300.png 137w\" sizes=\"auto, (max-width: 408px) 100vw, 408px\" \/><\/figure>\n\n\n\n<p>Quan entreu en temes, heu de fer clic a <strong>&#8220;Afegeix un tema&#8221;<\/strong> i podeu seleccionar el tema que vulgueu i a la part <strong>superior dreta<\/strong> podeu triar el tipus de <strong>tema<\/strong> que vulgueu posar-lo a la vostra p\u00e0gina de <strong>WordPress.<\/strong><\/p>\n\n\n\n<figure class=\"wp-block-image size-large\"><img loading=\"lazy\" decoding=\"async\" width=\"1024\" height=\"486\" src=\"https:\/\/ahassan.inscastellbisbal.net\/wp-content\/uploads\/2025\/10\/image-70-1024x486.png\" alt=\"\" class=\"wp-image-727\" srcset=\"https:\/\/ahassan.inscastellbisbal.net\/wp-content\/uploads\/2025\/10\/image-70-1024x486.png 1024w, https:\/\/ahassan.inscastellbisbal.net\/wp-content\/uploads\/2025\/10\/image-70-300x142.png 300w, https:\/\/ahassan.inscastellbisbal.net\/wp-content\/uploads\/2025\/10\/image-70-768x364.png 768w, https:\/\/ahassan.inscastellbisbal.net\/wp-content\/uploads\/2025\/10\/image-70.png 1178w\" sizes=\"auto, (max-width: 1024px) 100vw, 1024px\" \/><\/figure>\n\n\n\n<p>Despr\u00e9s de seleccionar la tema  que us agrada, feu <strong>clic<\/strong> al bot\u00f3 <strong>d&#8217;instal\u00b7laci\u00f3<\/strong> i deixeu-lo <strong>instal\u00b7lar.<\/strong><\/p>\n\n\n\n<p>Despr\u00e9s de la <strong>instal\u00b7laci\u00f3,<\/strong> activeu-lo i ja est\u00e0, s&#8217;ajustar\u00e0 autom\u00e0ticament a la vostra p\u00e0gina de <strong>WordPress<\/strong>.<\/p>\n\n\n\n<p>tamb\u00e9 pots personalitzar el teu tema.<\/p>\n\n\n\n<figure class=\"wp-block-image size-full is-resized\"><img loading=\"lazy\" decoding=\"async\" width=\"603\" height=\"531\" src=\"https:\/\/ahassan.inscastellbisbal.net\/wp-content\/uploads\/2025\/10\/image-71.png\" alt=\"\" class=\"wp-image-729\" style=\"width:270px;height:auto\" srcset=\"https:\/\/ahassan.inscastellbisbal.net\/wp-content\/uploads\/2025\/10\/image-71.png 603w, https:\/\/ahassan.inscastellbisbal.net\/wp-content\/uploads\/2025\/10\/image-71-300x264.png 300w\" sizes=\"auto, (max-width: 603px) 100vw, 603px\" \/><\/figure>\n\n\n\n<p>Ves al <strong>tema<\/strong> que tens <strong>instal\u00b7lat<\/strong> i fes <strong>clic<\/strong> a <strong>personalitzaci\u00f3<\/strong> i podr\u00e0s modificar el <strong>tema<\/strong> com vulguis.<\/p>\n\n\n\n<p><strong>tens moltes opcions<\/strong>.<\/p>\n\n\n\n<figure class=\"wp-block-image size-full is-resized\"><img loading=\"lazy\" decoding=\"async\" width=\"345\" height=\"846\" src=\"https:\/\/ahassan.inscastellbisbal.net\/wp-content\/uploads\/2025\/10\/image-72.png\" alt=\"\" class=\"wp-image-731\" style=\"width:182px;height:auto\" srcset=\"https:\/\/ahassan.inscastellbisbal.net\/wp-content\/uploads\/2025\/10\/image-72.png 345w, https:\/\/ahassan.inscastellbisbal.net\/wp-content\/uploads\/2025\/10\/image-72-122x300.png 122w\" sizes=\"auto, (max-width: 345px) 100vw, 345px\" \/><\/figure>\n\n\n\n<p><\/p>\n","protected":false},"excerpt":{"rendered":"<p>Lelecci\u00f3 del tema a WordPress \u00e9s molt f\u00e0cil. nom\u00e9s cal anar a la p\u00e0gina de WordPress i a la part inferior esquerra hi haur\u00e0 escrit &#8220;aparen\u00e7a&#8221;. en aparen\u00e7a hi haur\u00e0 un punt anomenat tema, Quan entreu en temes, heu de fer clic a &#8220;Afegeix un tema&#8221; i podeu seleccionar el [&hellip;]<\/p>\n","protected":false},"author":1,"featured_media":0,"parent":87,"menu_order":0,"comment_status":"closed","ping_status":"closed","template":"","meta":{"footnotes":""},"class_list":["post-347","page","type-page","status-publish","hentry"],"_links":{"self":[{"href":"https:\/\/ahassan.inscastellbisbal.net\/index.php?rest_route=\/wp\/v2\/pages\/347","targetHints":{"allow":["GET"]}}],"collection":[{"href":"https:\/\/ahassan.inscastellbisbal.net\/index.php?rest_route=\/wp\/v2\/pages"}],"about":[{"href":"https:\/\/ahassan.inscastellbisbal.net\/index.php?rest_route=\/wp\/v2\/types\/page"}],"author":[{"embeddable":true,"href":"https:\/\/ahassan.inscastellbisbal.net\/index.php?rest_route=\/wp\/v2\/users\/1"}],"replies":[{"embeddable":true,"href":"https:\/\/ahassan.inscastellbisbal.net\/index.php?rest_route=%2Fwp%2Fv2%2Fcomments&post=347"}],"version-history":[{"count":4,"href":"https:\/\/ahassan.inscastellbisbal.net\/index.php?rest_route=\/wp\/v2\/pages\/347\/revisions"}],"predecessor-version":[{"id":732,"href":"https:\/\/ahassan.inscastellbisbal.net\/index.php?rest_route=\/wp\/v2\/pages\/347\/revisions\/732"}],"up":[{"embeddable":true,"href":"https:\/\/ahassan.inscastellbisbal.net\/index.php?rest_route=\/wp\/v2\/pages\/87"}],"wp:attachment":[{"href":"https:\/\/ahassan.inscastellbisbal.net\/index.php?rest_route=%2Fwp%2Fv2%2Fmedia&parent=347"}],"curies":[{"name":"wp","href":"https:\/\/api.w.org\/{rel}","templated":true}]}}