{"id":363,"date":"2025-09-29T09:03:18","date_gmt":"2025-09-29T07:03:18","guid":{"rendered":"https:\/\/ahassan.inscastellbisbal.net\/?page_id=363"},"modified":"2025-10-23T08:33:19","modified_gmt":"2025-10-23T06:33:19","slug":"eleccio-dels-plugins-a-implementar","status":"publish","type":"page","link":"https:\/\/ahassan.inscastellbisbal.net\/?page_id=363","title":{"rendered":"Elecci\u00f3 dels plugins a implementar"},"content":{"rendered":"\n<p>per a l&#8217;elecci\u00f3 de complements a WordPress<\/p>\n\n\n\n<p>heu d&#8217;anar a l&#8217;esquerra cap avall, all\u00e0 hi haur\u00e0 extensions escrites<\/p>\n\n\n\n<figure class=\"wp-block-image size-full is-resized\"><img loading=\"lazy\" decoding=\"async\" width=\"143\" height=\"571\" src=\"https:\/\/ahassan.inscastellbisbal.net\/wp-content\/uploads\/2025\/09\/Screenshot-2025-09-29-at-09-14-33-Tauler-\u2039-Ali-Hassan-smx-\u2014-WordPress-1.png\" alt=\"\" class=\"wp-image-367\" style=\"width:99px;height:auto\" srcset=\"https:\/\/ahassan.inscastellbisbal.net\/wp-content\/uploads\/2025\/09\/Screenshot-2025-09-29-at-09-14-33-Tauler-\u2039-Ali-Hassan-smx-\u2014-WordPress-1.png 143w, https:\/\/ahassan.inscastellbisbal.net\/wp-content\/uploads\/2025\/09\/Screenshot-2025-09-29-at-09-14-33-Tauler-\u2039-Ali-Hassan-smx-\u2014-WordPress-1-75x300.png 75w\" sizes=\"auto, (max-width: 143px) 100vw, 143px\" \/><\/figure>\n\n\n\n<p>quan entreu a les extensions de la barra superior hi haur\u00e0 un punt (<a href=\"https:\/\/ahassan.inscastellbisbal.net\/wp-admin\/plugin-install.php\">Afegeix una extensi\u00f3<\/a>)<\/p>\n\n\n\n<figure class=\"wp-block-image size-full is-resized\"><img loading=\"lazy\" decoding=\"async\" width=\"409\" height=\"624\" src=\"https:\/\/ahassan.inscastellbisbal.net\/wp-content\/uploads\/2025\/09\/Screenshot-2025-09-29-at-09-21-18-Extensions-\u2039-Ali-Hassan-smx-\u2014-WordPress-1.png\" alt=\"\" class=\"wp-image-371\" style=\"width:284px;height:auto\" srcset=\"https:\/\/ahassan.inscastellbisbal.net\/wp-content\/uploads\/2025\/09\/Screenshot-2025-09-29-at-09-21-18-Extensions-\u2039-Ali-Hassan-smx-\u2014-WordPress-1.png 409w, https:\/\/ahassan.inscastellbisbal.net\/wp-content\/uploads\/2025\/09\/Screenshot-2025-09-29-at-09-21-18-Extensions-\u2039-Ali-Hassan-smx-\u2014-WordPress-1-197x300.png 197w\" sizes=\"auto, (max-width: 409px) 100vw, 409px\" \/><\/figure>\n\n\n\n<p>Quan hi feu clic, hi haur\u00e0 molts complements o extensions disponibles; podeu seleccionar els que vulgueu posar a la vostra p\u00e0gina de WordPress.<\/p>\n\n\n\n<figure class=\"wp-block-image size-large\"><img loading=\"lazy\" decoding=\"async\" width=\"1024\" height=\"502\" src=\"https:\/\/ahassan.inscastellbisbal.net\/wp-content\/uploads\/2025\/09\/Screenshot-2025-09-29-at-09-19-44-Afegeix-extensions-\u2039-Ali-Hassan-smx-\u2014-WordPress-1024x502.png\" alt=\"\" class=\"wp-image-372\" srcset=\"https:\/\/ahassan.inscastellbisbal.net\/wp-content\/uploads\/2025\/09\/Screenshot-2025-09-29-at-09-19-44-Afegeix-extensions-\u2039-Ali-Hassan-smx-\u2014-WordPress-1024x502.png 1024w, https:\/\/ahassan.inscastellbisbal.net\/wp-content\/uploads\/2025\/09\/Screenshot-2025-09-29-at-09-19-44-Afegeix-extensions-\u2039-Ali-Hassan-smx-\u2014-WordPress-300x147.png 300w, https:\/\/ahassan.inscastellbisbal.net\/wp-content\/uploads\/2025\/09\/Screenshot-2025-09-29-at-09-19-44-Afegeix-extensions-\u2039-Ali-Hassan-smx-\u2014-WordPress-768x376.png 768w, https:\/\/ahassan.inscastellbisbal.net\/wp-content\/uploads\/2025\/09\/Screenshot-2025-09-29-at-09-19-44-Afegeix-extensions-\u2039-Ali-Hassan-smx-\u2014-WordPress-1536x753.png 1536w, https:\/\/ahassan.inscastellbisbal.net\/wp-content\/uploads\/2025\/09\/Screenshot-2025-09-29-at-09-19-44-Afegeix-extensions-\u2039-Ali-Hassan-smx-\u2014-WordPress.png 1908w\" sizes=\"auto, (max-width: 1024px) 100vw, 1024px\" \/><\/figure>\n\n\n\n<p>nom\u00e9s l&#8217;has d&#8217;instal\u00b7lar i despr\u00e9s de la instal\u00b7laci\u00f3 activar-lo i ja est\u00e0.<\/p>\n\n\n\n<p>Aqu\u00ed teniu els <strong>plugins<\/strong> que tinc <strong>instal\u00b7lats<\/strong> a la meva p\u00e0gina de <strong>WordPress<\/strong>.<\/p>\n\n\n\n<figure class=\"wp-block-image size-large\"><img loading=\"lazy\" decoding=\"async\" width=\"1024\" height=\"547\" src=\"https:\/\/ahassan.inscastellbisbal.net\/wp-content\/uploads\/2025\/10\/image-73-1024x547.png\" alt=\"\" class=\"wp-image-746\" srcset=\"https:\/\/ahassan.inscastellbisbal.net\/wp-content\/uploads\/2025\/10\/image-73-1024x547.png 1024w, https:\/\/ahassan.inscastellbisbal.net\/wp-content\/uploads\/2025\/10\/image-73-300x160.png 300w, https:\/\/ahassan.inscastellbisbal.net\/wp-content\/uploads\/2025\/10\/image-73-768x410.png 768w, https:\/\/ahassan.inscastellbisbal.net\/wp-content\/uploads\/2025\/10\/image-73.png 1118w\" sizes=\"auto, (max-width: 1024px) 100vw, 1024px\" \/><\/figure>\n\n\n\n<figure class=\"wp-block-image size-full is-resized\"><img loading=\"lazy\" decoding=\"async\" width=\"555\" height=\"235\" src=\"https:\/\/ahassan.inscastellbisbal.net\/wp-content\/uploads\/2025\/10\/Screenshot-2025-10-23-at-08-29-55-Afegeix-extensions-\u2039-Ali-Hassan-smx-\u2014-WordPress.png\" alt=\"\" class=\"wp-image-749\" style=\"width:449px;height:auto\" srcset=\"https:\/\/ahassan.inscastellbisbal.net\/wp-content\/uploads\/2025\/10\/Screenshot-2025-10-23-at-08-29-55-Afegeix-extensions-\u2039-Ali-Hassan-smx-\u2014-WordPress.png 555w, https:\/\/ahassan.inscastellbisbal.net\/wp-content\/uploads\/2025\/10\/Screenshot-2025-10-23-at-08-29-55-Afegeix-extensions-\u2039-Ali-Hassan-smx-\u2014-WordPress-300x127.png 300w\" sizes=\"auto, (max-width: 555px) 100vw, 555px\" \/><\/figure>\n\n\n\n<figure class=\"wp-block-image size-full is-resized\"><img loading=\"lazy\" decoding=\"async\" width=\"557\" height=\"308\" src=\"https:\/\/ahassan.inscastellbisbal.net\/wp-content\/uploads\/2025\/10\/Screenshot-2025-10-23-at-08-30-11-Afegeix-extensions-\u2039-Ali-Hassan-smx-\u2014-WordPress.png\" alt=\"\" class=\"wp-image-750\" style=\"width:411px;height:auto\" srcset=\"https:\/\/ahassan.inscastellbisbal.net\/wp-content\/uploads\/2025\/10\/Screenshot-2025-10-23-at-08-30-11-Afegeix-extensions-\u2039-Ali-Hassan-smx-\u2014-WordPress.png 557w, https:\/\/ahassan.inscastellbisbal.net\/wp-content\/uploads\/2025\/10\/Screenshot-2025-10-23-at-08-30-11-Afegeix-extensions-\u2039-Ali-Hassan-smx-\u2014-WordPress-300x166.png 300w\" sizes=\"auto, (max-width: 557px) 100vw, 557px\" \/><\/figure>\n\n\n\n<figure class=\"wp-block-image size-full is-resized\"><img loading=\"lazy\" decoding=\"async\" width=\"555\" height=\"283\" src=\"https:\/\/ahassan.inscastellbisbal.net\/wp-content\/uploads\/2025\/10\/Screenshot-2025-10-23-at-08-30-26-Afegeix-extensions-\u2039-Ali-Hassan-smx-\u2014-WordPress.png\" alt=\"\" class=\"wp-image-751\" style=\"width:425px;height:auto\" srcset=\"https:\/\/ahassan.inscastellbisbal.net\/wp-content\/uploads\/2025\/10\/Screenshot-2025-10-23-at-08-30-26-Afegeix-extensions-\u2039-Ali-Hassan-smx-\u2014-WordPress.png 555w, https:\/\/ahassan.inscastellbisbal.net\/wp-content\/uploads\/2025\/10\/Screenshot-2025-10-23-at-08-30-26-Afegeix-extensions-\u2039-Ali-Hassan-smx-\u2014-WordPress-300x153.png 300w\" sizes=\"auto, (max-width: 555px) 100vw, 555px\" \/><\/figure>\n\n\n\n<figure class=\"wp-block-image size-full is-resized\"><img loading=\"lazy\" decoding=\"async\" width=\"557\" height=\"348\" src=\"https:\/\/ahassan.inscastellbisbal.net\/wp-content\/uploads\/2025\/10\/Screenshot-2025-10-23-at-08-30-55-Afegeix-extensions-\u2039-Ali-Hassan-smx-\u2014-WordPress.png\" alt=\"\" class=\"wp-image-752\" style=\"width:428px;height:auto\" srcset=\"https:\/\/ahassan.inscastellbisbal.net\/wp-content\/uploads\/2025\/10\/Screenshot-2025-10-23-at-08-30-55-Afegeix-extensions-\u2039-Ali-Hassan-smx-\u2014-WordPress.png 557w, https:\/\/ahassan.inscastellbisbal.net\/wp-content\/uploads\/2025\/10\/Screenshot-2025-10-23-at-08-30-55-Afegeix-extensions-\u2039-Ali-Hassan-smx-\u2014-WordPress-300x187.png 300w\" sizes=\"auto, (max-width: 557px) 100vw, 557px\" \/><\/figure>\n\n\n\n<figure class=\"wp-block-image size-full is-resized\"><img loading=\"lazy\" decoding=\"async\" width=\"557\" height=\"411\" src=\"https:\/\/ahassan.inscastellbisbal.net\/wp-content\/uploads\/2025\/10\/Screenshot-2025-10-23-at-08-31-16-Afegeix-extensions-\u2039-Ali-Hassan-smx-\u2014-WordPress.png\" alt=\"\" class=\"wp-image-754\" style=\"width:426px;height:auto\" srcset=\"https:\/\/ahassan.inscastellbisbal.net\/wp-content\/uploads\/2025\/10\/Screenshot-2025-10-23-at-08-31-16-Afegeix-extensions-\u2039-Ali-Hassan-smx-\u2014-WordPress.png 557w, https:\/\/ahassan.inscastellbisbal.net\/wp-content\/uploads\/2025\/10\/Screenshot-2025-10-23-at-08-31-16-Afegeix-extensions-\u2039-Ali-Hassan-smx-\u2014-WordPress-300x221.png 300w\" sizes=\"auto, (max-width: 557px) 100vw, 557px\" \/><\/figure>\n\n\n\n<p><\/p>\n","protected":false},"excerpt":{"rendered":"<p>per a l&#8217;elecci\u00f3 de complements a WordPress heu d&#8217;anar a l&#8217;esquerra cap avall, all\u00e0 hi haur\u00e0 extensions escrites quan entreu a les extensions de la barra superior hi haur\u00e0 un punt (Afegeix una extensi\u00f3) Quan hi feu clic, hi haur\u00e0 molts complements o extensions disponibles; podeu seleccionar els que vulgueu [&hellip;]<\/p>\n","protected":false},"author":1,"featured_media":0,"parent":87,"menu_order":0,"comment_status":"closed","ping_status":"closed","template":"","meta":{"footnotes":""},"class_list":["post-363","page","type-page","status-publish","hentry"],"_links":{"self":[{"href":"https:\/\/ahassan.inscastellbisbal.net\/index.php?rest_route=\/wp\/v2\/pages\/363","targetHints":{"allow":["GET"]}}],"collection":[{"href":"https:\/\/ahassan.inscastellbisbal.net\/index.php?rest_route=\/wp\/v2\/pages"}],"about":[{"href":"https:\/\/ahassan.inscastellbisbal.net\/index.php?rest_route=\/wp\/v2\/types\/page"}],"author":[{"embeddable":true,"href":"https:\/\/ahassan.inscastellbisbal.net\/index.php?rest_route=\/wp\/v2\/users\/1"}],"replies":[{"embeddable":true,"href":"https:\/\/ahassan.inscastellbisbal.net\/index.php?rest_route=%2Fwp%2Fv2%2Fcomments&post=363"}],"version-history":[{"count":5,"href":"https:\/\/ahassan.inscastellbisbal.net\/index.php?rest_route=\/wp\/v2\/pages\/363\/revisions"}],"predecessor-version":[{"id":755,"href":"https:\/\/ahassan.inscastellbisbal.net\/index.php?rest_route=\/wp\/v2\/pages\/363\/revisions\/755"}],"up":[{"embeddable":true,"href":"https:\/\/ahassan.inscastellbisbal.net\/index.php?rest_route=\/wp\/v2\/pages\/87"}],"wp:attachment":[{"href":"https:\/\/ahassan.inscastellbisbal.net\/index.php?rest_route=%2Fwp%2Fv2%2Fmedia&parent=363"}],"curies":[{"name":"wp","href":"https:\/\/api.w.org\/{rel}","templated":true}]}}