{"id":404,"date":"2025-09-29T10:35:47","date_gmt":"2025-09-29T08:35:47","guid":{"rendered":"https:\/\/ahassan.inscastellbisbal.net\/?page_id=404"},"modified":"2025-10-24T10:29:27","modified_gmt":"2025-10-24T08:29:27","slug":"tipus-de-lletres-utilitzades","status":"publish","type":"page","link":"https:\/\/ahassan.inscastellbisbal.net\/?page_id=404","title":{"rendered":"Tipus de lletres utilitzades."},"content":{"rendered":"\n<p>La lletra que utilitzo al WordPress \u00e9s:<\/p>\n\n\n\n<p>Arial coneguda com la default de vegades poso alguna frase en negreta per\u00f2 res m\u00e9s<\/p>\n\n\n\n<figure class=\"wp-block-image size-full is-resized\"><img loading=\"lazy\" decoding=\"async\" width=\"345\" height=\"846\" src=\"https:\/\/ahassan.inscastellbisbal.net\/wp-content\/uploads\/2025\/10\/Screenshot-2025-10-24-at-10-28-03-Personalitza-Ali-Hassan-smx-\u2013-Portafoli-Ali-Hassan.png\" alt=\"\" class=\"wp-image-788\" style=\"width:209px;height:auto\" srcset=\"https:\/\/ahassan.inscastellbisbal.net\/wp-content\/uploads\/2025\/10\/Screenshot-2025-10-24-at-10-28-03-Personalitza-Ali-Hassan-smx-\u2013-Portafoli-Ali-Hassan.png 345w, https:\/\/ahassan.inscastellbisbal.net\/wp-content\/uploads\/2025\/10\/Screenshot-2025-10-24-at-10-28-03-Personalitza-Ali-Hassan-smx-\u2013-Portafoli-Ali-Hassan-122x300.png 122w\" sizes=\"auto, (max-width: 345px) 100vw, 345px\" \/><\/figure>\n\n\n\n<p><\/p>\n","protected":false},"excerpt":{"rendered":"<p>La lletra que utilitzo al WordPress \u00e9s: Arial coneguda com la default de vegades poso alguna frase en negreta per\u00f2 res m\u00e9s<\/p>\n","protected":false},"author":1,"featured_media":0,"parent":87,"menu_order":0,"comment_status":"closed","ping_status":"closed","template":"","meta":{"footnotes":""},"class_list":["post-404","page","type-page","status-publish","hentry"],"_links":{"self":[{"href":"https:\/\/ahassan.inscastellbisbal.net\/index.php?rest_route=\/wp\/v2\/pages\/404","targetHints":{"allow":["GET"]}}],"collection":[{"href":"https:\/\/ahassan.inscastellbisbal.net\/index.php?rest_route=\/wp\/v2\/pages"}],"about":[{"href":"https:\/\/ahassan.inscastellbisbal.net\/index.php?rest_route=\/wp\/v2\/types\/page"}],"author":[{"embeddable":true,"href":"https:\/\/ahassan.inscastellbisbal.net\/index.php?rest_route=\/wp\/v2\/users\/1"}],"replies":[{"embeddable":true,"href":"https:\/\/ahassan.inscastellbisbal.net\/index.php?rest_route=%2Fwp%2Fv2%2Fcomments&post=404"}],"version-history":[{"count":4,"href":"https:\/\/ahassan.inscastellbisbal.net\/index.php?rest_route=\/wp\/v2\/pages\/404\/revisions"}],"predecessor-version":[{"id":790,"href":"https:\/\/ahassan.inscastellbisbal.net\/index.php?rest_route=\/wp\/v2\/pages\/404\/revisions\/790"}],"up":[{"embeddable":true,"href":"https:\/\/ahassan.inscastellbisbal.net\/index.php?rest_route=\/wp\/v2\/pages\/87"}],"wp:attachment":[{"href":"https:\/\/ahassan.inscastellbisbal.net\/index.php?rest_route=%2Fwp%2Fv2%2Fmedia&parent=404"}],"curies":[{"name":"wp","href":"https:\/\/api.w.org\/{rel}","templated":true}]}}