{"id":434,"date":"2025-09-30T11:20:35","date_gmt":"2025-09-30T09:20:35","guid":{"rendered":"https:\/\/ahassan.inscastellbisbal.net\/?page_id=434"},"modified":"2025-09-30T11:21:08","modified_gmt":"2025-09-30T09:21:08","slug":"copies-de-seguretat-al-novul","status":"publish","type":"page","link":"https:\/\/ahassan.inscastellbisbal.net\/?page_id=434","title":{"rendered":"C\u00f3pies de seguretat al novul"},"content":{"rendered":"\n<p>Per poder fer c\u00f2pies de seguretat a WordPress hem d&#8217;instal\u00b7lar el Pluguin \u201cUpdraftPlus\u201d el qual ens deixar\u00e0 fer una c\u00f2pia<\/p>\n\n\n\n<figure class=\"wp-block-image size-large is-resized\"><img loading=\"lazy\" decoding=\"async\" width=\"1024\" height=\"502\" src=\"https:\/\/ahassan.inscastellbisbal.net\/wp-content\/uploads\/2025\/09\/Screenshot-2025-09-30-at-10-31-47-Afegeix-extensions-\u2039-Ali-Hassan-smx-\u2014-WordPress-1024x502.png\" alt=\"\" class=\"wp-image-435\" style=\"width:367px;height:auto\" srcset=\"https:\/\/ahassan.inscastellbisbal.net\/wp-content\/uploads\/2025\/09\/Screenshot-2025-09-30-at-10-31-47-Afegeix-extensions-\u2039-Ali-Hassan-smx-\u2014-WordPress-1024x502.png 1024w, https:\/\/ahassan.inscastellbisbal.net\/wp-content\/uploads\/2025\/09\/Screenshot-2025-09-30-at-10-31-47-Afegeix-extensions-\u2039-Ali-Hassan-smx-\u2014-WordPress-300x147.png 300w, https:\/\/ahassan.inscastellbisbal.net\/wp-content\/uploads\/2025\/09\/Screenshot-2025-09-30-at-10-31-47-Afegeix-extensions-\u2039-Ali-Hassan-smx-\u2014-WordPress-768x377.png 768w, https:\/\/ahassan.inscastellbisbal.net\/wp-content\/uploads\/2025\/09\/Screenshot-2025-09-30-at-10-31-47-Afegeix-extensions-\u2039-Ali-Hassan-smx-\u2014-WordPress-1536x754.png 1536w, https:\/\/ahassan.inscastellbisbal.net\/wp-content\/uploads\/2025\/09\/Screenshot-2025-09-30-at-10-31-47-Afegeix-extensions-\u2039-Ali-Hassan-smx-\u2014-WordPress.png 1908w\" sizes=\"auto, (max-width: 1024px) 100vw, 1024px\" \/><\/figure>\n\n\n\n<p>Hem de donar click a \u201cInstal\u00b7lar\u201d i despr\u00e9s a \u201cActivar\u201d, despr\u00e9s anar a configuraci\u00f3 del Pluguin. Dono clic a una c\u00f2pia de seguretat ara<\/p>\n\n\n\n<figure class=\"wp-block-image size-large\"><img loading=\"lazy\" decoding=\"async\" width=\"1024\" height=\"502\" src=\"https:\/\/ahassan.inscastellbisbal.net\/wp-content\/uploads\/2025\/09\/Diseno-sin-titulo-1024x502.png\" alt=\"\" class=\"wp-image-436\" srcset=\"https:\/\/ahassan.inscastellbisbal.net\/wp-content\/uploads\/2025\/09\/Diseno-sin-titulo-1024x502.png 1024w, https:\/\/ahassan.inscastellbisbal.net\/wp-content\/uploads\/2025\/09\/Diseno-sin-titulo-300x147.png 300w, https:\/\/ahassan.inscastellbisbal.net\/wp-content\/uploads\/2025\/09\/Diseno-sin-titulo-768x377.png 768w, https:\/\/ahassan.inscastellbisbal.net\/wp-content\/uploads\/2025\/09\/Diseno-sin-titulo-1536x754.png 1536w, https:\/\/ahassan.inscastellbisbal.net\/wp-content\/uploads\/2025\/09\/Diseno-sin-titulo.png 1908w\" sizes=\"auto, (max-width: 1024px) 100vw, 1024px\" \/><\/figure>\n\n\n\n<p>Entrarem a \u201cSettings\u201d per configurar cada quant volem fer la copia de seguretat.<\/p>\n\n\n\n<figure class=\"wp-block-image size-large\"><img loading=\"lazy\" decoding=\"async\" width=\"1024\" height=\"502\" src=\"https:\/\/ahassan.inscastellbisbal.net\/wp-content\/uploads\/2025\/09\/Diseno-sin-titulo2-1024x502.png\" alt=\"\" class=\"wp-image-437\" srcset=\"https:\/\/ahassan.inscastellbisbal.net\/wp-content\/uploads\/2025\/09\/Diseno-sin-titulo2-1024x502.png 1024w, https:\/\/ahassan.inscastellbisbal.net\/wp-content\/uploads\/2025\/09\/Diseno-sin-titulo2-300x147.png 300w, https:\/\/ahassan.inscastellbisbal.net\/wp-content\/uploads\/2025\/09\/Diseno-sin-titulo2-768x377.png 768w, https:\/\/ahassan.inscastellbisbal.net\/wp-content\/uploads\/2025\/09\/Diseno-sin-titulo2-1536x754.png 1536w, https:\/\/ahassan.inscastellbisbal.net\/wp-content\/uploads\/2025\/09\/Diseno-sin-titulo2.png 1908w\" sizes=\"auto, (max-width: 1024px) 100vw, 1024px\" \/><\/figure>\n\n\n\n<p>Aqu\u00ed triarem cada quantes hores, dies o setmanes volem la copia de seguretat, quantes volem fer ia on ho volem guardar, per \u00faltim donem a \u201cSave Changes\u201d.<\/p>\n\n\n\n<figure class=\"wp-block-image size-large\"><img loading=\"lazy\" decoding=\"async\" width=\"1024\" height=\"502\" src=\"https:\/\/ahassan.inscastellbisbal.net\/wp-content\/uploads\/2025\/09\/Diseno-sin-titulo1-1024x502.png\" alt=\"\" class=\"wp-image-438\" srcset=\"https:\/\/ahassan.inscastellbisbal.net\/wp-content\/uploads\/2025\/09\/Diseno-sin-titulo1-1024x502.png 1024w, https:\/\/ahassan.inscastellbisbal.net\/wp-content\/uploads\/2025\/09\/Diseno-sin-titulo1-300x147.png 300w, https:\/\/ahassan.inscastellbisbal.net\/wp-content\/uploads\/2025\/09\/Diseno-sin-titulo1-768x377.png 768w, https:\/\/ahassan.inscastellbisbal.net\/wp-content\/uploads\/2025\/09\/Diseno-sin-titulo1-1536x754.png 1536w, https:\/\/ahassan.inscastellbisbal.net\/wp-content\/uploads\/2025\/09\/Diseno-sin-titulo1.png 1908w\" sizes=\"auto, (max-width: 1024px) 100vw, 1024px\" \/><\/figure>\n\n\n\n<p><\/p>\n","protected":false},"excerpt":{"rendered":"<p>Per poder fer c\u00f2pies de seguretat a WordPress hem d&#8217;instal\u00b7lar el Pluguin \u201cUpdraftPlus\u201d el qual ens deixar\u00e0 fer una c\u00f2pia Hem de donar click a \u201cInstal\u00b7lar\u201d i despr\u00e9s a \u201cActivar\u201d, despr\u00e9s anar a configuraci\u00f3 del Pluguin. Dono clic a una c\u00f2pia de seguretat ara Entrarem a \u201cSettings\u201d per configurar cada [&hellip;]<\/p>\n","protected":false},"author":1,"featured_media":0,"parent":84,"menu_order":0,"comment_status":"closed","ping_status":"closed","template":"","meta":{"footnotes":""},"class_list":["post-434","page","type-page","status-publish","hentry"],"_links":{"self":[{"href":"https:\/\/ahassan.inscastellbisbal.net\/index.php?rest_route=\/wp\/v2\/pages\/434","targetHints":{"allow":["GET"]}}],"collection":[{"href":"https:\/\/ahassan.inscastellbisbal.net\/index.php?rest_route=\/wp\/v2\/pages"}],"about":[{"href":"https:\/\/ahassan.inscastellbisbal.net\/index.php?rest_route=\/wp\/v2\/types\/page"}],"author":[{"embeddable":true,"href":"https:\/\/ahassan.inscastellbisbal.net\/index.php?rest_route=\/wp\/v2\/users\/1"}],"replies":[{"embeddable":true,"href":"https:\/\/ahassan.inscastellbisbal.net\/index.php?rest_route=%2Fwp%2Fv2%2Fcomments&post=434"}],"version-history":[{"count":1,"href":"https:\/\/ahassan.inscastellbisbal.net\/index.php?rest_route=\/wp\/v2\/pages\/434\/revisions"}],"predecessor-version":[{"id":439,"href":"https:\/\/ahassan.inscastellbisbal.net\/index.php?rest_route=\/wp\/v2\/pages\/434\/revisions\/439"}],"up":[{"embeddable":true,"href":"https:\/\/ahassan.inscastellbisbal.net\/index.php?rest_route=\/wp\/v2\/pages\/84"}],"wp:attachment":[{"href":"https:\/\/ahassan.inscastellbisbal.net\/index.php?rest_route=%2Fwp%2Fv2%2Fmedia&parent=434"}],"curies":[{"name":"wp","href":"https:\/\/api.w.org\/{rel}","templated":true}]}}