{"id":443,"date":"2025-09-30T13:13:56","date_gmt":"2025-09-30T11:13:56","guid":{"rendered":"https:\/\/ahassan.inscastellbisbal.net\/?page_id=443"},"modified":"2025-09-30T13:28:05","modified_gmt":"2025-09-30T11:28:05","slug":"creacio-detiquetes-per-categoritzar-les-entrades","status":"publish","type":"page","link":"https:\/\/ahassan.inscastellbisbal.net\/?page_id=443","title":{"rendered":"Creaci\u00f3 d\u2019etiquetes per categoritzar les entrades"},"content":{"rendered":"\n<p>Per crear les <strong>etiquetes<\/strong> per a <strong>entrades<\/strong> al vostre <strong>WordPress,<\/strong> a la part superior esquerra inferior, hi haur\u00e0 una opci\u00f3 anomenada <strong>entrades<\/strong>. Feu-hi clic i aneu a <strong>etiquetes.<\/strong><\/p>\n\n\n\n<figure class=\"wp-block-image size-full is-resized\"><img loading=\"lazy\" decoding=\"async\" width=\"107\" height=\"464\" src=\"https:\/\/ahassan.inscastellbisbal.net\/wp-content\/uploads\/2025\/09\/Screenshot-2025-09-30-at-13-15-32-Diseno-sin-titulo-Presentacion.png\" alt=\"\" class=\"wp-image-447\" style=\"width:95px;height:auto\" srcset=\"https:\/\/ahassan.inscastellbisbal.net\/wp-content\/uploads\/2025\/09\/Screenshot-2025-09-30-at-13-15-32-Diseno-sin-titulo-Presentacion.png 107w, https:\/\/ahassan.inscastellbisbal.net\/wp-content\/uploads\/2025\/09\/Screenshot-2025-09-30-at-13-15-32-Diseno-sin-titulo-Presentacion-69x300.png 69w\" sizes=\"auto, (max-width: 107px) 100vw, 107px\" \/><\/figure>\n\n\n\n<p>Ara v\u00e9s a <strong>Afegeix una etiqueta<\/strong> i escriu el <strong>nom<\/strong> de les etiquetes i despr\u00e9s <strong>Afegeix una etiqueta<\/strong>, aix\u00f2 \u00e9s tot.<\/p>\n\n\n\n<figure class=\"wp-block-image size-large\"><img loading=\"lazy\" decoding=\"async\" width=\"1024\" height=\"499\" src=\"https:\/\/ahassan.inscastellbisbal.net\/wp-content\/uploads\/2025\/09\/Diseno-sin-titulo3-1024x499.png\" alt=\"\" class=\"wp-image-449\" srcset=\"https:\/\/ahassan.inscastellbisbal.net\/wp-content\/uploads\/2025\/09\/Diseno-sin-titulo3-1024x499.png 1024w, https:\/\/ahassan.inscastellbisbal.net\/wp-content\/uploads\/2025\/09\/Diseno-sin-titulo3-300x146.png 300w, https:\/\/ahassan.inscastellbisbal.net\/wp-content\/uploads\/2025\/09\/Diseno-sin-titulo3-768x374.png 768w, https:\/\/ahassan.inscastellbisbal.net\/wp-content\/uploads\/2025\/09\/Diseno-sin-titulo3-1536x749.png 1536w, https:\/\/ahassan.inscastellbisbal.net\/wp-content\/uploads\/2025\/09\/Diseno-sin-titulo3.png 1920w\" sizes=\"auto, (max-width: 1024px) 100vw, 1024px\" \/><\/figure>\n\n\n\n<p>ara fes les etiquetes que vulguis.<\/p>\n\n\n\n<p><\/p>\n","protected":false},"excerpt":{"rendered":"<p>Per crear les etiquetes per a entrades al vostre WordPress, a la part superior esquerra inferior, hi haur\u00e0 una opci\u00f3 anomenada entrades. Feu-hi clic i aneu a etiquetes. Ara v\u00e9s a Afegeix una etiqueta i escriu el nom de les etiquetes i despr\u00e9s Afegeix una etiqueta, aix\u00f2 \u00e9s tot. ara [&hellip;]<\/p>\n","protected":false},"author":1,"featured_media":0,"parent":90,"menu_order":0,"comment_status":"closed","ping_status":"closed","template":"","meta":{"footnotes":""},"class_list":["post-443","page","type-page","status-publish","hentry"],"_links":{"self":[{"href":"https:\/\/ahassan.inscastellbisbal.net\/index.php?rest_route=\/wp\/v2\/pages\/443","targetHints":{"allow":["GET"]}}],"collection":[{"href":"https:\/\/ahassan.inscastellbisbal.net\/index.php?rest_route=\/wp\/v2\/pages"}],"about":[{"href":"https:\/\/ahassan.inscastellbisbal.net\/index.php?rest_route=\/wp\/v2\/types\/page"}],"author":[{"embeddable":true,"href":"https:\/\/ahassan.inscastellbisbal.net\/index.php?rest_route=\/wp\/v2\/users\/1"}],"replies":[{"embeddable":true,"href":"https:\/\/ahassan.inscastellbisbal.net\/index.php?rest_route=%2Fwp%2Fv2%2Fcomments&post=443"}],"version-history":[{"count":2,"href":"https:\/\/ahassan.inscastellbisbal.net\/index.php?rest_route=\/wp\/v2\/pages\/443\/revisions"}],"predecessor-version":[{"id":450,"href":"https:\/\/ahassan.inscastellbisbal.net\/index.php?rest_route=\/wp\/v2\/pages\/443\/revisions\/450"}],"up":[{"embeddable":true,"href":"https:\/\/ahassan.inscastellbisbal.net\/index.php?rest_route=\/wp\/v2\/pages\/90"}],"wp:attachment":[{"href":"https:\/\/ahassan.inscastellbisbal.net\/index.php?rest_route=%2Fwp%2Fv2%2Fmedia&parent=443"}],"curies":[{"name":"wp","href":"https:\/\/api.w.org\/{rel}","templated":true}]}}