{"id":473,"date":"2025-10-01T08:52:22","date_gmt":"2025-10-01T06:52:22","guid":{"rendered":"https:\/\/ahassan.inscastellbisbal.net\/?page_id=473"},"modified":"2025-10-27T08:28:55","modified_gmt":"2025-10-27T07:28:55","slug":"plantilla-del-disseny-de-les-pagines-text-imatges-ubicacio","status":"publish","type":"page","link":"https:\/\/ahassan.inscastellbisbal.net\/?page_id=473","title":{"rendered":"Plantilla del disseny de les p\u00e0gines (text, imatges, ubicaci\u00f3)"},"content":{"rendered":"\n<p>per al <strong>disseny<\/strong> de les p\u00e0gines i altres coses no he utilitzat gaires recursos ni esfor\u00e7os.<\/p>\n\n\n\n<p>Nom\u00e9s cal que aneu a WordPress i a la part inferior esquerra, al punt d&#8217;aparici\u00f3, quan hi feu clic, apareixer\u00e0 un tema amb el nom de tema. Nom\u00e9s cal que hi entreu.<\/p>\n\n\n\n<figure class=\"wp-block-image size-full is-resized\"><img loading=\"lazy\" decoding=\"async\" width=\"96\" height=\"533\" src=\"https:\/\/ahassan.inscastellbisbal.net\/wp-content\/uploads\/2025\/10\/image.png\" alt=\"\" class=\"wp-image-474\" style=\"width:86px;height:auto\" srcset=\"https:\/\/ahassan.inscastellbisbal.net\/wp-content\/uploads\/2025\/10\/image.png 96w, https:\/\/ahassan.inscastellbisbal.net\/wp-content\/uploads\/2025\/10\/image-54x300.png 54w\" sizes=\"auto, (max-width: 96px) 100vw, 96px\" \/><\/figure>\n\n\n\n<p>ara seleccioneu el <strong>tema<\/strong> que vulgueu, instal\u00b7leu-lo i despr\u00e9s activeu-lo, apareixer\u00e0 autom\u00e0ticament a la vostra p\u00e0gina web de WordPress hi ha moltes opcions,<\/p>\n\n\n\n<figure class=\"wp-block-image size-large\"><img loading=\"lazy\" decoding=\"async\" width=\"1024\" height=\"530\" src=\"https:\/\/ahassan.inscastellbisbal.net\/wp-content\/uploads\/2025\/10\/Screenshot-2025-10-01-at-08-37-52-Temes-\u2039-Ali-Hassan-smx-\u2014-WordPress-1024x530.png\" alt=\"\" class=\"wp-image-475\" srcset=\"https:\/\/ahassan.inscastellbisbal.net\/wp-content\/uploads\/2025\/10\/Screenshot-2025-10-01-at-08-37-52-Temes-\u2039-Ali-Hassan-smx-\u2014-WordPress-1024x530.png 1024w, https:\/\/ahassan.inscastellbisbal.net\/wp-content\/uploads\/2025\/10\/Screenshot-2025-10-01-at-08-37-52-Temes-\u2039-Ali-Hassan-smx-\u2014-WordPress-300x155.png 300w, https:\/\/ahassan.inscastellbisbal.net\/wp-content\/uploads\/2025\/10\/Screenshot-2025-10-01-at-08-37-52-Temes-\u2039-Ali-Hassan-smx-\u2014-WordPress-768x397.png 768w, https:\/\/ahassan.inscastellbisbal.net\/wp-content\/uploads\/2025\/10\/Screenshot-2025-10-01-at-08-37-52-Temes-\u2039-Ali-Hassan-smx-\u2014-WordPress-1536x794.png 1536w, https:\/\/ahassan.inscastellbisbal.net\/wp-content\/uploads\/2025\/10\/Screenshot-2025-10-01-at-08-37-52-Temes-\u2039-Ali-Hassan-smx-\u2014-WordPress.png 1748w\" sizes=\"auto, (max-width: 1024px) 100vw, 1024px\" \/><\/figure>\n\n\n\n<p>Pots cercar el tema que vulguis i apareixer\u00e0<\/p>\n\n\n\n<figure class=\"wp-block-image size-full\"><img loading=\"lazy\" decoding=\"async\" width=\"416\" height=\"30\" src=\"https:\/\/ahassan.inscastellbisbal.net\/wp-content\/uploads\/2025\/10\/Screenshot-2025-10-01-at-08-38-18-Temes-\u2039-Ali-Hassan-smx-\u2014-WordPress.png\" alt=\"\" class=\"wp-image-476\" srcset=\"https:\/\/ahassan.inscastellbisbal.net\/wp-content\/uploads\/2025\/10\/Screenshot-2025-10-01-at-08-38-18-Temes-\u2039-Ali-Hassan-smx-\u2014-WordPress.png 416w, https:\/\/ahassan.inscastellbisbal.net\/wp-content\/uploads\/2025\/10\/Screenshot-2025-10-01-at-08-38-18-Temes-\u2039-Ali-Hassan-smx-\u2014-WordPress-300x22.png 300w\" sizes=\"auto, (max-width: 416px) 100vw, 416px\" \/><\/figure>\n\n\n\n<p><\/p>\n","protected":false},"excerpt":{"rendered":"<p>per al disseny de les p\u00e0gines i altres coses no he utilitzat gaires recursos ni esfor\u00e7os. Nom\u00e9s cal que aneu a WordPress i a la part inferior esquerra, al punt d&#8217;aparici\u00f3, quan hi feu clic, apareixer\u00e0 un tema amb el nom de tema. Nom\u00e9s cal que hi entreu. ara seleccioneu [&hellip;]<\/p>\n","protected":false},"author":1,"featured_media":0,"parent":87,"menu_order":0,"comment_status":"closed","ping_status":"closed","template":"","meta":{"footnotes":""},"class_list":["post-473","page","type-page","status-publish","hentry"],"_links":{"self":[{"href":"https:\/\/ahassan.inscastellbisbal.net\/index.php?rest_route=\/wp\/v2\/pages\/473","targetHints":{"allow":["GET"]}}],"collection":[{"href":"https:\/\/ahassan.inscastellbisbal.net\/index.php?rest_route=\/wp\/v2\/pages"}],"about":[{"href":"https:\/\/ahassan.inscastellbisbal.net\/index.php?rest_route=\/wp\/v2\/types\/page"}],"author":[{"embeddable":true,"href":"https:\/\/ahassan.inscastellbisbal.net\/index.php?rest_route=\/wp\/v2\/users\/1"}],"replies":[{"embeddable":true,"href":"https:\/\/ahassan.inscastellbisbal.net\/index.php?rest_route=%2Fwp%2Fv2%2Fcomments&post=473"}],"version-history":[{"count":2,"href":"https:\/\/ahassan.inscastellbisbal.net\/index.php?rest_route=\/wp\/v2\/pages\/473\/revisions"}],"predecessor-version":[{"id":478,"href":"https:\/\/ahassan.inscastellbisbal.net\/index.php?rest_route=\/wp\/v2\/pages\/473\/revisions\/478"}],"up":[{"embeddable":true,"href":"https:\/\/ahassan.inscastellbisbal.net\/index.php?rest_route=\/wp\/v2\/pages\/87"}],"wp:attachment":[{"href":"https:\/\/ahassan.inscastellbisbal.net\/index.php?rest_route=%2Fwp%2Fv2%2Fmedia&parent=473"}],"curies":[{"name":"wp","href":"https:\/\/api.w.org\/{rel}","templated":true}]}}