{"id":485,"date":"2025-10-01T09:16:30","date_gmt":"2025-10-01T07:16:30","guid":{"rendered":"https:\/\/ahassan.inscastellbisbal.net\/?page_id=485"},"modified":"2025-10-01T09:29:16","modified_gmt":"2025-10-01T07:29:16","slug":"compte-major-amb-permisos-totals-del-wordpress","status":"publish","type":"page","link":"https:\/\/ahassan.inscastellbisbal.net\/?page_id=485","title":{"rendered":"Compte major amb permisos totals del WordPress."},"content":{"rendered":"\n<p>\u201cEntra a <strong>WordPress<\/strong>, inicia sessi\u00f3 com a <strong>administrador<\/strong>. A la part dreta veur\u00e0s una secci\u00f3 que posa \u2018<strong>Usuaris\u2019<\/strong>. Li dones a <strong>\u2018Afegir un nou usuari\u2019<\/strong> i posis les credencials que et demana.\u201d<\/p>\n\n\n\n<p>Nom\u00e9s cal anar al <strong>WordPress<\/strong> a la part inferior esquerra, all\u00e0 hi haur\u00e0 escrit <strong>&#8220;usuaris, aneu-hi&#8221;.<\/strong><\/p>\n\n\n\n<figure class=\"wp-block-image size-full is-resized\"><img loading=\"lazy\" decoding=\"async\" width=\"320\" height=\"804\" src=\"https:\/\/ahassan.inscastellbisbal.net\/wp-content\/uploads\/2025\/10\/Screenshot-at-2025-10-01-09-17-11.png\" alt=\"\" class=\"wp-image-487\" style=\"width:182px;height:auto\" srcset=\"https:\/\/ahassan.inscastellbisbal.net\/wp-content\/uploads\/2025\/10\/Screenshot-at-2025-10-01-09-17-11.png 320w, https:\/\/ahassan.inscastellbisbal.net\/wp-content\/uploads\/2025\/10\/Screenshot-at-2025-10-01-09-17-11-119x300.png 119w\" sizes=\"auto, (max-width: 320px) 100vw, 320px\" \/><\/figure>\n\n\n\n<p>a continuaci\u00f3, feu clic a <strong>afegeix un usuari<\/strong><\/p>\n\n\n\n<figure class=\"wp-block-image size-full\"><img loading=\"lazy\" decoding=\"async\" width=\"728\" height=\"163\" src=\"https:\/\/ahassan.inscastellbisbal.net\/wp-content\/uploads\/2025\/10\/image-2.png\" alt=\"\" class=\"wp-image-492\" srcset=\"https:\/\/ahassan.inscastellbisbal.net\/wp-content\/uploads\/2025\/10\/image-2.png 728w, https:\/\/ahassan.inscastellbisbal.net\/wp-content\/uploads\/2025\/10\/image-2-300x67.png 300w\" sizes=\"auto, (max-width: 728px) 100vw, 728px\" \/><\/figure>\n\n\n\n<p>despr\u00e9s crea el <strong>compte <\/strong>i desa&#8217;l i important no oblidis la <strong>contrasenya<\/strong>.<\/p>\n\n\n\n<figure class=\"wp-block-image size-full\"><img loading=\"lazy\" decoding=\"async\" width=\"728\" height=\"327\" src=\"https:\/\/ahassan.inscastellbisbal.net\/wp-content\/uploads\/2025\/10\/image-1.png\" alt=\"\" class=\"wp-image-490\" srcset=\"https:\/\/ahassan.inscastellbisbal.net\/wp-content\/uploads\/2025\/10\/image-1.png 728w, https:\/\/ahassan.inscastellbisbal.net\/wp-content\/uploads\/2025\/10\/image-1-300x135.png 300w\" sizes=\"auto, (max-width: 728px) 100vw, 728px\" \/><\/figure>\n\n\n\n<p><\/p>\n","protected":false},"excerpt":{"rendered":"<p>\u201cEntra a WordPress, inicia sessi\u00f3 com a administrador. A la part dreta veur\u00e0s una secci\u00f3 que posa \u2018Usuaris\u2019. Li dones a \u2018Afegir un nou usuari\u2019 i posis les credencials que et demana.\u201d Nom\u00e9s cal anar al WordPress a la part inferior esquerra, all\u00e0 hi haur\u00e0 escrit &#8220;usuaris, aneu-hi&#8221;. a continuaci\u00f3, [&hellip;]<\/p>\n","protected":false},"author":1,"featured_media":0,"parent":90,"menu_order":0,"comment_status":"closed","ping_status":"closed","template":"","meta":{"footnotes":""},"class_list":["post-485","page","type-page","status-publish","hentry"],"_links":{"self":[{"href":"https:\/\/ahassan.inscastellbisbal.net\/index.php?rest_route=\/wp\/v2\/pages\/485","targetHints":{"allow":["GET"]}}],"collection":[{"href":"https:\/\/ahassan.inscastellbisbal.net\/index.php?rest_route=\/wp\/v2\/pages"}],"about":[{"href":"https:\/\/ahassan.inscastellbisbal.net\/index.php?rest_route=\/wp\/v2\/types\/page"}],"author":[{"embeddable":true,"href":"https:\/\/ahassan.inscastellbisbal.net\/index.php?rest_route=\/wp\/v2\/users\/1"}],"replies":[{"embeddable":true,"href":"https:\/\/ahassan.inscastellbisbal.net\/index.php?rest_route=%2Fwp%2Fv2%2Fcomments&post=485"}],"version-history":[{"count":3,"href":"https:\/\/ahassan.inscastellbisbal.net\/index.php?rest_route=\/wp\/v2\/pages\/485\/revisions"}],"predecessor-version":[{"id":493,"href":"https:\/\/ahassan.inscastellbisbal.net\/index.php?rest_route=\/wp\/v2\/pages\/485\/revisions\/493"}],"up":[{"embeddable":true,"href":"https:\/\/ahassan.inscastellbisbal.net\/index.php?rest_route=\/wp\/v2\/pages\/90"}],"wp:attachment":[{"href":"https:\/\/ahassan.inscastellbisbal.net\/index.php?rest_route=%2Fwp%2Fv2%2Fmedia&parent=485"}],"curies":[{"name":"wp","href":"https:\/\/api.w.org\/{rel}","templated":true}]}}