{"id":533,"date":"2025-10-06T08:20:54","date_gmt":"2025-10-06T06:20:54","guid":{"rendered":"https:\/\/ahassan.inscastellbisbal.net\/?page_id=533"},"modified":"2025-10-21T13:48:47","modified_gmt":"2025-10-21T11:48:47","slug":"installacio-dun-navegador-per-temes-professionals-i-academics","status":"publish","type":"page","link":"https:\/\/ahassan.inscastellbisbal.net\/?page_id=533","title":{"rendered":"Instal\u00b7laci\u00f3 d\u2019un navegador per temes professionals i acad\u00e8mics"},"content":{"rendered":"\n<p>Per descarregar des de qualsevol <strong>navegador<\/strong>, simplement aneu a la <strong>Window store<\/strong>  a l&#8217;ordinador port\u00e0til i descarregueu el que desitgi.<\/p>\n\n\n\n<p>per exemple, descarrego el navegador <strong>Opera<\/strong>.<\/p>\n\n\n\n<figure class=\"wp-block-image size-full is-resized\"><img loading=\"lazy\" decoding=\"async\" width=\"372\" height=\"135\" src=\"https:\/\/ahassan.inscastellbisbal.net\/wp-content\/uploads\/2025\/10\/image-7.png\" alt=\"\" class=\"wp-image-534\" style=\"width:309px;height:auto\" srcset=\"https:\/\/ahassan.inscastellbisbal.net\/wp-content\/uploads\/2025\/10\/image-7.png 372w, https:\/\/ahassan.inscastellbisbal.net\/wp-content\/uploads\/2025\/10\/image-7-300x109.png 300w\" sizes=\"auto, (max-width: 372px) 100vw, 372px\" \/><\/figure>\n\n\n\n<p>Acabo d&#8217;obrir el port\u00e0til i em mostra l&#8217;opci\u00f3 de descarregar el navegador.<\/p>\n\n\n\n<figure class=\"wp-block-image size-large\"><img loading=\"lazy\" decoding=\"async\" width=\"1024\" height=\"576\" src=\"https:\/\/ahassan.inscastellbisbal.net\/wp-content\/uploads\/2025\/10\/Screenshot-at-2025-10-21-09-43-071-1024x576.png\" alt=\"\" class=\"wp-image-723\" srcset=\"https:\/\/ahassan.inscastellbisbal.net\/wp-content\/uploads\/2025\/10\/Screenshot-at-2025-10-21-09-43-071-1024x576.png 1024w, https:\/\/ahassan.inscastellbisbal.net\/wp-content\/uploads\/2025\/10\/Screenshot-at-2025-10-21-09-43-071-300x169.png 300w, https:\/\/ahassan.inscastellbisbal.net\/wp-content\/uploads\/2025\/10\/Screenshot-at-2025-10-21-09-43-071-768x432.png 768w, https:\/\/ahassan.inscastellbisbal.net\/wp-content\/uploads\/2025\/10\/Screenshot-at-2025-10-21-09-43-071-1536x864.png 1536w, https:\/\/ahassan.inscastellbisbal.net\/wp-content\/uploads\/2025\/10\/Screenshot-at-2025-10-21-09-43-071.png 1920w\" sizes=\"auto, (max-width: 1024px) 100vw, 1024px\" \/><\/figure>\n\n\n\n<p><\/p>\n","protected":false},"excerpt":{"rendered":"<p>Per descarregar des de qualsevol navegador, simplement aneu a la Window store a l&#8217;ordinador port\u00e0til i descarregueu el que desitgi. per exemple, descarrego el navegador Opera. Acabo d&#8217;obrir el port\u00e0til i em mostra l&#8217;opci\u00f3 de descarregar el navegador.<\/p>\n","protected":false},"author":1,"featured_media":0,"parent":71,"menu_order":0,"comment_status":"closed","ping_status":"closed","template":"","meta":{"footnotes":""},"class_list":["post-533","page","type-page","status-publish","hentry"],"_links":{"self":[{"href":"https:\/\/ahassan.inscastellbisbal.net\/index.php?rest_route=\/wp\/v2\/pages\/533","targetHints":{"allow":["GET"]}}],"collection":[{"href":"https:\/\/ahassan.inscastellbisbal.net\/index.php?rest_route=\/wp\/v2\/pages"}],"about":[{"href":"https:\/\/ahassan.inscastellbisbal.net\/index.php?rest_route=\/wp\/v2\/types\/page"}],"author":[{"embeddable":true,"href":"https:\/\/ahassan.inscastellbisbal.net\/index.php?rest_route=\/wp\/v2\/users\/1"}],"replies":[{"embeddable":true,"href":"https:\/\/ahassan.inscastellbisbal.net\/index.php?rest_route=%2Fwp%2Fv2%2Fcomments&post=533"}],"version-history":[{"count":4,"href":"https:\/\/ahassan.inscastellbisbal.net\/index.php?rest_route=\/wp\/v2\/pages\/533\/revisions"}],"predecessor-version":[{"id":724,"href":"https:\/\/ahassan.inscastellbisbal.net\/index.php?rest_route=\/wp\/v2\/pages\/533\/revisions\/724"}],"up":[{"embeddable":true,"href":"https:\/\/ahassan.inscastellbisbal.net\/index.php?rest_route=\/wp\/v2\/pages\/71"}],"wp:attachment":[{"href":"https:\/\/ahassan.inscastellbisbal.net\/index.php?rest_route=%2Fwp%2Fv2%2Fmedia&parent=533"}],"curies":[{"name":"wp","href":"https:\/\/api.w.org\/{rel}","templated":true}]}}