{"id":536,"date":"2025-10-06T08:36:31","date_gmt":"2025-10-06T06:36:31","guid":{"rendered":"https:\/\/ahassan.inscastellbisbal.net\/?page_id=536"},"modified":"2025-10-21T12:03:19","modified_gmt":"2025-10-21T10:03:19","slug":"installacio-de-filezilla","status":"publish","type":"page","link":"https:\/\/ahassan.inscastellbisbal.net\/?page_id=536","title":{"rendered":"Instal\u00b7laci\u00f3 de Filezilla"},"content":{"rendered":"\n<p>Per instal\u00b7lar <strong>Filezilla<\/strong>, nom\u00e9s cal que cerqueu <strong>Filezilla<\/strong> i aneu a la primera opci\u00f3.<\/p>\n\n\n\n<figure class=\"wp-block-image size-full\"><img loading=\"lazy\" decoding=\"async\" width=\"728\" height=\"357\" src=\"https:\/\/ahassan.inscastellbisbal.net\/wp-content\/uploads\/2025\/10\/image-8.png\" alt=\"\" class=\"wp-image-538\" srcset=\"https:\/\/ahassan.inscastellbisbal.net\/wp-content\/uploads\/2025\/10\/image-8.png 728w, https:\/\/ahassan.inscastellbisbal.net\/wp-content\/uploads\/2025\/10\/image-8-300x147.png 300w\" sizes=\"auto, (max-width: 728px) 100vw, 728px\" \/><\/figure>\n\n\n\n<p>Feu clic a la primera opci\u00f3 i descarregueu-la des d&#8217;aquestes dues opcions.<\/p>\n\n\n\n<figure class=\"wp-block-image size-full\"><img loading=\"lazy\" decoding=\"async\" width=\"729\" height=\"357\" src=\"https:\/\/ahassan.inscastellbisbal.net\/wp-content\/uploads\/2025\/10\/image-9.png\" alt=\"\" class=\"wp-image-539\" srcset=\"https:\/\/ahassan.inscastellbisbal.net\/wp-content\/uploads\/2025\/10\/image-9.png 729w, https:\/\/ahassan.inscastellbisbal.net\/wp-content\/uploads\/2025\/10\/image-9-300x147.png 300w\" sizes=\"auto, (max-width: 729px) 100vw, 729px\" \/><\/figure>\n\n\n\n<p>per exemple, faig clic a l&#8217;opci\u00f3 de <strong>descarregar<\/strong> el servidor <strong>Filezilla<\/strong>.i despr\u00e9s feu clic a l&#8217;opci\u00f3 de descarregar i ja est\u00e0.<\/p>\n\n\n\n<figure class=\"wp-block-image size-full is-resized\"><img loading=\"lazy\" decoding=\"async\" width=\"693\" height=\"313\" src=\"https:\/\/ahassan.inscastellbisbal.net\/wp-content\/uploads\/2025\/10\/image-10.png\" alt=\"\" class=\"wp-image-540\" style=\"width:467px;height:auto\" srcset=\"https:\/\/ahassan.inscastellbisbal.net\/wp-content\/uploads\/2025\/10\/image-10.png 693w, https:\/\/ahassan.inscastellbisbal.net\/wp-content\/uploads\/2025\/10\/image-10-300x135.png 300w\" sizes=\"auto, (max-width: 693px) 100vw, 693px\" \/><\/figure>\n\n\n\n<p>Y listo, se descargar\u00e1 y aparecer\u00e1 en tu p\u00e1gina principal.<\/p>\n\n\n\n<p><strong>per exemple<\/strong>, aqu\u00ed \u00e9s el meu <strong>Filezilla<\/strong> que he <strong>descarregat<\/strong>.<\/p>\n\n\n\n<figure class=\"wp-block-image size-large\"><img loading=\"lazy\" decoding=\"async\" width=\"1024\" height=\"816\" src=\"https:\/\/ahassan.inscastellbisbal.net\/wp-content\/uploads\/2025\/10\/filezilla-1024x816.png\" alt=\"\" class=\"wp-image-701\" srcset=\"https:\/\/ahassan.inscastellbisbal.net\/wp-content\/uploads\/2025\/10\/filezilla-1024x816.png 1024w, https:\/\/ahassan.inscastellbisbal.net\/wp-content\/uploads\/2025\/10\/filezilla-300x239.png 300w, https:\/\/ahassan.inscastellbisbal.net\/wp-content\/uploads\/2025\/10\/filezilla-768x612.png 768w, https:\/\/ahassan.inscastellbisbal.net\/wp-content\/uploads\/2025\/10\/filezilla.png 1201w\" sizes=\"auto, (max-width: 1024px) 100vw, 1024px\" \/><\/figure>\n\n\n\n<p><\/p>\n","protected":false},"excerpt":{"rendered":"<p>Per instal\u00b7lar Filezilla, nom\u00e9s cal que cerqueu Filezilla i aneu a la primera opci\u00f3. Feu clic a la primera opci\u00f3 i descarregueu-la des d&#8217;aquestes dues opcions. per exemple, faig clic a l&#8217;opci\u00f3 de descarregar el servidor Filezilla.i despr\u00e9s feu clic a l&#8217;opci\u00f3 de descarregar i ja est\u00e0. Y listo, se [&hellip;]<\/p>\n","protected":false},"author":1,"featured_media":0,"parent":71,"menu_order":0,"comment_status":"closed","ping_status":"closed","template":"","meta":{"footnotes":""},"class_list":["post-536","page","type-page","status-publish","hentry"],"_links":{"self":[{"href":"https:\/\/ahassan.inscastellbisbal.net\/index.php?rest_route=\/wp\/v2\/pages\/536","targetHints":{"allow":["GET"]}}],"collection":[{"href":"https:\/\/ahassan.inscastellbisbal.net\/index.php?rest_route=\/wp\/v2\/pages"}],"about":[{"href":"https:\/\/ahassan.inscastellbisbal.net\/index.php?rest_route=\/wp\/v2\/types\/page"}],"author":[{"embeddable":true,"href":"https:\/\/ahassan.inscastellbisbal.net\/index.php?rest_route=\/wp\/v2\/users\/1"}],"replies":[{"embeddable":true,"href":"https:\/\/ahassan.inscastellbisbal.net\/index.php?rest_route=%2Fwp%2Fv2%2Fcomments&post=536"}],"version-history":[{"count":2,"href":"https:\/\/ahassan.inscastellbisbal.net\/index.php?rest_route=\/wp\/v2\/pages\/536\/revisions"}],"predecessor-version":[{"id":702,"href":"https:\/\/ahassan.inscastellbisbal.net\/index.php?rest_route=\/wp\/v2\/pages\/536\/revisions\/702"}],"up":[{"embeddable":true,"href":"https:\/\/ahassan.inscastellbisbal.net\/index.php?rest_route=\/wp\/v2\/pages\/71"}],"wp:attachment":[{"href":"https:\/\/ahassan.inscastellbisbal.net\/index.php?rest_route=%2Fwp%2Fv2%2Fmedia&parent=536"}],"curies":[{"name":"wp","href":"https:\/\/api.w.org\/{rel}","templated":true}]}}