{"id":544,"date":"2025-10-07T08:58:57","date_gmt":"2025-10-07T06:58:57","guid":{"rendered":"https:\/\/ahassan.inscastellbisbal.net\/?page_id=544"},"modified":"2025-10-21T11:22:12","modified_gmt":"2025-10-21T09:22:12","slug":"installacio-de-packet-tracer","status":"publish","type":"page","link":"https:\/\/ahassan.inscastellbisbal.net\/?page_id=544","title":{"rendered":"Instal\u00b7laci\u00f3 de Packet Tracer"},"content":{"rendered":"\n<p>Per instal\u00b7lar Packet Tracer heu d&#8217;anar a Filezilla i escriure aquesta informaci\u00f3.<\/p>\n\n\n\n<p><strong>Introdu\u00efu la configuraci\u00f3 seg\u00fcent per connectar-vos al servidor FTP:<\/strong><\/p>\n\n\n\n<p><strong>Servidor:<\/strong> recursos.inscastellbisbal.net<\/p>\n\n\n\n<p><strong>Nom d&#8217;usuari:<\/strong> an\u00f2nim<\/p>\n\n\n\n<p><strong>Contrasenya:<\/strong> introdu\u00efu el vostre correu electr\u00f2nic<\/p>\n\n\n\n<p><strong>Port:<\/strong> 21<\/p>\n\n\n\n<p>i despr\u00e9s aneu al fitxer <strong>software<\/strong>  i moveu el fitxer de rastreig de <strong>packet tracer<\/strong> a la barra lateral esquerra de <strong>desc\u00e0rregues.<\/strong><\/p>\n\n\n\n<figure class=\"wp-block-image size-large\"><img loading=\"lazy\" decoding=\"async\" width=\"1024\" height=\"576\" src=\"https:\/\/ahassan.inscastellbisbal.net\/wp-content\/uploads\/2025\/10\/Screenshot-at-2025-10-07-08-32-49-1024x576.png\" alt=\"\" class=\"wp-image-546\" srcset=\"https:\/\/ahassan.inscastellbisbal.net\/wp-content\/uploads\/2025\/10\/Screenshot-at-2025-10-07-08-32-49-1024x576.png 1024w, https:\/\/ahassan.inscastellbisbal.net\/wp-content\/uploads\/2025\/10\/Screenshot-at-2025-10-07-08-32-49-300x169.png 300w, https:\/\/ahassan.inscastellbisbal.net\/wp-content\/uploads\/2025\/10\/Screenshot-at-2025-10-07-08-32-49-768x432.png 768w, https:\/\/ahassan.inscastellbisbal.net\/wp-content\/uploads\/2025\/10\/Screenshot-at-2025-10-07-08-32-49-1536x864.png 1536w, https:\/\/ahassan.inscastellbisbal.net\/wp-content\/uploads\/2025\/10\/Screenshot-at-2025-10-07-08-32-49.png 1920w\" sizes=\"auto, (max-width: 1024px) 100vw, 1024px\" \/><\/figure>\n\n\n\n<p>a continuaci\u00f3, aneu al fitxer on heu <strong>descarregat<\/strong> el rastrejador de <strong>packet tracer<\/strong> i obriu-lo.i despr\u00e9s feu clic a l&#8217;opci\u00f3 i <strong>agree the agreement<\/strong> i feu clic a <strong>Seg\u00fcent<\/strong>.<\/p>\n\n\n\n<figure class=\"wp-block-image size-full is-resized\"><img loading=\"lazy\" decoding=\"async\" width=\"432\" height=\"227\" src=\"https:\/\/ahassan.inscastellbisbal.net\/wp-content\/uploads\/2025\/10\/image-11.png\" alt=\"\" class=\"wp-image-548\" style=\"width:441px;height:auto\" srcset=\"https:\/\/ahassan.inscastellbisbal.net\/wp-content\/uploads\/2025\/10\/image-11.png 432w, https:\/\/ahassan.inscastellbisbal.net\/wp-content\/uploads\/2025\/10\/image-11-300x158.png 300w\" sizes=\"auto, (max-width: 432px) 100vw, 432px\" \/><\/figure>\n\n\n\n<p>llavors no has de fer gaire m\u00e9s que fer clic a <strong>seg\u00fcent<\/strong> i a la <strong>instal\u00b7laci\u00f3<\/strong>.<\/p>\n\n\n\n<figure class=\"wp-block-image size-full is-resized\"><img loading=\"lazy\" decoding=\"async\" width=\"428\" height=\"228\" src=\"https:\/\/ahassan.inscastellbisbal.net\/wp-content\/uploads\/2025\/10\/image-12.png\" alt=\"\" class=\"wp-image-549\" style=\"width:469px;height:auto\" srcset=\"https:\/\/ahassan.inscastellbisbal.net\/wp-content\/uploads\/2025\/10\/image-12.png 428w, https:\/\/ahassan.inscastellbisbal.net\/wp-content\/uploads\/2025\/10\/image-12-300x160.png 300w\" sizes=\"auto, (max-width: 428px) 100vw, 428px\" \/><\/figure>\n\n\n\n<figure class=\"wp-block-image size-full is-resized\"><img loading=\"lazy\" decoding=\"async\" width=\"436\" height=\"231\" src=\"https:\/\/ahassan.inscastellbisbal.net\/wp-content\/uploads\/2025\/10\/image-13.png\" alt=\"\" class=\"wp-image-551\" style=\"width:478px;height:auto\" srcset=\"https:\/\/ahassan.inscastellbisbal.net\/wp-content\/uploads\/2025\/10\/image-13.png 436w, https:\/\/ahassan.inscastellbisbal.net\/wp-content\/uploads\/2025\/10\/image-13-300x159.png 300w\" sizes=\"auto, (max-width: 436px) 100vw, 436px\" \/><\/figure>\n\n\n\n<p>despr\u00e9s deixa que<strong> s&#8217;instal\u00b7li<\/strong> i despr\u00e9s de la <strong>instal\u00b7laci\u00f3<\/strong> nom\u00e9s cal que facis clic a <strong>Finalitzar<\/strong> i ja est\u00e0<\/p>\n\n\n\n<figure class=\"wp-block-image size-full is-resized\"><img loading=\"lazy\" decoding=\"async\" width=\"433\" height=\"246\" src=\"https:\/\/ahassan.inscastellbisbal.net\/wp-content\/uploads\/2025\/10\/image-14.png\" alt=\"\" class=\"wp-image-552\" style=\"width:493px;height:auto\" srcset=\"https:\/\/ahassan.inscastellbisbal.net\/wp-content\/uploads\/2025\/10\/image-14.png 433w, https:\/\/ahassan.inscastellbisbal.net\/wp-content\/uploads\/2025\/10\/image-14-300x170.png 300w\" sizes=\"auto, (max-width: 433px) 100vw, 433px\" \/><\/figure>\n\n\n\n<figure class=\"wp-block-image size-full is-resized\"><img loading=\"lazy\" decoding=\"async\" width=\"434\" height=\"237\" src=\"https:\/\/ahassan.inscastellbisbal.net\/wp-content\/uploads\/2025\/10\/image-15.png\" alt=\"\" class=\"wp-image-553\" style=\"width:500px;height:auto\" srcset=\"https:\/\/ahassan.inscastellbisbal.net\/wp-content\/uploads\/2025\/10\/image-15.png 434w, https:\/\/ahassan.inscastellbisbal.net\/wp-content\/uploads\/2025\/10\/image-15-300x164.png 300w\" sizes=\"auto, (max-width: 434px) 100vw, 434px\" \/><\/figure>\n\n\n\n<p><strong>Ara tens el rastrejador de paquets instal\u00b7lat al teu port\u00e0til<\/strong>.<\/p>\n\n\n\n<p>per exemple, aqu\u00ed \u00e9s meu.<\/p>\n\n\n\n<figure class=\"wp-block-image size-large\"><img loading=\"lazy\" decoding=\"async\" width=\"1024\" height=\"576\" src=\"https:\/\/ahassan.inscastellbisbal.net\/wp-content\/uploads\/2025\/10\/Screenshot-at-2025-10-21-11-18-12-1024x576.png\" alt=\"\" class=\"wp-image-688\" srcset=\"https:\/\/ahassan.inscastellbisbal.net\/wp-content\/uploads\/2025\/10\/Screenshot-at-2025-10-21-11-18-12-1024x576.png 1024w, https:\/\/ahassan.inscastellbisbal.net\/wp-content\/uploads\/2025\/10\/Screenshot-at-2025-10-21-11-18-12-300x169.png 300w, https:\/\/ahassan.inscastellbisbal.net\/wp-content\/uploads\/2025\/10\/Screenshot-at-2025-10-21-11-18-12-768x432.png 768w, https:\/\/ahassan.inscastellbisbal.net\/wp-content\/uploads\/2025\/10\/Screenshot-at-2025-10-21-11-18-12-1536x864.png 1536w, https:\/\/ahassan.inscastellbisbal.net\/wp-content\/uploads\/2025\/10\/Screenshot-at-2025-10-21-11-18-12.png 1920w\" sizes=\"auto, (max-width: 1024px) 100vw, 1024px\" \/><\/figure>\n\n\n\n<figure class=\"wp-block-image size-large\"><img loading=\"lazy\" decoding=\"async\" width=\"1024\" height=\"576\" src=\"https:\/\/ahassan.inscastellbisbal.net\/wp-content\/uploads\/2025\/10\/Screenshot-at-2025-10-21-11-19-58-1024x576.png\" alt=\"\" class=\"wp-image-689\" srcset=\"https:\/\/ahassan.inscastellbisbal.net\/wp-content\/uploads\/2025\/10\/Screenshot-at-2025-10-21-11-19-58-1024x576.png 1024w, https:\/\/ahassan.inscastellbisbal.net\/wp-content\/uploads\/2025\/10\/Screenshot-at-2025-10-21-11-19-58-300x169.png 300w, https:\/\/ahassan.inscastellbisbal.net\/wp-content\/uploads\/2025\/10\/Screenshot-at-2025-10-21-11-19-58-768x432.png 768w, https:\/\/ahassan.inscastellbisbal.net\/wp-content\/uploads\/2025\/10\/Screenshot-at-2025-10-21-11-19-58-1536x864.png 1536w, https:\/\/ahassan.inscastellbisbal.net\/wp-content\/uploads\/2025\/10\/Screenshot-at-2025-10-21-11-19-58.png 1920w\" sizes=\"auto, (max-width: 1024px) 100vw, 1024px\" \/><\/figure>\n\n\n\n<p><\/p>\n","protected":false},"excerpt":{"rendered":"<p>Per instal\u00b7lar Packet Tracer heu d&#8217;anar a Filezilla i escriure aquesta informaci\u00f3. Introdu\u00efu la configuraci\u00f3 seg\u00fcent per connectar-vos al servidor FTP: Servidor: recursos.inscastellbisbal.net Nom d&#8217;usuari: an\u00f2nim Contrasenya: introdu\u00efu el vostre correu electr\u00f2nic Port: 21 i despr\u00e9s aneu al fitxer software i moveu el fitxer de rastreig de packet tracer a [&hellip;]<\/p>\n","protected":false},"author":1,"featured_media":0,"parent":71,"menu_order":0,"comment_status":"closed","ping_status":"closed","template":"","meta":{"footnotes":""},"class_list":["post-544","page","type-page","status-publish","hentry"],"_links":{"self":[{"href":"https:\/\/ahassan.inscastellbisbal.net\/index.php?rest_route=\/wp\/v2\/pages\/544","targetHints":{"allow":["GET"]}}],"collection":[{"href":"https:\/\/ahassan.inscastellbisbal.net\/index.php?rest_route=\/wp\/v2\/pages"}],"about":[{"href":"https:\/\/ahassan.inscastellbisbal.net\/index.php?rest_route=\/wp\/v2\/types\/page"}],"author":[{"embeddable":true,"href":"https:\/\/ahassan.inscastellbisbal.net\/index.php?rest_route=\/wp\/v2\/users\/1"}],"replies":[{"embeddable":true,"href":"https:\/\/ahassan.inscastellbisbal.net\/index.php?rest_route=%2Fwp%2Fv2%2Fcomments&post=544"}],"version-history":[{"count":2,"href":"https:\/\/ahassan.inscastellbisbal.net\/index.php?rest_route=\/wp\/v2\/pages\/544\/revisions"}],"predecessor-version":[{"id":691,"href":"https:\/\/ahassan.inscastellbisbal.net\/index.php?rest_route=\/wp\/v2\/pages\/544\/revisions\/691"}],"up":[{"embeddable":true,"href":"https:\/\/ahassan.inscastellbisbal.net\/index.php?rest_route=\/wp\/v2\/pages\/71"}],"wp:attachment":[{"href":"https:\/\/ahassan.inscastellbisbal.net\/index.php?rest_route=%2Fwp%2Fv2%2Fmedia&parent=544"}],"curies":[{"name":"wp","href":"https:\/\/api.w.org\/{rel}","templated":true}]}}