{"id":886,"date":"2025-11-07T10:47:43","date_gmt":"2025-11-07T09:47:43","guid":{"rendered":"https:\/\/ahassan.inscastellbisbal.net\/?page_id=886"},"modified":"2025-12-17T09:22:59","modified_gmt":"2025-12-17T08:22:59","slug":"installacio-de-linux-mint-mate","status":"publish","type":"page","link":"https:\/\/ahassan.inscastellbisbal.net\/?page_id=886","title":{"rendered":"Instal\u00b7laci\u00f3 de Linux Mint (MATE)"},"content":{"rendered":"\n<p>Para instalar Linux, abre tu navegador y busca &#8220;Linux&#8221;; haz clic en la primera p\u00e1gina.<\/p>\n\n\n\n<figure class=\"wp-block-image size-large\"><img loading=\"lazy\" decoding=\"async\" width=\"1024\" height=\"502\" src=\"https:\/\/ahassan.inscastellbisbal.net\/wp-content\/uploads\/2025\/11\/image-1024x502.png\" alt=\"\" class=\"wp-image-893\" srcset=\"https:\/\/ahassan.inscastellbisbal.net\/wp-content\/uploads\/2025\/11\/image-1024x502.png 1024w, https:\/\/ahassan.inscastellbisbal.net\/wp-content\/uploads\/2025\/11\/image-300x147.png 300w, https:\/\/ahassan.inscastellbisbal.net\/wp-content\/uploads\/2025\/11\/image-768x377.png 768w, https:\/\/ahassan.inscastellbisbal.net\/wp-content\/uploads\/2025\/11\/image.png 1091w\" sizes=\"auto, (max-width: 1024px) 100vw, 1024px\" \/><\/figure>\n\n\n\n<p>Despr\u00e9s, feu clic a l&#8217;opci\u00f3 Descarregar Linux.<\/p>\n\n\n\n<figure class=\"wp-block-image size-large\"><img loading=\"lazy\" decoding=\"async\" width=\"1024\" height=\"502\" src=\"https:\/\/ahassan.inscastellbisbal.net\/wp-content\/uploads\/2025\/11\/image-1-1024x502.png\" alt=\"\" class=\"wp-image-894\" srcset=\"https:\/\/ahassan.inscastellbisbal.net\/wp-content\/uploads\/2025\/11\/image-1-1024x502.png 1024w, https:\/\/ahassan.inscastellbisbal.net\/wp-content\/uploads\/2025\/11\/image-1-300x147.png 300w, https:\/\/ahassan.inscastellbisbal.net\/wp-content\/uploads\/2025\/11\/image-1-768x376.png 768w, https:\/\/ahassan.inscastellbisbal.net\/wp-content\/uploads\/2025\/11\/image-1.png 1041w\" sizes=\"auto, (max-width: 1024px) 100vw, 1024px\" \/><\/figure>\n\n\n\n<p>despr\u00e9s feu clic a l&#8217;opci\u00f3 de Mint i descarregueu-la.<\/p>\n\n\n\n<figure class=\"wp-block-image size-large\"><img loading=\"lazy\" decoding=\"async\" width=\"1024\" height=\"503\" src=\"https:\/\/ahassan.inscastellbisbal.net\/wp-content\/uploads\/2025\/11\/image-2-1024x503.png\" alt=\"\" class=\"wp-image-895\" srcset=\"https:\/\/ahassan.inscastellbisbal.net\/wp-content\/uploads\/2025\/11\/image-2-1024x503.png 1024w, https:\/\/ahassan.inscastellbisbal.net\/wp-content\/uploads\/2025\/11\/image-2-300x147.png 300w, https:\/\/ahassan.inscastellbisbal.net\/wp-content\/uploads\/2025\/11\/image-2-768x377.png 768w, https:\/\/ahassan.inscastellbisbal.net\/wp-content\/uploads\/2025\/11\/image-2.png 1088w\" sizes=\"auto, (max-width: 1024px) 100vw, 1024px\" \/><\/figure>\n\n\n\n<p>i despr\u00e9s desplaceu-vos cap avall i descarregueu l&#8217;edici\u00f3 Mate.<\/p>\n\n\n\n<figure class=\"wp-block-image size-full\"><img loading=\"lazy\" decoding=\"async\" width=\"463\" height=\"543\" src=\"https:\/\/ahassan.inscastellbisbal.net\/wp-content\/uploads\/2025\/11\/image-3.png\" alt=\"\" class=\"wp-image-896\" srcset=\"https:\/\/ahassan.inscastellbisbal.net\/wp-content\/uploads\/2025\/11\/image-3.png 463w, https:\/\/ahassan.inscastellbisbal.net\/wp-content\/uploads\/2025\/11\/image-3-256x300.png 256w\" sizes=\"auto, (max-width: 463px) 100vw, 463px\" \/><\/figure>\n\n\n\n<p>despr\u00e9s d&#8217;aix\u00f2 obtindreu una llista dels pa\u00efsos del que vulgueu descarregar.<\/p>\n\n\n\n<figure class=\"wp-block-image size-large\"><img loading=\"lazy\" decoding=\"async\" width=\"1024\" height=\"353\" src=\"https:\/\/ahassan.inscastellbisbal.net\/wp-content\/uploads\/2025\/11\/Screenshot-2025-11-04-at-13-03-15-Linux-Mint-22.2-Zara-Linux-Mint-1024x353.png\" alt=\"\" class=\"wp-image-889\" srcset=\"https:\/\/ahassan.inscastellbisbal.net\/wp-content\/uploads\/2025\/11\/Screenshot-2025-11-04-at-13-03-15-Linux-Mint-22.2-Zara-Linux-Mint-1024x353.png 1024w, https:\/\/ahassan.inscastellbisbal.net\/wp-content\/uploads\/2025\/11\/Screenshot-2025-11-04-at-13-03-15-Linux-Mint-22.2-Zara-Linux-Mint-300x103.png 300w, https:\/\/ahassan.inscastellbisbal.net\/wp-content\/uploads\/2025\/11\/Screenshot-2025-11-04-at-13-03-15-Linux-Mint-22.2-Zara-Linux-Mint-768x265.png 768w, https:\/\/ahassan.inscastellbisbal.net\/wp-content\/uploads\/2025\/11\/Screenshot-2025-11-04-at-13-03-15-Linux-Mint-22.2-Zara-Linux-Mint-1536x530.png 1536w, https:\/\/ahassan.inscastellbisbal.net\/wp-content\/uploads\/2025\/11\/Screenshot-2025-11-04-at-13-03-15-Linux-Mint-22.2-Zara-Linux-Mint.png 1908w\" sizes=\"auto, (max-width: 1024px) 100vw, 1024px\" \/><\/figure>\n\n\n\n<p>despr\u00e9s de la instal\u00b7laci\u00f3, ja tens el teu linux descarregat i pots fer el que vulguis.<\/p>\n\n\n\n<h2 class=\"wp-block-heading has-text-align-center\">Proc\u00e9s d&#8217;instal\u00b7laci\u00f3 de Linux Mint.<\/h2>\n\n\n\n<p>Primer has de <strong>connectar<\/strong> l&#8217;<strong>USB<\/strong> on has <strong>descarregat<\/strong> la ISO de <strong>Linux Mint<\/strong>,despr\u00e9s feu <strong>clic<\/strong> a l&#8217;<strong>opci\u00f3<\/strong> que apareix al vostre port\u00e0til escrita (<strong>instal\u00b7lar linux mint<\/strong>).<\/p>\n\n\n\n<figure class=\"wp-block-image size-large is-resized\"><img loading=\"lazy\" decoding=\"async\" width=\"1024\" height=\"768\" src=\"https:\/\/ahassan.inscastellbisbal.net\/wp-content\/uploads\/2025\/12\/20251105_1115331-1024x768.jpg\" alt=\"\" class=\"wp-image-1337\" style=\"width:494px;height:auto\" srcset=\"https:\/\/ahassan.inscastellbisbal.net\/wp-content\/uploads\/2025\/12\/20251105_1115331-1024x768.jpg 1024w, https:\/\/ahassan.inscastellbisbal.net\/wp-content\/uploads\/2025\/12\/20251105_1115331-300x225.jpg 300w, https:\/\/ahassan.inscastellbisbal.net\/wp-content\/uploads\/2025\/12\/20251105_1115331-768x576.jpg 768w, https:\/\/ahassan.inscastellbisbal.net\/wp-content\/uploads\/2025\/12\/20251105_1115331-1536x1152.jpg 1536w, https:\/\/ahassan.inscastellbisbal.net\/wp-content\/uploads\/2025\/12\/20251105_1115331-2048x1536.jpg 2048w\" sizes=\"auto, (max-width: 1024px) 100vw, 1024px\" \/><\/figure>\n\n\n\n<p>despr\u00e9s hem <strong>seleccionat<\/strong> l&#8217;<strong>idioma<\/strong> castell\u00e0, podeu triar el que vulgueu,fem <strong>clic<\/strong> a <strong>continuar<\/strong>,<\/p>\n\n\n\n<figure class=\"wp-block-image size-large is-resized\"><img loading=\"lazy\" decoding=\"async\" width=\"1024\" height=\"768\" src=\"https:\/\/ahassan.inscastellbisbal.net\/wp-content\/uploads\/2025\/12\/20251105_1117102-1024x768.jpg\" alt=\"\" class=\"wp-image-1339\" style=\"width:496px;height:auto\" srcset=\"https:\/\/ahassan.inscastellbisbal.net\/wp-content\/uploads\/2025\/12\/20251105_1117102-1024x768.jpg 1024w, https:\/\/ahassan.inscastellbisbal.net\/wp-content\/uploads\/2025\/12\/20251105_1117102-300x225.jpg 300w, https:\/\/ahassan.inscastellbisbal.net\/wp-content\/uploads\/2025\/12\/20251105_1117102-768x576.jpg 768w, https:\/\/ahassan.inscastellbisbal.net\/wp-content\/uploads\/2025\/12\/20251105_1117102-1536x1152.jpg 1536w, https:\/\/ahassan.inscastellbisbal.net\/wp-content\/uploads\/2025\/12\/20251105_1117102-2048x1536.jpg 2048w\" sizes=\"auto, (max-width: 1024px) 100vw, 1024px\" \/><\/figure>\n\n\n\n<p>despr\u00e9s vam <strong>seleccionar<\/strong> l&#8217;<strong>idioma<\/strong> del <strong>teclat<\/strong> catala,fem <strong>clic<\/strong> a <strong>continuar<\/strong>,<\/p>\n\n\n\n<figure class=\"wp-block-image size-large is-resized\"><img loading=\"lazy\" decoding=\"async\" width=\"1024\" height=\"768\" src=\"https:\/\/ahassan.inscastellbisbal.net\/wp-content\/uploads\/2025\/12\/20251105_1117201-1024x768.jpg\" alt=\"\" class=\"wp-image-1340\" style=\"width:492px;height:auto\" srcset=\"https:\/\/ahassan.inscastellbisbal.net\/wp-content\/uploads\/2025\/12\/20251105_1117201-1024x768.jpg 1024w, https:\/\/ahassan.inscastellbisbal.net\/wp-content\/uploads\/2025\/12\/20251105_1117201-300x225.jpg 300w, https:\/\/ahassan.inscastellbisbal.net\/wp-content\/uploads\/2025\/12\/20251105_1117201-768x576.jpg 768w, https:\/\/ahassan.inscastellbisbal.net\/wp-content\/uploads\/2025\/12\/20251105_1117201-1536x1152.jpg 1536w, https:\/\/ahassan.inscastellbisbal.net\/wp-content\/uploads\/2025\/12\/20251105_1117201-2048x1536.jpg 2048w\" sizes=\"auto, (max-width: 1024px) 100vw, 1024px\" \/><\/figure>\n\n\n\n<p>despr\u00e9s <strong>instal\u00b7lem<\/strong> els c\u00f2decs multim\u00e8dia i fem <strong>clic<\/strong> a <strong>continuar<\/strong>,<\/p>\n\n\n\n<figure class=\"wp-block-image size-large is-resized\"><img loading=\"lazy\" decoding=\"async\" width=\"1024\" height=\"768\" src=\"https:\/\/ahassan.inscastellbisbal.net\/wp-content\/uploads\/2025\/12\/20251105_1118051-1024x768.jpg\" alt=\"\" class=\"wp-image-1341\" style=\"width:499px;height:auto\" srcset=\"https:\/\/ahassan.inscastellbisbal.net\/wp-content\/uploads\/2025\/12\/20251105_1118051-1024x768.jpg 1024w, https:\/\/ahassan.inscastellbisbal.net\/wp-content\/uploads\/2025\/12\/20251105_1118051-300x225.jpg 300w, https:\/\/ahassan.inscastellbisbal.net\/wp-content\/uploads\/2025\/12\/20251105_1118051-768x576.jpg 768w, https:\/\/ahassan.inscastellbisbal.net\/wp-content\/uploads\/2025\/12\/20251105_1118051-1536x1152.jpg 1536w, https:\/\/ahassan.inscastellbisbal.net\/wp-content\/uploads\/2025\/12\/20251105_1118051-2048x1536.jpg 2048w\" sizes=\"auto, (max-width: 1024px) 100vw, 1024px\" \/><\/figure>\n\n\n\n<p>despr\u00e9s hem de <strong>seleccionar<\/strong> el tipus <strong>d&#8217;instal\u00b7laci\u00f3<\/strong> que volem, hem <strong>seleccionat<\/strong> la tercera <strong>opci\u00f3<\/strong>,despr\u00e9s feu <strong>clic<\/strong> a <strong>instal\u00b7la ara<\/strong>.<\/p>\n\n\n\n<figure class=\"wp-block-image size-large is-resized\"><img loading=\"lazy\" decoding=\"async\" width=\"1024\" height=\"768\" src=\"https:\/\/ahassan.inscastellbisbal.net\/wp-content\/uploads\/2025\/12\/20251105_1120362-1024x768.jpg\" alt=\"\" class=\"wp-image-1342\" style=\"width:505px;height:auto\" srcset=\"https:\/\/ahassan.inscastellbisbal.net\/wp-content\/uploads\/2025\/12\/20251105_1120362-1024x768.jpg 1024w, https:\/\/ahassan.inscastellbisbal.net\/wp-content\/uploads\/2025\/12\/20251105_1120362-300x225.jpg 300w, https:\/\/ahassan.inscastellbisbal.net\/wp-content\/uploads\/2025\/12\/20251105_1120362-768x576.jpg 768w, https:\/\/ahassan.inscastellbisbal.net\/wp-content\/uploads\/2025\/12\/20251105_1120362-1536x1152.jpg 1536w, https:\/\/ahassan.inscastellbisbal.net\/wp-content\/uploads\/2025\/12\/20251105_1120362-2048x1536.jpg 2048w\" sizes=\"auto, (max-width: 1024px) 100vw, 1024px\" \/><\/figure>\n\n\n\n<p>despr\u00e9s feu <strong>clic<\/strong> a <strong>continuar<\/strong>.<\/p>\n\n\n\n<figure class=\"wp-block-image size-large is-resized\"><img loading=\"lazy\" decoding=\"async\" width=\"1024\" height=\"768\" src=\"https:\/\/ahassan.inscastellbisbal.net\/wp-content\/uploads\/2025\/12\/20251105_1120521-1024x768.jpg\" alt=\"\" class=\"wp-image-1343\" style=\"width:514px;height:auto\" srcset=\"https:\/\/ahassan.inscastellbisbal.net\/wp-content\/uploads\/2025\/12\/20251105_1120521-1024x768.jpg 1024w, https:\/\/ahassan.inscastellbisbal.net\/wp-content\/uploads\/2025\/12\/20251105_1120521-300x225.jpg 300w, https:\/\/ahassan.inscastellbisbal.net\/wp-content\/uploads\/2025\/12\/20251105_1120521-768x576.jpg 768w, https:\/\/ahassan.inscastellbisbal.net\/wp-content\/uploads\/2025\/12\/20251105_1120521-1536x1152.jpg 1536w, https:\/\/ahassan.inscastellbisbal.net\/wp-content\/uploads\/2025\/12\/20251105_1120521-2048x1536.jpg 2048w\" sizes=\"auto, (max-width: 1024px) 100vw, 1024px\" \/><\/figure>\n\n\n\n<p>despr\u00e9s vam <strong>seleccionar<\/strong> la nostra <strong>ubicaci\u00f3<\/strong>, que \u00e9s <strong>Espanya<\/strong>,<\/p>\n\n\n\n<figure class=\"wp-block-image size-large is-resized\"><img loading=\"lazy\" decoding=\"async\" width=\"1024\" height=\"768\" src=\"https:\/\/ahassan.inscastellbisbal.net\/wp-content\/uploads\/2025\/12\/20251105_1121041-1024x768.jpg\" alt=\"\" class=\"wp-image-1344\" style=\"width:519px;height:auto\" srcset=\"https:\/\/ahassan.inscastellbisbal.net\/wp-content\/uploads\/2025\/12\/20251105_1121041-1024x768.jpg 1024w, https:\/\/ahassan.inscastellbisbal.net\/wp-content\/uploads\/2025\/12\/20251105_1121041-300x225.jpg 300w, https:\/\/ahassan.inscastellbisbal.net\/wp-content\/uploads\/2025\/12\/20251105_1121041-768x576.jpg 768w, https:\/\/ahassan.inscastellbisbal.net\/wp-content\/uploads\/2025\/12\/20251105_1121041-1536x1152.jpg 1536w, https:\/\/ahassan.inscastellbisbal.net\/wp-content\/uploads\/2025\/12\/20251105_1121041-2048x1536.jpg 2048w\" sizes=\"auto, (max-width: 1024px) 100vw, 1024px\" \/><\/figure>\n\n\n\n<p>despr\u00e9s el nom d&#8217;<strong>usuari<\/strong> i la <strong>contrasenya<\/strong> forta, <strong>no ho oblideu.<\/strong><\/p>\n\n\n\n<figure class=\"wp-block-image size-large is-resized\"><img loading=\"lazy\" decoding=\"async\" width=\"1024\" height=\"768\" src=\"https:\/\/ahassan.inscastellbisbal.net\/wp-content\/uploads\/2025\/12\/20251105_1123331-1024x768.jpg\" alt=\"\" class=\"wp-image-1345\" style=\"width:526px;height:auto\" srcset=\"https:\/\/ahassan.inscastellbisbal.net\/wp-content\/uploads\/2025\/12\/20251105_1123331-1024x768.jpg 1024w, https:\/\/ahassan.inscastellbisbal.net\/wp-content\/uploads\/2025\/12\/20251105_1123331-300x225.jpg 300w, https:\/\/ahassan.inscastellbisbal.net\/wp-content\/uploads\/2025\/12\/20251105_1123331-768x576.jpg 768w, https:\/\/ahassan.inscastellbisbal.net\/wp-content\/uploads\/2025\/12\/20251105_1123331-1536x1152.jpg 1536w, https:\/\/ahassan.inscastellbisbal.net\/wp-content\/uploads\/2025\/12\/20251105_1123331-2048x1536.jpg 2048w\" sizes=\"auto, (max-width: 1024px) 100vw, 1024px\" \/><\/figure>\n\n\n\n<p>deixa que <strong>s&#8217;instal\u00b7li<\/strong> i has d&#8217;esperar una mica.<\/p>\n\n\n\n<figure class=\"wp-block-image size-large is-resized\"><img loading=\"lazy\" decoding=\"async\" width=\"1024\" height=\"768\" src=\"https:\/\/ahassan.inscastellbisbal.net\/wp-content\/uploads\/2025\/12\/20251105_1124033-1024x768.jpg\" alt=\"\" class=\"wp-image-1346\" style=\"width:528px;height:auto\" srcset=\"https:\/\/ahassan.inscastellbisbal.net\/wp-content\/uploads\/2025\/12\/20251105_1124033-1024x768.jpg 1024w, https:\/\/ahassan.inscastellbisbal.net\/wp-content\/uploads\/2025\/12\/20251105_1124033-300x225.jpg 300w, https:\/\/ahassan.inscastellbisbal.net\/wp-content\/uploads\/2025\/12\/20251105_1124033-768x576.jpg 768w, https:\/\/ahassan.inscastellbisbal.net\/wp-content\/uploads\/2025\/12\/20251105_1124033-1536x1152.jpg 1536w, https:\/\/ahassan.inscastellbisbal.net\/wp-content\/uploads\/2025\/12\/20251105_1124033-2048x1536.jpg 2048w\" sizes=\"auto, (max-width: 1024px) 100vw, 1024px\" \/><\/figure>\n\n\n\n<p>ja est\u00e0, ja tens <strong>instal\u00b7lat<\/strong> el <strong>Linux<\/strong>, nom\u00e9s has de <strong>reiniciar<\/strong> el port\u00e0til i <strong>ja est\u00e0.<\/strong><\/p>\n\n\n\n<figure class=\"wp-block-image size-large is-resized\"><img loading=\"lazy\" decoding=\"async\" width=\"1024\" height=\"768\" src=\"https:\/\/ahassan.inscastellbisbal.net\/wp-content\/uploads\/2025\/12\/20251105_113830-1024x768.jpg\" alt=\"\" class=\"wp-image-1347\" style=\"width:529px;height:auto\" srcset=\"https:\/\/ahassan.inscastellbisbal.net\/wp-content\/uploads\/2025\/12\/20251105_113830-1024x768.jpg 1024w, https:\/\/ahassan.inscastellbisbal.net\/wp-content\/uploads\/2025\/12\/20251105_113830-300x225.jpg 300w, https:\/\/ahassan.inscastellbisbal.net\/wp-content\/uploads\/2025\/12\/20251105_113830-768x576.jpg 768w, https:\/\/ahassan.inscastellbisbal.net\/wp-content\/uploads\/2025\/12\/20251105_113830-1536x1152.jpg 1536w, https:\/\/ahassan.inscastellbisbal.net\/wp-content\/uploads\/2025\/12\/20251105_113830-2048x1536.jpg 2048w\" sizes=\"auto, (max-width: 1024px) 100vw, 1024px\" \/><\/figure>\n\n\n\n<p><\/p>\n","protected":false},"excerpt":{"rendered":"<p>Para instalar Linux, abre tu navegador y busca &#8220;Linux&#8221;; haz clic en la primera p\u00e1gina. Despr\u00e9s, feu clic a l&#8217;opci\u00f3 Descarregar Linux. despr\u00e9s feu clic a l&#8217;opci\u00f3 de Mint i descarregueu-la. i despr\u00e9s desplaceu-vos cap avall i descarregueu l&#8217;edici\u00f3 Mate. despr\u00e9s d&#8217;aix\u00f2 obtindreu una llista dels pa\u00efsos del que vulgueu [&hellip;]<\/p>\n","protected":false},"author":1,"featured_media":0,"parent":828,"menu_order":0,"comment_status":"closed","ping_status":"closed","template":"","meta":{"footnotes":""},"class_list":["post-886","page","type-page","status-publish","hentry"],"_links":{"self":[{"href":"https:\/\/ahassan.inscastellbisbal.net\/index.php?rest_route=\/wp\/v2\/pages\/886","targetHints":{"allow":["GET"]}}],"collection":[{"href":"https:\/\/ahassan.inscastellbisbal.net\/index.php?rest_route=\/wp\/v2\/pages"}],"about":[{"href":"https:\/\/ahassan.inscastellbisbal.net\/index.php?rest_route=\/wp\/v2\/types\/page"}],"author":[{"embeddable":true,"href":"https:\/\/ahassan.inscastellbisbal.net\/index.php?rest_route=\/wp\/v2\/users\/1"}],"replies":[{"embeddable":true,"href":"https:\/\/ahassan.inscastellbisbal.net\/index.php?rest_route=%2Fwp%2Fv2%2Fcomments&post=886"}],"version-history":[{"count":2,"href":"https:\/\/ahassan.inscastellbisbal.net\/index.php?rest_route=\/wp\/v2\/pages\/886\/revisions"}],"predecessor-version":[{"id":1348,"href":"https:\/\/ahassan.inscastellbisbal.net\/index.php?rest_route=\/wp\/v2\/pages\/886\/revisions\/1348"}],"up":[{"embeddable":true,"href":"https:\/\/ahassan.inscastellbisbal.net\/index.php?rest_route=\/wp\/v2\/pages\/828"}],"wp:attachment":[{"href":"https:\/\/ahassan.inscastellbisbal.net\/index.php?rest_route=%2Fwp%2Fv2%2Fmedia&parent=886"}],"curies":[{"name":"wp","href":"https:\/\/api.w.org\/{rel}","templated":true}]}}