{"id":933,"date":"2025-11-07T11:48:59","date_gmt":"2025-11-07T10:48:59","guid":{"rendered":"https:\/\/ahassan.inscastellbisbal.net\/?page_id=933"},"modified":"2025-11-10T09:01:24","modified_gmt":"2025-11-10T08:01:24","slug":"creacio-dusuaris","status":"publish","type":"page","link":"https:\/\/ahassan.inscastellbisbal.net\/?page_id=933","title":{"rendered":"Creaci\u00f3 d&#8217;usuaris."},"content":{"rendered":"\n<p>Primer de tot, <strong>agafeu<\/strong> l&#8217;estaci\u00f3 d&#8217;acoblament Ultraslim<strong>(Ultraslim Docking Station)<\/strong> i connecteu-hi l&#8217;<strong>ordinador<\/strong> i, a continuaci\u00f3, connecteu-hi l&#8217;<strong>USB<\/strong> on teniu <strong>instal\u00b7lat el Linux.<\/strong>Despr\u00e9s de connectar l&#8217;<strong>USB<\/strong>, el <strong>Linux<\/strong> apareixer\u00e0 a la p\u00e0gina.<\/p>\n\n\n\n<figure class=\"wp-block-image size-large is-resized\"><img loading=\"lazy\" decoding=\"async\" width=\"1024\" height=\"768\" src=\"https:\/\/ahassan.inscastellbisbal.net\/wp-content\/uploads\/2025\/11\/20251105_111533-1-1024x768.jpg\" alt=\"\" class=\"wp-image-958\" style=\"width:418px;height:auto\" srcset=\"https:\/\/ahassan.inscastellbisbal.net\/wp-content\/uploads\/2025\/11\/20251105_111533-1-1024x768.jpg 1024w, https:\/\/ahassan.inscastellbisbal.net\/wp-content\/uploads\/2025\/11\/20251105_111533-1-300x225.jpg 300w, https:\/\/ahassan.inscastellbisbal.net\/wp-content\/uploads\/2025\/11\/20251105_111533-1-768x576.jpg 768w, https:\/\/ahassan.inscastellbisbal.net\/wp-content\/uploads\/2025\/11\/20251105_111533-1-1536x1152.jpg 1536w, https:\/\/ahassan.inscastellbisbal.net\/wp-content\/uploads\/2025\/11\/20251105_111533-1-2048x1536.jpg 2048w\" sizes=\"auto, (max-width: 1024px) 100vw, 1024px\" \/><\/figure>\n\n\n\n<p>despr\u00e9s feu <strong>clic<\/strong> al <strong>Linux<\/strong> que teniu <strong>instal\u00b7lat<\/strong>.<\/p>\n\n\n\n<figure class=\"wp-block-image size-large is-resized\"><img loading=\"lazy\" decoding=\"async\" width=\"1024\" height=\"768\" src=\"https:\/\/ahassan.inscastellbisbal.net\/wp-content\/uploads\/2025\/11\/20251105_111538-2-1024x768.jpg\" alt=\"\" class=\"wp-image-959\" style=\"width:421px;height:auto\" srcset=\"https:\/\/ahassan.inscastellbisbal.net\/wp-content\/uploads\/2025\/11\/20251105_111538-2-1024x768.jpg 1024w, https:\/\/ahassan.inscastellbisbal.net\/wp-content\/uploads\/2025\/11\/20251105_111538-2-300x225.jpg 300w, https:\/\/ahassan.inscastellbisbal.net\/wp-content\/uploads\/2025\/11\/20251105_111538-2-768x576.jpg 768w, https:\/\/ahassan.inscastellbisbal.net\/wp-content\/uploads\/2025\/11\/20251105_111538-2-1536x1152.jpg 1536w, https:\/\/ahassan.inscastellbisbal.net\/wp-content\/uploads\/2025\/11\/20251105_111538-2-2048x1536.jpg 2048w\" sizes=\"auto, (max-width: 1024px) 100vw, 1024px\" \/><\/figure>\n\n\n\n<p>despr\u00e9s que aix\u00f2 aparegui a la p\u00e0gina, heu de seleccionar l&#8217;<strong>idioma<\/strong> que vulgueu.<\/p>\n\n\n\n<figure class=\"wp-block-image size-large is-resized\"><img loading=\"lazy\" decoding=\"async\" width=\"1024\" height=\"768\" src=\"https:\/\/ahassan.inscastellbisbal.net\/wp-content\/uploads\/2025\/11\/20251105_1117101-2-1024x768.jpg\" alt=\"\" class=\"wp-image-960\" style=\"width:425px;height:auto\" srcset=\"https:\/\/ahassan.inscastellbisbal.net\/wp-content\/uploads\/2025\/11\/20251105_1117101-2-1024x768.jpg 1024w, https:\/\/ahassan.inscastellbisbal.net\/wp-content\/uploads\/2025\/11\/20251105_1117101-2-300x225.jpg 300w, https:\/\/ahassan.inscastellbisbal.net\/wp-content\/uploads\/2025\/11\/20251105_1117101-2-768x576.jpg 768w, https:\/\/ahassan.inscastellbisbal.net\/wp-content\/uploads\/2025\/11\/20251105_1117101-2-1536x1152.jpg 1536w, https:\/\/ahassan.inscastellbisbal.net\/wp-content\/uploads\/2025\/11\/20251105_1117101-2-2048x1536.jpg 2048w\" sizes=\"auto, (max-width: 1024px) 100vw, 1024px\" \/><\/figure>\n\n\n\n<p>i despr\u00e9s has de <strong>seleccionar<\/strong> la disposici\u00f3 del <strong>teclat<\/strong>,<\/p>\n\n\n\n<figure class=\"wp-block-image size-large is-resized\"><img loading=\"lazy\" decoding=\"async\" width=\"1024\" height=\"768\" src=\"https:\/\/ahassan.inscastellbisbal.net\/wp-content\/uploads\/2025\/11\/20251105_111720-2-1024x768.jpg\" alt=\"\" class=\"wp-image-967\" style=\"width:422px;height:auto\" srcset=\"https:\/\/ahassan.inscastellbisbal.net\/wp-content\/uploads\/2025\/11\/20251105_111720-2-1024x768.jpg 1024w, https:\/\/ahassan.inscastellbisbal.net\/wp-content\/uploads\/2025\/11\/20251105_111720-2-300x225.jpg 300w, https:\/\/ahassan.inscastellbisbal.net\/wp-content\/uploads\/2025\/11\/20251105_111720-2-768x576.jpg 768w, https:\/\/ahassan.inscastellbisbal.net\/wp-content\/uploads\/2025\/11\/20251105_111720-2-1536x1152.jpg 1536w, https:\/\/ahassan.inscastellbisbal.net\/wp-content\/uploads\/2025\/11\/20251105_111720-2-2048x1536.jpg 2048w\" sizes=\"auto, (max-width: 1024px) 100vw, 1024px\" \/><\/figure>\n\n\n\n<p>i despr\u00e9s la <strong>instal\u00b7laci\u00f3<\/strong> de c\u00f2decs multim\u00e8dia.<\/p>\n\n\n\n<figure class=\"wp-block-image size-large is-resized\"><img loading=\"lazy\" decoding=\"async\" width=\"1024\" height=\"768\" src=\"https:\/\/ahassan.inscastellbisbal.net\/wp-content\/uploads\/2025\/11\/20251105_111805-2-1024x768.jpg\" alt=\"\" class=\"wp-image-961\" style=\"width:426px;height:auto\" srcset=\"https:\/\/ahassan.inscastellbisbal.net\/wp-content\/uploads\/2025\/11\/20251105_111805-2-1024x768.jpg 1024w, https:\/\/ahassan.inscastellbisbal.net\/wp-content\/uploads\/2025\/11\/20251105_111805-2-300x225.jpg 300w, https:\/\/ahassan.inscastellbisbal.net\/wp-content\/uploads\/2025\/11\/20251105_111805-2-768x576.jpg 768w, https:\/\/ahassan.inscastellbisbal.net\/wp-content\/uploads\/2025\/11\/20251105_111805-2-1536x1152.jpg 1536w, https:\/\/ahassan.inscastellbisbal.net\/wp-content\/uploads\/2025\/11\/20251105_111805-2-2048x1536.jpg 2048w\" sizes=\"auto, (max-width: 1024px) 100vw, 1024px\" \/><\/figure>\n\n\n\n<p>i despr\u00e9s la <strong>instal\u00b7laci\u00f3<\/strong> del tipus de disc i la versi\u00f3 de <strong>Linux<\/strong><\/p>\n\n\n\n<figure class=\"wp-block-image size-large is-resized\"><img loading=\"lazy\" decoding=\"async\" width=\"1024\" height=\"768\" src=\"https:\/\/ahassan.inscastellbisbal.net\/wp-content\/uploads\/2025\/11\/20251105_112036-2-1024x768.jpg\" alt=\"\" class=\"wp-image-962\" style=\"width:430px;height:auto\" srcset=\"https:\/\/ahassan.inscastellbisbal.net\/wp-content\/uploads\/2025\/11\/20251105_112036-2-1024x768.jpg 1024w, https:\/\/ahassan.inscastellbisbal.net\/wp-content\/uploads\/2025\/11\/20251105_112036-2-300x225.jpg 300w, https:\/\/ahassan.inscastellbisbal.net\/wp-content\/uploads\/2025\/11\/20251105_112036-2-768x576.jpg 768w, https:\/\/ahassan.inscastellbisbal.net\/wp-content\/uploads\/2025\/11\/20251105_112036-2-1536x1152.jpg 1536w, https:\/\/ahassan.inscastellbisbal.net\/wp-content\/uploads\/2025\/11\/20251105_112036-2-2048x1536.jpg 2048w\" sizes=\"auto, (max-width: 1024px) 100vw, 1024px\" \/><\/figure>\n\n\n\n<p>i despr\u00e9s feu <strong>clic<\/strong> a l&#8217;opci\u00f3 de <strong>continuar<\/strong><\/p>\n\n\n\n<figure class=\"wp-block-image size-large is-resized\"><img loading=\"lazy\" decoding=\"async\" width=\"1024\" height=\"768\" src=\"https:\/\/ahassan.inscastellbisbal.net\/wp-content\/uploads\/2025\/11\/20251105_112052-2-1024x768.jpg\" alt=\"\" class=\"wp-image-963\" style=\"width:430px;height:auto\" srcset=\"https:\/\/ahassan.inscastellbisbal.net\/wp-content\/uploads\/2025\/11\/20251105_112052-2-1024x768.jpg 1024w, https:\/\/ahassan.inscastellbisbal.net\/wp-content\/uploads\/2025\/11\/20251105_112052-2-300x225.jpg 300w, https:\/\/ahassan.inscastellbisbal.net\/wp-content\/uploads\/2025\/11\/20251105_112052-2-768x576.jpg 768w, https:\/\/ahassan.inscastellbisbal.net\/wp-content\/uploads\/2025\/11\/20251105_112052-2-1536x1152.jpg 1536w, https:\/\/ahassan.inscastellbisbal.net\/wp-content\/uploads\/2025\/11\/20251105_112052-2-2048x1536.jpg 2048w\" sizes=\"auto, (max-width: 1024px) 100vw, 1024px\" \/><\/figure>\n\n\n\n<p>despr\u00e9s d&#8217;aix\u00f2, heu de seleccionar la vostra <strong>ubicaci\u00f3<\/strong>, \u00e9s a dir, en quina part del <strong>m\u00f3n<\/strong>, us trobeu i en quina <strong>ciutat<\/strong>, del <strong>pa\u00eds<\/strong>.<\/p>\n\n\n\n<figure class=\"wp-block-image size-large is-resized\"><img loading=\"lazy\" decoding=\"async\" width=\"1024\" height=\"768\" src=\"https:\/\/ahassan.inscastellbisbal.net\/wp-content\/uploads\/2025\/11\/20251105_112104-2-1024x768.jpg\" alt=\"\" class=\"wp-image-964\" style=\"width:434px;height:auto\" srcset=\"https:\/\/ahassan.inscastellbisbal.net\/wp-content\/uploads\/2025\/11\/20251105_112104-2-1024x768.jpg 1024w, https:\/\/ahassan.inscastellbisbal.net\/wp-content\/uploads\/2025\/11\/20251105_112104-2-300x225.jpg 300w, https:\/\/ahassan.inscastellbisbal.net\/wp-content\/uploads\/2025\/11\/20251105_112104-2-768x576.jpg 768w, https:\/\/ahassan.inscastellbisbal.net\/wp-content\/uploads\/2025\/11\/20251105_112104-2-1536x1152.jpg 1536w, https:\/\/ahassan.inscastellbisbal.net\/wp-content\/uploads\/2025\/11\/20251105_112104-2-2048x1536.jpg 2048w\" sizes=\"auto, (max-width: 1024px) 100vw, 1024px\" \/><\/figure>\n\n\n\n<p>despr\u00e9s de tot aix\u00f2, heu de <strong>nomenar<\/strong> el vostre nom d&#8217;<strong>usuari<\/strong> i una <strong>contrasenya<\/strong> forta que recordeu,<\/p>\n\n\n\n<figure class=\"wp-block-image size-large is-resized\"><img loading=\"lazy\" decoding=\"async\" width=\"1024\" height=\"768\" src=\"https:\/\/ahassan.inscastellbisbal.net\/wp-content\/uploads\/2025\/11\/20251105_112333-2-1024x768.jpg\" alt=\"\" class=\"wp-image-965\" style=\"width:437px;height:auto\" srcset=\"https:\/\/ahassan.inscastellbisbal.net\/wp-content\/uploads\/2025\/11\/20251105_112333-2-1024x768.jpg 1024w, https:\/\/ahassan.inscastellbisbal.net\/wp-content\/uploads\/2025\/11\/20251105_112333-2-300x225.jpg 300w, https:\/\/ahassan.inscastellbisbal.net\/wp-content\/uploads\/2025\/11\/20251105_112333-2-768x576.jpg 768w, https:\/\/ahassan.inscastellbisbal.net\/wp-content\/uploads\/2025\/11\/20251105_112333-2-1536x1152.jpg 1536w, https:\/\/ahassan.inscastellbisbal.net\/wp-content\/uploads\/2025\/11\/20251105_112333-2-2048x1536.jpg 2048w\" sizes=\"auto, (max-width: 1024px) 100vw, 1024px\" \/><\/figure>\n\n\n\n<p>i despr\u00e9s deixa que <strong>s&#8217;instal\u00b7li<\/strong> i espera fins que s&#8217;<strong>instal\u00b7li<\/strong><\/p>\n\n\n\n<figure class=\"wp-block-image size-large is-resized\"><img loading=\"lazy\" decoding=\"async\" width=\"1024\" height=\"768\" src=\"https:\/\/ahassan.inscastellbisbal.net\/wp-content\/uploads\/2025\/11\/20251105_112403-1-1024x768.jpg\" alt=\"\" class=\"wp-image-966\" style=\"width:433px;height:auto\" srcset=\"https:\/\/ahassan.inscastellbisbal.net\/wp-content\/uploads\/2025\/11\/20251105_112403-1-1024x768.jpg 1024w, https:\/\/ahassan.inscastellbisbal.net\/wp-content\/uploads\/2025\/11\/20251105_112403-1-300x225.jpg 300w, https:\/\/ahassan.inscastellbisbal.net\/wp-content\/uploads\/2025\/11\/20251105_112403-1-768x576.jpg 768w, https:\/\/ahassan.inscastellbisbal.net\/wp-content\/uploads\/2025\/11\/20251105_112403-1-1536x1152.jpg 1536w, https:\/\/ahassan.inscastellbisbal.net\/wp-content\/uploads\/2025\/11\/20251105_112403-1-2048x1536.jpg 2048w\" sizes=\"auto, (max-width: 1024px) 100vw, 1024px\" \/><\/figure>\n\n\n\n<p>i ja est\u00e0, ja tens el teu <strong>usuari<\/strong> creat i <strong>recorda<\/strong> que no <strong>oblidis<\/strong> la <strong>contrasenya<\/strong>.<\/p>\n","protected":false},"excerpt":{"rendered":"<p>Primer de tot, agafeu l&#8217;estaci\u00f3 d&#8217;acoblament Ultraslim(Ultraslim Docking Station) i connecteu-hi l&#8217;ordinador i, a continuaci\u00f3, connecteu-hi l&#8217;USB on teniu instal\u00b7lat el Linux.Despr\u00e9s de connectar l&#8217;USB, el Linux apareixer\u00e0 a la p\u00e0gina. despr\u00e9s feu clic al Linux que teniu instal\u00b7lat. despr\u00e9s que aix\u00f2 aparegui a la p\u00e0gina, heu de seleccionar l&#8217;idioma [&hellip;]<\/p>\n","protected":false},"author":1,"featured_media":0,"parent":828,"menu_order":0,"comment_status":"closed","ping_status":"closed","template":"","meta":{"footnotes":""},"class_list":["post-933","page","type-page","status-publish","hentry"],"_links":{"self":[{"href":"https:\/\/ahassan.inscastellbisbal.net\/index.php?rest_route=\/wp\/v2\/pages\/933","targetHints":{"allow":["GET"]}}],"collection":[{"href":"https:\/\/ahassan.inscastellbisbal.net\/index.php?rest_route=\/wp\/v2\/pages"}],"about":[{"href":"https:\/\/ahassan.inscastellbisbal.net\/index.php?rest_route=\/wp\/v2\/types\/page"}],"author":[{"embeddable":true,"href":"https:\/\/ahassan.inscastellbisbal.net\/index.php?rest_route=\/wp\/v2\/users\/1"}],"replies":[{"embeddable":true,"href":"https:\/\/ahassan.inscastellbisbal.net\/index.php?rest_route=%2Fwp%2Fv2%2Fcomments&post=933"}],"version-history":[{"count":1,"href":"https:\/\/ahassan.inscastellbisbal.net\/index.php?rest_route=\/wp\/v2\/pages\/933\/revisions"}],"predecessor-version":[{"id":968,"href":"https:\/\/ahassan.inscastellbisbal.net\/index.php?rest_route=\/wp\/v2\/pages\/933\/revisions\/968"}],"up":[{"embeddable":true,"href":"https:\/\/ahassan.inscastellbisbal.net\/index.php?rest_route=\/wp\/v2\/pages\/828"}],"wp:attachment":[{"href":"https:\/\/ahassan.inscastellbisbal.net\/index.php?rest_route=%2Fwp%2Fv2%2Fmedia&parent=933"}],"curies":[{"name":"wp","href":"https:\/\/api.w.org\/{rel}","templated":true}]}}