{"id":975,"date":"2025-11-07T17:32:59","date_gmt":"2025-11-07T16:32:59","guid":{"rendered":"https:\/\/ahassan.inscastellbisbal.net\/?page_id=975"},"modified":"2025-12-17T08:27:39","modified_gmt":"2025-12-17T07:27:39","slug":"configuracio-dentorn-dusuari","status":"publish","type":"page","link":"https:\/\/ahassan.inscastellbisbal.net\/?page_id=975","title":{"rendered":"Configuraci\u00f3 d&#8217;entorn d&#8217;usuari"},"content":{"rendered":"\n<p>per a la configuraci\u00f3 de l&#8217;entorn d&#8217;usuari heu de crear un grup d&#8217;usuaris amb el nom de tots els membres del vostre equip.<\/p>\n\n\n\n<figure class=\"wp-block-image size-large is-resized\"><img loading=\"lazy\" decoding=\"async\" width=\"1024\" height=\"768\" src=\"https:\/\/ahassan.inscastellbisbal.net\/wp-content\/uploads\/2025\/11\/20251112_083053-1024x768.jpg\" alt=\"\" class=\"wp-image-1077\" style=\"width:399px;height:auto\" srcset=\"https:\/\/ahassan.inscastellbisbal.net\/wp-content\/uploads\/2025\/11\/20251112_083053-1024x768.jpg 1024w, https:\/\/ahassan.inscastellbisbal.net\/wp-content\/uploads\/2025\/11\/20251112_083053-300x225.jpg 300w, https:\/\/ahassan.inscastellbisbal.net\/wp-content\/uploads\/2025\/11\/20251112_083053-768x576.jpg 768w, https:\/\/ahassan.inscastellbisbal.net\/wp-content\/uploads\/2025\/11\/20251112_083053-1536x1152.jpg 1536w, https:\/\/ahassan.inscastellbisbal.net\/wp-content\/uploads\/2025\/11\/20251112_083053-2048x1536.jpg 2048w\" sizes=\"auto, (max-width: 1024px) 100vw, 1024px\" \/><\/figure>\n\n\n\n<p>per exemple, aqu\u00ed he creat els usuaris i el grup.<\/p>\n\n\n\n<figure class=\"wp-block-image size-large is-resized\"><img loading=\"lazy\" decoding=\"async\" width=\"1024\" height=\"768\" src=\"https:\/\/ahassan.inscastellbisbal.net\/wp-content\/uploads\/2025\/11\/20251112_083814-1024x768.jpg\" alt=\"\" class=\"wp-image-1080\" style=\"width:411px;height:auto\" srcset=\"https:\/\/ahassan.inscastellbisbal.net\/wp-content\/uploads\/2025\/11\/20251112_083814-1024x768.jpg 1024w, https:\/\/ahassan.inscastellbisbal.net\/wp-content\/uploads\/2025\/11\/20251112_083814-300x225.jpg 300w, https:\/\/ahassan.inscastellbisbal.net\/wp-content\/uploads\/2025\/11\/20251112_083814-768x576.jpg 768w, https:\/\/ahassan.inscastellbisbal.net\/wp-content\/uploads\/2025\/11\/20251112_083814-1536x1152.jpg 1536w, https:\/\/ahassan.inscastellbisbal.net\/wp-content\/uploads\/2025\/11\/20251112_083814-2048x1536.jpg 2048w\" sizes=\"auto, (max-width: 1024px) 100vw, 1024px\" \/><\/figure>\n\n\n\n<p>ara per al Moodle primer has de tenir una bona connexi\u00f3 a Internet i anar al terminal del teu port\u00e0til i crear un usuari anomenat (Player)<\/p>\n\n\n\n<figure class=\"wp-block-image size-large is-resized\"><img loading=\"lazy\" decoding=\"async\" width=\"1024\" height=\"768\" src=\"https:\/\/ahassan.inscastellbisbal.net\/wp-content\/uploads\/2025\/11\/20251112_111512-1024x768.jpg\" alt=\"\" class=\"wp-image-1083\" style=\"width:406px;height:auto\" srcset=\"https:\/\/ahassan.inscastellbisbal.net\/wp-content\/uploads\/2025\/11\/20251112_111512-1024x768.jpg 1024w, https:\/\/ahassan.inscastellbisbal.net\/wp-content\/uploads\/2025\/11\/20251112_111512-300x225.jpg 300w, https:\/\/ahassan.inscastellbisbal.net\/wp-content\/uploads\/2025\/11\/20251112_111512-768x576.jpg 768w, https:\/\/ahassan.inscastellbisbal.net\/wp-content\/uploads\/2025\/11\/20251112_111512-1536x1152.jpg 1536w, https:\/\/ahassan.inscastellbisbal.net\/wp-content\/uploads\/2025\/11\/20251112_111512-2048x1536.jpg 2048w\" sizes=\"auto, (max-width: 1024px) 100vw, 1024px\" \/><\/figure>\n\n\n\n<p>El compte <em>player<\/em> no disposa de cap autoritzaci\u00f3; en iniciar sessi\u00f3 et redirigeix autom\u00e0ticament al Moodle i les tecles queden deshabilitades.<\/p>\n\n\n\n<h1 class=\"wp-block-heading has-text-align-center\">Alt<\/h1>\n\n\n\n<p>xmodmap -e \u201ckeycode 64 =\u201d&amp; # Alt izquierda<br>xmodmap -e \u201ckeycode 108 =\u201d&amp; # Alt derecha<\/p>\n\n\n\n<h1 class=\"wp-block-heading has-text-align-center\">Ctrl<\/h1>\n\n\n\n<p>xmodmap -e \u201ckeycode 37 =\u201d&amp; # Ctrl izquierda<br>xmodmap -e \u201ckeycode 105 =\u201d&amp; # Ctrl derecha<\/p>\n\n\n\n<h1 class=\"wp-block-heading has-text-align-center\">Tab<\/h1>\n\n\n\n<p>xmodmap -e \u201ckeycode 23 =\u201d&amp; # Tab<\/p>\n\n\n\n<h1 class=\"wp-block-heading has-text-align-center\">Windows<\/h1>\n\n\n\n<p>xmodmap -e \u201ckeycode 133 =\u201d&amp;<br>xmodmap -e \u201ckeycode 134 =\u201d&amp;<br>)&amp;<\/p>\n\n\n\n<figure class=\"wp-block-image size-large is-resized\"><img loading=\"lazy\" decoding=\"async\" width=\"1024\" height=\"768\" src=\"https:\/\/ahassan.inscastellbisbal.net\/wp-content\/uploads\/2025\/12\/20251212_0817561-1024x768.jpg\" alt=\"\" class=\"wp-image-1333\" style=\"width:459px;height:auto\" srcset=\"https:\/\/ahassan.inscastellbisbal.net\/wp-content\/uploads\/2025\/12\/20251212_0817561-1024x768.jpg 1024w, https:\/\/ahassan.inscastellbisbal.net\/wp-content\/uploads\/2025\/12\/20251212_0817561-300x225.jpg 300w, https:\/\/ahassan.inscastellbisbal.net\/wp-content\/uploads\/2025\/12\/20251212_0817561-768x576.jpg 768w, https:\/\/ahassan.inscastellbisbal.net\/wp-content\/uploads\/2025\/12\/20251212_0817561-1536x1152.jpg 1536w, https:\/\/ahassan.inscastellbisbal.net\/wp-content\/uploads\/2025\/12\/20251212_0817561-2048x1536.jpg 2048w\" sizes=\"auto, (max-width: 1024px) 100vw, 1024px\" \/><\/figure>\n\n\n\n<p>llavors has d\u2019escriure aquesta <strong>commanda<\/strong>, \u00e9s per aix\u00f2 que no te\u2019n pots <strong>sortir<\/strong>.<\/p>\n\n\n<p>#!\/bin\/bash<\/p>\n<p>firefox &#8211;kiosk http:\/\/educaciodigital.cat\/iescastellbisbal\/moodle\/<\/p>\n\n\n\n<p>despr\u00e9s feu clic a Intro i ja est\u00e0, la p\u00e0gina de Moodle s&#8217;obrir\u00e0 a la pantalla.<\/p>\n\n\n\n<figure class=\"wp-block-image size-large is-resized\"><img loading=\"lazy\" decoding=\"async\" width=\"1024\" height=\"768\" src=\"https:\/\/ahassan.inscastellbisbal.net\/wp-content\/uploads\/2025\/11\/20251112_111520-1024x768.jpg\" alt=\"\" class=\"wp-image-1085\" style=\"width:458px;height:auto\" srcset=\"https:\/\/ahassan.inscastellbisbal.net\/wp-content\/uploads\/2025\/11\/20251112_111520-1024x768.jpg 1024w, https:\/\/ahassan.inscastellbisbal.net\/wp-content\/uploads\/2025\/11\/20251112_111520-300x225.jpg 300w, https:\/\/ahassan.inscastellbisbal.net\/wp-content\/uploads\/2025\/11\/20251112_111520-768x576.jpg 768w, https:\/\/ahassan.inscastellbisbal.net\/wp-content\/uploads\/2025\/11\/20251112_111520-1536x1152.jpg 1536w, https:\/\/ahassan.inscastellbisbal.net\/wp-content\/uploads\/2025\/11\/20251112_111520-2048x1536.jpg 2048w\" sizes=\"auto, (max-width: 1024px) 100vw, 1024px\" \/><\/figure>\n\n\n\n<p><\/p>\n","protected":false},"excerpt":{"rendered":"<p>per a la configuraci\u00f3 de l&#8217;entorn d&#8217;usuari heu de crear un grup d&#8217;usuaris amb el nom de tots els membres del vostre equip. per exemple, aqu\u00ed he creat els usuaris i el grup. ara per al Moodle primer has de tenir una bona connexi\u00f3 a Internet i anar al terminal [&hellip;]<\/p>\n","protected":false},"author":1,"featured_media":0,"parent":828,"menu_order":0,"comment_status":"closed","ping_status":"closed","template":"","meta":{"footnotes":""},"class_list":["post-975","page","type-page","status-publish","hentry"],"_links":{"self":[{"href":"https:\/\/ahassan.inscastellbisbal.net\/index.php?rest_route=\/wp\/v2\/pages\/975","targetHints":{"allow":["GET"]}}],"collection":[{"href":"https:\/\/ahassan.inscastellbisbal.net\/index.php?rest_route=\/wp\/v2\/pages"}],"about":[{"href":"https:\/\/ahassan.inscastellbisbal.net\/index.php?rest_route=\/wp\/v2\/types\/page"}],"author":[{"embeddable":true,"href":"https:\/\/ahassan.inscastellbisbal.net\/index.php?rest_route=\/wp\/v2\/users\/1"}],"replies":[{"embeddable":true,"href":"https:\/\/ahassan.inscastellbisbal.net\/index.php?rest_route=%2Fwp%2Fv2%2Fcomments&post=975"}],"version-history":[{"count":6,"href":"https:\/\/ahassan.inscastellbisbal.net\/index.php?rest_route=\/wp\/v2\/pages\/975\/revisions"}],"predecessor-version":[{"id":1335,"href":"https:\/\/ahassan.inscastellbisbal.net\/index.php?rest_route=\/wp\/v2\/pages\/975\/revisions\/1335"}],"up":[{"embeddable":true,"href":"https:\/\/ahassan.inscastellbisbal.net\/index.php?rest_route=\/wp\/v2\/pages\/828"}],"wp:attachment":[{"href":"https:\/\/ahassan.inscastellbisbal.net\/index.php?rest_route=%2Fwp%2Fv2%2Fmedia&parent=975"}],"curies":[{"name":"wp","href":"https:\/\/api.w.org\/{rel}","templated":true}]}}